{"id":4039,"date":"2024-06-10T14:52:29","date_gmt":"2024-06-10T12:52:29","guid":{"rendered":"https:\/\/www.alcor-equipements.com\/tribune-couverte\/"},"modified":"2026-01-27T14:10:36","modified_gmt":"2026-01-27T13:10:36","slug":"tribuna-coperta","status":"publish","type":"page","link":"https:\/\/www.alcor-equipements.com\/it\/tribuna-coperta\/","title":{"rendered":"Tribuna coperta"},"content":{"rendered":"\n<p><\/p>\n\n\n\n<div class=\"wp-block-cover alignfull is-light deco\"><img loading=\"lazy\" decoding=\"async\" width=\"2048\" height=\"1534\" class=\"wp-block-cover__image-background wp-image-1089\" alt=\"Cadre Noir Pontorson Mont Saint Michel 5104 places 4 tribunes modulaires \u00e9v\u00e8nementielles\" src=\"http:\/\/www.alcor-equipements.com\/wp-content\/uploads\/2024\/04\/alcor-1690274801211.jpg\" data-object-fit=\"cover\" srcset=\"https:\/\/www.alcor-equipements.com\/wp-content\/uploads\/2024\/04\/alcor-1690274801211.jpg 2048w, https:\/\/www.alcor-equipements.com\/wp-content\/uploads\/2024\/04\/alcor-1690274801211-300x225.jpg 300w, https:\/\/www.alcor-equipements.com\/wp-content\/uploads\/2024\/04\/alcor-1690274801211-1024x767.jpg 1024w, https:\/\/www.alcor-equipements.com\/wp-content\/uploads\/2024\/04\/alcor-1690274801211-768x575.jpg 768w, https:\/\/www.alcor-equipements.com\/wp-content\/uploads\/2024\/04\/alcor-1690274801211-1536x1151.jpg 1536w, https:\/\/www.alcor-equipements.com\/wp-content\/uploads\/2024\/04\/alcor-1690274801211-170x127.jpg 170w\" sizes=\"auto, (max-width: 2048px) 100vw, 2048px\" \/><span aria-hidden=\"true\" class=\"wp-block-cover__background has-white-background-color has-background-dim-80 has-background-dim\"><\/span><div class=\"wp-block-cover__inner-container is-layout-flow wp-block-cover-is-layout-flow\">\n<div style=\"height:50px\" aria-hidden=\"true\" class=\"wp-block-spacer\"><\/div>\n\n\n\n<h1 class=\"wp-block-heading has-text-align-center is-style-main_title has-main-color-color has-text-color\">Tribuna coperta: vendita e noleggio con ALCOR \u00c9quipements<\/h1>\n\n\n\n<hr class=\"wp-block-separator has-text-color has-snd-color-color has-alpha-channel-opacity has-snd-color-background-color has-background\"\/>\n\n\n\n<p class=\"has-text-align-center has-main-color-color has-text-color has-link-color wp-elements-2e30d95b65311f47bfe582cc8e86e65c\">State cercando una <strong>tribuna coperta modulare<\/strong> per un&#8217;installazione permanente o temporanea? In Italia o all\u2019estero? Siete nel posto giusto. Con ALCOR \u00c9quipements, trovate la soluzione ideale per l&#8217;acquisto o il noleggio di tribune coperte, perfettamente adattate ai vostri eventi e al vostro pubblico. Qualit\u00e0, sicurezza e professionalit\u00e0 sono garantite in ogni fase del processo.<\/p>\n\n\n\n<div style=\"height:50px\" aria-hidden=\"true\" class=\"wp-block-spacer\"><\/div>\n<\/div><\/div>\n\n\n\n<div class=\"wp-block-cover alignfull\" style=\"padding-top:7.5rem;padding-right:0rem;padding-bottom:7.5rem;padding-left:0rem\"><img loading=\"lazy\" decoding=\"async\" width=\"2048\" height=\"1536\" class=\"wp-block-cover__image-background wp-image-1099\" alt=\"\" src=\"http:\/\/www.alcor-equipements.com\/wp-content\/uploads\/2024\/04\/alcor-img_3040-scaled.jpg\" data-object-fit=\"cover\" srcset=\"https:\/\/www.alcor-equipements.com\/wp-content\/uploads\/2024\/04\/alcor-img_3040-scaled.jpg 2048w, https:\/\/www.alcor-equipements.com\/wp-content\/uploads\/2024\/04\/alcor-img_3040-300x225.jpg 300w, https:\/\/www.alcor-equipements.com\/wp-content\/uploads\/2024\/04\/alcor-img_3040-1024x768.jpg 1024w, https:\/\/www.alcor-equipements.com\/wp-content\/uploads\/2024\/04\/alcor-img_3040-768x576.jpg 768w, https:\/\/www.alcor-equipements.com\/wp-content\/uploads\/2024\/04\/alcor-img_3040-1536x1152.jpg 1536w, https:\/\/www.alcor-equipements.com\/wp-content\/uploads\/2024\/04\/alcor-img_3040-170x128.jpg 170w\" sizes=\"auto, (max-width: 2048px) 100vw, 2048px\" \/><span aria-hidden=\"true\" class=\"wp-block-cover__background has-main-color-background-color has-background-dim-70 has-background-dim\"><\/span><div class=\"wp-block-cover__inner-container is-layout-flow wp-block-cover-is-layout-flow\">\n<div class=\"wp-block-columns alignwide is-layout-flex wp-container-core-columns-is-layout-9d6595d7 wp-block-columns-is-layout-flex\">\n<div class=\"wp-block-column is-layout-flow wp-block-column-is-layout-flow\" style=\"padding-top:0;padding-right:0;padding-bottom:0;padding-left:0;flex-basis:50%\">\n<div class=\"wp-block-group alignfull\" style=\"padding-top:0;padding-right:var(--wp--preset--spacing--30);padding-bottom:0;padding-left:0\"><div class=\"wp-block-group__inner-container is-layout-constrained wp-container-core-group-is-layout-bb789ed2 wp-block-group-is-layout-constrained\">\n<h2 class=\"wp-block-heading alignfull has-text-align-left is-style-fourth_title has-white-color has-text-color\"><strong>Perch\u00e9 scegliere una tribuna coperta?<\/strong><\/h2>\n\n\n\n<hr class=\"wp-block-separator alignleft has-text-color has-snd-color-color has-alpha-channel-opacity has-snd-color-background-color has-background\"\/>\n\n\n\n<p>Optare per una tribuna coperta offre numerosi vantaggi per eventi sportivi, culturali o festivi. Che si tratti di una competizione, di un concerto, di uno spettacolo o di una conferenza all&#8217;aperto, una tribuna coperta garantisce una soluzione confortevole e funzionale per accogliere il pubblico.<\/p>\n\n\n\n<p><strong>Protezione contro le intemperie<\/strong><\/p>\n\n\n\n<p class=\"has-white-color has-text-color has-link-color wp-elements-7acefcb3a7bf100121d0aa676cbb299b\">Quando si organizza un evento con largo anticipo, le condizioni meteorologiche rappresentano sempre un\u2019incognita. Con una tribuna coperta, siete preparati a qualsiasi eventualit\u00e0, anche se la pioggia sembra improbabile. Qualunque sia il tempo, gli spettatori potranno godere della manifestazione in condizioni ottimali, grazie a questo spazio coperto.<\/p>\n<\/div><\/div>\n<\/div>\n\n\n\n<div class=\"wp-block-column is-layout-flow wp-block-column-is-layout-flow\" style=\"flex-basis:50%\">\n<div class=\"wp-block-group\" style=\"padding-top:0;padding-right:var(--wp--preset--spacing--30);padding-bottom:0;padding-left:0\"><div class=\"wp-block-group__inner-container is-layout-constrained wp-container-core-group-is-layout-bb789ed2 wp-block-group-is-layout-constrained\">\n<p><strong>Comfort durante l\u2019estate<\/strong><\/p>\n\n\n\n<p>Non \u00e8 solo la pioggia a minacciare il successo di un evento. Con l&#8217;aumento delle ondate di calore, il sole pu\u00f2 essere altrettanto fastidioso. Il tetto di una tribuna coperta diventa quindi indispensabile per offrire un&#8217;accoglienza confortevole al pubblico.<\/p>\n\n\n\n<p><strong>Valorizzazione dell\u2019evento<\/strong><\/p>\n\n\n\n<p>Una<strong> tribuna coperta <\/strong>trasmette un\u2019immagine di professionalit\u00e0 e organizzazione impeccabile. Questo comfort aggiuntivo pu\u00f2 attirare un maggior numero di spettatori, riducendo l\u2019impatto di eventuali condizioni meteorologiche sfavorevoli sulla percezione della qualit\u00e0 dell\u2019evento.<\/p>\n\n\n\n<ul class=\"wp-block-list\">\n<li class=\"has-white-color has-text-color has-link-color wp-elements-286795ab9a497c5ac6d661eec03d7498\"><a href=\"https:\/\/www.alcor-equipements.com\/it\/gradinate-50-posti\/\">Gradinate 50 posti<\/a><\/li>\n<\/ul>\n\n\n\n<div class=\"wp-block-buttons is-content-justification-center is-layout-flex wp-container-core-buttons-is-layout-16018d1d wp-block-buttons-is-layout-flex\">\n<div class=\"wp-block-button is-style-fill-light\"><a class=\"wp-block-button__link wp-element-button\" href=\"https:\/\/www.alcor-equipements.com\/it\/contact\/\">PREVENTIVO GRATUITO<\/a><\/div>\n<\/div>\n<\/div><\/div>\n<\/div>\n<\/div>\n<\/div><\/div>\n\n\n\n<div class=\"wp-block-media-text alignwide is-stacked-on-mobile is-vertically-aligned-top is-image-fill-element photo_texte\" style=\"padding-top:80px;padding-bottom:80px\"><figure class=\"wp-block-media-text__media\"><img loading=\"lazy\" decoding=\"async\" width=\"1024\" height=\"768\" src=\"https:\/\/www.alcor-equipements.com\/wp-content\/uploads\/2024\/04\/alcor-2022_aix-en-provence_stade-maurice-david_2608pl_planchers-met_sieges-rabattables-gp_rugby-1024x768.jpg\" alt=\"Aix en Provence Stade Maurice David 2608 places\" class=\"wp-image-1131 size-full\" style=\"object-position:50% 50%\" srcset=\"https:\/\/www.alcor-equipements.com\/wp-content\/uploads\/2024\/04\/alcor-2022_aix-en-provence_stade-maurice-david_2608pl_planchers-met_sieges-rabattables-gp_rugby-1024x768.jpg 1024w, https:\/\/www.alcor-equipements.com\/wp-content\/uploads\/2024\/04\/alcor-2022_aix-en-provence_stade-maurice-david_2608pl_planchers-met_sieges-rabattables-gp_rugby-300x225.jpg 300w, https:\/\/www.alcor-equipements.com\/wp-content\/uploads\/2024\/04\/alcor-2022_aix-en-provence_stade-maurice-david_2608pl_planchers-met_sieges-rabattables-gp_rugby-768x576.jpg 768w, https:\/\/www.alcor-equipements.com\/wp-content\/uploads\/2024\/04\/alcor-2022_aix-en-provence_stade-maurice-david_2608pl_planchers-met_sieges-rabattables-gp_rugby-1536x1152.jpg 1536w, https:\/\/www.alcor-equipements.com\/wp-content\/uploads\/2024\/04\/alcor-2022_aix-en-provence_stade-maurice-david_2608pl_planchers-met_sieges-rabattables-gp_rugby-2048x1536.jpg 2048w, https:\/\/www.alcor-equipements.com\/wp-content\/uploads\/2024\/04\/alcor-2022_aix-en-provence_stade-maurice-david_2608pl_planchers-met_sieges-rabattables-gp_rugby-170x128.jpg 170w\" sizes=\"auto, (max-width: 1024px) 100vw, 1024px\" \/><\/figure><div class=\"wp-block-media-text__content\">\n<h2 class=\"wp-block-heading is-style-fourth_title\">Perch\u00e9 scegliere ALCOR \u00c9quipements per le tribune coperte modulari?<\/h2>\n\n\n\n<p>ALCOR \u00c9quipements \u00e8 un&#8217;azienda riconosciuta a livello mondiale per la sua esperienza nelle tribune modulari. Offriamo sia la vendita che il noleggio di tribune coperte di ogni dimensione. Scegliendoci, avete la certezza di fare la scelta giusta.<\/p>\n\n\n\n<p><strong>Competenza e qualit\u00e0<\/strong><\/p>\n\n\n\n<p>Con oltre 30 anni di esperienza, progettiamo, vendiamo e noleggiamo <a href=\"https:\/\/www.alcor-equipements.com\/it\/tribune-stadio\/\">tribune coperte di stadio<\/a> di alta qualit\u00e0, rispettando le pi\u00f9 severe normative di sicurezza. Siamo il partner ideale per club sportivi (professionisti e dilettanti), organizzatori di grandi eventi e amministrazioni locali.<\/p>\n\n\n\n<p><strong>Soluzioni su misura<\/strong><\/p>\n\n\n\n<p>Ogni evento \u00e8 unico, cos\u00ec come le esigenze di ogni cliente. Offriamo una vasta gamma di opzioni di personalizzazione per creare la tribuna coperta perfetta: colori dei sedili, configurazioni delle file, rampe di accesso, parapetti, protezioni laterali, logge VIP, spazi per la stampa, e molto altro. Realizziamo anche mini tribune coperte per campi di allenamento.<\/p>\n\n\n\n<p><strong>Installazione rapida ed efficiente<\/strong><\/p>\n\n\n\n<p>Grazie al nostro sistema brevettato senza viti n\u00e9 bulloni, le <a href=\"https:\/\/www.alcor-equipements.com\/it\/tribune-prefabbricate-modulari\/\">tribune prefabbricate modulari<\/a>, sia in vendita che a noleggio, si installano rapidamente. La modularit\u00e0 consente inoltre di adattare e far evolvere le tribune in base alle necessit\u00e0. Offriamo servizi personalizzati per il montaggio e lo smontaggio, con soluzioni chiavi in mano o con il supporto dei nostri esperti.<\/p>\n<\/div><\/div>\n\n\n\n<div class=\"wp-block-media-text alignwide has-media-on-the-right is-stacked-on-mobile is-vertically-aligned-top is-image-fill-element photo_texte\" style=\"padding-top:80px;padding-bottom:80px\"><div class=\"wp-block-media-text__content\">\n<h2 class=\"wp-block-heading is-style-fourth_title\">Le nostre soluzioni di tribune coperte<\/h2>\n\n\n\n<p>Da ALCOR \u00c9quipements trovate una vasta gamma di <a href=\"https:\/\/www.alcor-equipements.com\/it\/dimensioni-tribuna\/\">tribune coperte di ogni dimensione<\/a>, per soddisfare le vostre esigenze. Collaboriamo con grandi organizzazioni, come le 24 Ore di Le Mans, fornendo tribune per decine di migliaia di spettatori. Ma siamo anche al servizio di eventi locali con tribune pi\u00f9 piccole.<\/p>\n\n\n\n<p>Che abbiate bisogno di una <a href=\"https:\/\/www.alcor-equipements.com\/it\/tribuna-coperta-abristade\/\">piccola tribuna coperta Abristade<\/a>, di acquistare una da 300 posti, o di noleggiare una da 500 posti, il nostro sistema modulare si adatta a ogni richiesta.<\/p>\n\n\n\n<p>Ti stai chiedendo quanto possa costare l&#8217;installazione di una gradinata? Trovi tutte le risposte nel nostro articolo sul <a href=\"https:\/\/www.alcor-equipements.com\/it\/costi-tribune-stadio\/\" target=\"_blank\" rel=\"noreferrer noopener\">preventivo per tribune stadio<\/a>.<\/p>\n\n\n\n<ul class=\"wp-block-list\">\n<li><a href=\"https:\/\/www.alcor-equipements.com\/it\/campo-calcio-mobile\/\">Campo di calcio mobile<\/a><\/li>\n\n\n\n<li><a href=\"https:\/\/www.alcor-equipements.com\/it\/stadio-temporaneo\/\">Tribuna temporanea Italia<\/a><\/li>\n<\/ul>\n<\/div><figure class=\"wp-block-media-text__media\"><img loading=\"lazy\" decoding=\"async\" width=\"1024\" height=\"768\" src=\"https:\/\/www.alcor-equipements.com\/wp-content\/uploads\/2024\/04\/alcor-hqjx9556-1024x768.jpg\" alt=\"Abristade Troyes\" class=\"wp-image-1057 size-full\" style=\"object-position:50% 50%\" srcset=\"https:\/\/www.alcor-equipements.com\/wp-content\/uploads\/2024\/04\/alcor-hqjx9556-1024x768.jpg 1024w, https:\/\/www.alcor-equipements.com\/wp-content\/uploads\/2024\/04\/alcor-hqjx9556-300x225.jpg 300w, https:\/\/www.alcor-equipements.com\/wp-content\/uploads\/2024\/04\/alcor-hqjx9556-768x576.jpg 768w, https:\/\/www.alcor-equipements.com\/wp-content\/uploads\/2024\/04\/alcor-hqjx9556-1536x1152.jpg 1536w, https:\/\/www.alcor-equipements.com\/wp-content\/uploads\/2024\/04\/alcor-hqjx9556-2048x1536.jpg 2048w, https:\/\/www.alcor-equipements.com\/wp-content\/uploads\/2024\/04\/alcor-hqjx9556-170x128.jpg 170w\" sizes=\"auto, (max-width: 1024px) 100vw, 1024px\" \/><\/figure><\/div>\n\n\n\n<div class=\"wp-block-columns is-style-deco is-layout-flex wp-container-core-columns-is-layout-29ddea0f wp-block-columns-is-layout-flex\" style=\"padding-top:80px;padding-bottom:80px\">\n<div class=\"wp-block-column is-layout-flow wp-block-column-is-layout-flow\">\n<h2 class=\"wp-block-heading has-text-align-center is-style-third_title has-grey-color has-text-color\" style=\"padding-bottom:0px\">Richiedete un preventivo gratuito &#8220;tribuna coperta&#8221;<\/h2>\n\n\n\n<hr class=\"wp-block-separator has-text-color has-snd-color-color has-alpha-channel-opacity has-snd-color-background-color has-background is-style-short-thick is-style-main_separator\"\/>\n\n\n\n<p>Richiedi subito un <strong>preventivo gratuito<\/strong> per valutare il <a href=\"https:\/\/www.alcor-equipements.com\/it\/prezzo-tribuna-modulare\/\">budget della tua tribuna modulare<\/a>. Il nostro team sar\u00e0 lieto di consigliarvi e fornirvi una stima precisa in base alle vostre esigenze.<\/p>\n\n\n\n<div class=\"wp-block-buttons is-content-justification-center is-layout-flex wp-container-core-buttons-is-layout-16018d1d wp-block-buttons-is-layout-flex\">\n<div class=\"wp-block-button is-style-fill-light\"><a class=\"wp-block-button__link wp-element-button\" href=\"https:\/\/www.alcor-equipements.com\/it\/contact\/\">ContaTTo<\/a><\/div>\n<\/div>\n<\/div>\n<\/div>\n\n\n\n<div class=\"wp-block-group\"><div class=\"wp-block-group__inner-container is-layout-constrained wp-block-group-is-layout-constrained\">\n<h2 class=\"wp-block-heading has-text-align-center is-style-third_title has-main-color-color has-text-color has-link-color wp-elements-9c322ce3d29678e06edfd162c608dd55\">Nostre prodotti<\/h2>\n\n\n\n<hr class=\"wp-block-separator has-text-color has-snd-color-color has-alpha-channel-opacity has-snd-color-background-color has-background is-style-short-thick\"\/>\n\n\n\n<div class=\"is-grid columns-3 wp-block-custom-blocks-latest-products\">\n\n\t\t\t\t<ul class='wp-block-custom-blocks-latest-products__filters'>\n\t\t\t\t<li>\n\t\t\t\t\t<button class=\"wp-block-custom-blocks-latest-products__filters__filter wp-block-custom-blocks-latest-products__filters__filter--active\">\n\t\t\t\t\t\tTous\t\t\t\t\t<\/button>\n\t\t\t\t<\/li>\n\t\t\t\t\t\t\t\t\t<li>\n\t\t\t\t\t\t<button \n\t\t\t\t\t\t\tclass='wp-block-custom-blocks-latest-products__filters__filter'\n\t\t\t\t\t\t\tdata-termid='32'>Vente\t\t\t\t\t\t<\/button>\n\t\t\t\t\t<\/li>\n\t\t\t\t\t\t\t\t\t<li>\n\t\t\t\t\t\t<button \n\t\t\t\t\t\t\tclass='wp-block-custom-blocks-latest-products__filters__filter'\n\t\t\t\t\t\t\tdata-termid='33'>Location\t\t\t\t\t\t<\/button>\n\t\t\t\t\t<\/li>\n\t\t\t\t\t\t\t\t\t<li>\n\t\t\t\t\t\t<button \n\t\t\t\t\t\t\tclass='wp-block-custom-blocks-latest-products__filters__filter'\n\t\t\t\t\t\t\tdata-termid='34'>International\t\t\t\t\t\t<\/button>\n\t\t\t\t\t<\/li>\n\t\t\t\t\t\t\t<\/ul>\n\t\t\n\t\t\t\t<ul \n\t\t\t\tclass = \"wp-block-custom-blocks-latest-products__list\"\n\t\t\t\t\t\t\t\t\tdata-post_type=\"produit\"\n\t\t\t\t\t\t\t\t\tdata-posts_per_page=\"6\"\n\t\t\t\t\t\t\t\t\tdata-order=\"desc\"\n\t\t\t\t\t\t\t\t\tdata-orderby=\"date\"\n\t\t\t\t\t\t\t\t\tdata-post_count=\"10\"\n\t\t\t\t\t\t\t\t\tdata-columns=\"3\"\n\t\t\t\t\t\t\t\t\tdata-display_loadmore=\"none\"\n\t\t\t\t\t\t\t\t\tdata-offset=\"6\"\n\t\t\t\t\t\t\t\t\tdata-layout=\"grid\"\n\t\t\t\t\t\t\t\t\tdata-display_picto=\"1\"\n\t\t\t\t\t\t\t>\n\t\t\t\t\t\t<li class=\"wp-block-custom-blocks-latest-products__post\">\n\t\t\t\n\t\t\t\t\t\t\t\t\t<div class=\"wp-block-custom-blocks-latest-products__post__picto\">\n                        <img decoding=\"async\" src=\"https:\/\/www.alcor-equipements.com\/wp-content\/uploads\/2024\/04\/alcor-productmobiles.svg\" alt=\"\" \/>\n\t\t\t\t\t<\/div>\n\t\t\t\t\n\t\t\t\t\t\t\t\t<div class='wp-block-custom-blocks-latest-products__post-content'>\n\n\t\t\t\t\t\t\t\t\t\t<a class=\"wp-block-custom-blocks-latest-products__post-title\" href=\"https:\/\/www.alcor-equipements.com\/it\/gradinate-legno\/\">Gradinata in legno<\/a>\n\n\t\t\t\t\t\n\t\t\t\t\t\n\t\t\t\t\t\n\t\t\t\t\t\t\t\t\t\t\n\t\t\t\t<\/div>\n\t\t\t\n\t\t\t\t\t\t\t<\/li>\n\t\t\t\t\t\t\t\t\t<li class=\"wp-block-custom-blocks-latest-products__post\">\n\t\t\t\n\t\t\t\t\t\t\t\t\t<div class=\"wp-block-custom-blocks-latest-products__post__picto\">\n                        <img decoding=\"async\" src=\"https:\/\/www.alcor-equipements.com\/wp-content\/uploads\/2024\/04\/alcor-productmobiles.svg\" alt=\"\" \/>\n\t\t\t\t\t<\/div>\n\t\t\t\t\n\t\t\t\t\t\t\t\t<div class='wp-block-custom-blocks-latest-products__post-content'>\n\n\t\t\t\t\t\t\t\t\t\t<a class=\"wp-block-custom-blocks-latest-products__post-title\" href=\"https:\/\/www.alcor-equipements.com\/it\/tribune-trasportabili\/\">Tribune trasportabili<\/a>\n\n\t\t\t\t\t\n\t\t\t\t\t\n\t\t\t\t\t\n\t\t\t\t\t\t\t\t\t\t\n\t\t\t\t<\/div>\n\t\t\t\n\t\t\t\t\t\t\t<\/li>\n\t\t\t\t\t\t\t\t\t<li class=\"wp-block-custom-blocks-latest-products__post\">\n\t\t\t\n\t\t\t\t\t\t\t\t\t<div class=\"wp-block-custom-blocks-latest-products__post__picto\">\n                        <img decoding=\"async\" src=\"https:\/\/www.alcor-equipements.com\/wp-content\/uploads\/2024\/04\/alcor-productstade.svg\" alt=\"\" \/>\n\t\t\t\t\t<\/div>\n\t\t\t\t\n\t\t\t\t\t\t\t\t<div class='wp-block-custom-blocks-latest-products__post-content'>\n\n\t\t\t\t\t\t\t\t\t\t<a class=\"wp-block-custom-blocks-latest-products__post-title\" href=\"https:\/\/www.alcor-equipements.com\/it\/podio-palco-modulari\/\">Noleggio di podi e palchi modulari<\/a>\n\n\t\t\t\t\t\n\t\t\t\t\t\n\t\t\t\t\t\n\t\t\t\t\t\t\t\t\t\t\n\t\t\t\t<\/div>\n\t\t\t\n\t\t\t\t\t\t\t<\/li>\n\t\t\t\t\t\t\t\t\t<li class=\"wp-block-custom-blocks-latest-products__post\">\n\t\t\t\n\t\t\t\t\t\t\t\t\t<div class=\"wp-block-custom-blocks-latest-products__post__picto\">\n                        <img decoding=\"async\" src=\"https:\/\/www.alcor-equipements.com\/wp-content\/uploads\/2024\/03\/alcor-productmobiles.svg\" alt=\"\" \/>\n\t\t\t\t\t<\/div>\n\t\t\t\t\n\t\t\t\t\t\t\t\t<div class='wp-block-custom-blocks-latest-products__post-content'>\n\n\t\t\t\t\t\t\t\t\t\t<a class=\"wp-block-custom-blocks-latest-products__post-title\" href=\"https:\/\/www.alcor-equipements.com\/it\/tribuna-sportiva\/\">Tribuna sportiva<\/a>\n\n\t\t\t\t\t\n\t\t\t\t\t\n\t\t\t\t\t\n\t\t\t\t\t\t\t\t\t\t\n\t\t\t\t<\/div>\n\t\t\t\n\t\t\t\t\t\t\t<\/li>\n\t\t\t\t\t\t\t\t\t<li class=\"wp-block-custom-blocks-latest-products__post\">\n\t\t\t\n\t\t\t\t\t\t\t\t\t<div class=\"wp-block-custom-blocks-latest-products__post__picto\">\n                        <img decoding=\"async\" src=\"https:\/\/www.alcor-equipements.com\/wp-content\/uploads\/2024\/04\/alcor-1_-scaled.jpg\" alt=\"\" \/>\n\t\t\t\t\t<\/div>\n\t\t\t\t\n\t\t\t\t\t\t\t\t<div class='wp-block-custom-blocks-latest-products__post-content'>\n\n\t\t\t\t\t\t\t\t\t\t<a class=\"wp-block-custom-blocks-latest-products__post-title\" href=\"https:\/\/www.alcor-equipements.com\/it\/gradinate-50-posti\/\">Gradinate da 50 posti: vendita e noleggio per ogni evento<\/a>\n\n\t\t\t\t\t\n\t\t\t\t\t\n\t\t\t\t\t\n\t\t\t\t\t\t\t\t\t\t\n\t\t\t\t<\/div>\n\t\t\t\n\t\t\t\t\t\t\t<\/li>\n\t\t\t\t\t\t\t\t\t<li class=\"wp-block-custom-blocks-latest-products__post\">\n\t\t\t\n\t\t\t\t\t\t\t\t\t<div class=\"wp-block-custom-blocks-latest-products__post__picto\">\n                        <img decoding=\"async\" src=\"https:\/\/www.alcor-equipements.com\/wp-content\/uploads\/2024\/04\/alcor-productevenementiel.svg\" alt=\"\" \/>\n\t\t\t\t\t<\/div>\n\t\t\t\t\n\t\t\t\t\t\t\t\t<div class='wp-block-custom-blocks-latest-products__post-content'>\n\n\t\t\t\t\t\t\t\t\t\t<a class=\"wp-block-custom-blocks-latest-products__post-title\" href=\"https:\/\/www.alcor-equipements.com\/it\/tribuna-tubolare\/\">Vendita e noleggio di tribune tubolari<\/a>\n\n\t\t\t\t\t\n\t\t\t\t\t\n\t\t\t\t\t\n\t\t\t\t\t\t\t\t\t\t\n\t\t\t\t<\/div>\n\t\t\t\n\t\t\t\t\t\t\t<\/li>\n\t\t\t\t\t\t\t\t<\/ul>\n\t\t\t\n\t\n<\/div><\/div><\/div>\n\n\n\n<div class=\"wp-block-cover alignfull deco\"><img loading=\"lazy\" decoding=\"async\" width=\"2560\" height=\"1920\" class=\"wp-block-cover__image-background wp-image-1334\" alt=\"Comit\u00e9 d'organisation France tir \u00e0 l'arc Ch\u00e2teau de vincennes_2022_1576places\" src=\"http:\/\/www.alcor-equipements.com\/wp-content\/uploads\/2024\/04\/alcor-img_1213-scaled.jpg\" data-object-fit=\"cover\" srcset=\"https:\/\/www.alcor-equipements.com\/wp-content\/uploads\/2024\/04\/alcor-img_1213-scaled.jpg 2560w, https:\/\/www.alcor-equipements.com\/wp-content\/uploads\/2024\/04\/alcor-img_1213-300x225.jpg 300w, https:\/\/www.alcor-equipements.com\/wp-content\/uploads\/2024\/04\/alcor-img_1213-1024x768.jpg 1024w, https:\/\/www.alcor-equipements.com\/wp-content\/uploads\/2024\/04\/alcor-img_1213-768x576.jpg 768w, https:\/\/www.alcor-equipements.com\/wp-content\/uploads\/2024\/04\/alcor-img_1213-1536x1152.jpg 1536w, https:\/\/www.alcor-equipements.com\/wp-content\/uploads\/2024\/04\/alcor-img_1213-2048x1536.jpg 2048w, https:\/\/www.alcor-equipements.com\/wp-content\/uploads\/2024\/04\/alcor-img_1213-170x128.jpg 170w\" sizes=\"auto, (max-width: 2560px) 100vw, 2560px\" \/><span aria-hidden=\"true\" class=\"wp-block-cover__background has-main-color-background-color has-background-dim-70 has-background-dim\"><\/span><div class=\"wp-block-cover__inner-container is-layout-flow wp-block-cover-is-layout-flow\">\n<h2 class=\"wp-block-heading has-text-align-center is-style-third_title has-white-color has-text-color\">Una domanda?<\/h2>\n\n\n\n<div style=\"height:47px\" aria-hidden=\"true\" class=\"wp-block-spacer\"><\/div>\n\n\n\n<div class=\"wp-block-buttons is-content-justification-center is-layout-flex wp-container-core-buttons-is-layout-16018d1d wp-block-buttons-is-layout-flex\">\n<div class=\"wp-block-button is-style-fill-light\"><a class=\"wp-block-button__link wp-element-button\" href=\"https:\/\/www.alcor-equipements.com\/it\/nostra-competenza\/#faqAnchor\">Consulta le nostre FAQ<\/a><\/div>\n<\/div>\n<\/div><\/div>\n","protected":false},"excerpt":{"rendered":"<p>Perch\u00e9 scegliere ALCOR \u00c9quipements per le tribune coperte modulari? ALCOR \u00c9quipements \u00e8 un&#8217;azienda riconosciuta a [&hellip;]<\/p>\n","protected":false},"author":8,"featured_media":0,"parent":0,"menu_order":36,"comment_status":"closed","ping_status":"closed","template":"","meta":{"_acf_changed":false,"inline_featured_image":false,"footnotes":""},"class_list":["post-4039","page","type-page","status-publish","hentry"],"acf":[],"_links":{"self":[{"href":"https:\/\/www.alcor-equipements.com\/it\/wp-json\/wp\/v2\/pages\/4039","targetHints":{"allow":["GET"]}}],"collection":[{"href":"https:\/\/www.alcor-equipements.com\/it\/wp-json\/wp\/v2\/pages"}],"about":[{"href":"https:\/\/www.alcor-equipements.com\/it\/wp-json\/wp\/v2\/types\/page"}],"author":[{"embeddable":true,"href":"https:\/\/www.alcor-equipements.com\/it\/wp-json\/wp\/v2\/users\/8"}],"replies":[{"embeddable":true,"href":"https:\/\/www.alcor-equipements.com\/it\/wp-json\/wp\/v2\/comments?post=4039"}],"version-history":[{"count":9,"href":"https:\/\/www.alcor-equipements.com\/it\/wp-json\/wp\/v2\/pages\/4039\/revisions"}],"predecessor-version":[{"id":5531,"href":"https:\/\/www.alcor-equipements.com\/it\/wp-json\/wp\/v2\/pages\/4039\/revisions\/5531"}],"wp:attachment":[{"href":"https:\/\/www.alcor-equipements.com\/it\/wp-json\/wp\/v2\/media?parent=4039"}],"curies":[{"name":"wp","href":"https:\/\/api.w.org\/{rel}","templated":true}]}}