{"id":3876,"date":"2024-03-22T10:25:40","date_gmt":"2024-03-22T09:25:40","guid":{"rendered":"https:\/\/www.alcor-equipements.com\/achat-vente-tribune\/"},"modified":"2026-01-27T14:15:27","modified_gmt":"2026-01-27T13:15:27","slug":"vendita-tribune","status":"publish","type":"page","link":"https:\/\/www.alcor-equipements.com\/it\/vendita-tribune\/","title":{"rendered":"Vendita tribune"},"content":{"rendered":"\n<p><\/p>\n\n\n\n<div class=\"wp-block-cover alignfull is-light deco\"><img loading=\"lazy\" decoding=\"async\" width=\"980\" height=\"735\" class=\"wp-block-cover__image-background wp-image-595\" alt=\"stade Francis Le Basser Laval Tribune Modulaire Stade 4508 places\" src=\"http:\/\/www.alcor-equipements.com\/wp-content\/uploads\/2024\/03\/stade-francis-basser-laval_24895b34cd8deca520d0367fdb5154d8.jpeg\" data-object-fit=\"cover\" srcset=\"https:\/\/www.alcor-equipements.com\/wp-content\/uploads\/2024\/03\/stade-francis-basser-laval_24895b34cd8deca520d0367fdb5154d8.jpeg 980w, https:\/\/www.alcor-equipements.com\/wp-content\/uploads\/2024\/03\/stade-francis-basser-laval_24895b34cd8deca520d0367fdb5154d8-300x225.jpeg 300w, https:\/\/www.alcor-equipements.com\/wp-content\/uploads\/2024\/03\/stade-francis-basser-laval_24895b34cd8deca520d0367fdb5154d8-768x576.jpeg 768w, https:\/\/www.alcor-equipements.com\/wp-content\/uploads\/2024\/03\/stade-francis-basser-laval_24895b34cd8deca520d0367fdb5154d8-170x128.jpeg 170w\" sizes=\"auto, (max-width: 980px) 100vw, 980px\" \/><span aria-hidden=\"true\" class=\"wp-block-cover__background has-white-background-color has-background-dim-70 has-background-dim\"><\/span><div class=\"wp-block-cover__inner-container is-layout-flow wp-block-cover-is-layout-flow\">\n<h1 class=\"wp-block-heading has-text-align-center is-style-main_title has-main-color-color has-text-color\">Vendita di tribune modulari e prefabbricate per eventi<\/h1>\n<\/div><\/div>\n\n\n\n<div class=\"wp-block-media-text alignwide is-stacked-on-mobile is-vertically-aligned-top is-image-fill-element photo_texte\" style=\"padding-top:80px;padding-bottom:80px\"><figure class=\"wp-block-media-text__media\"><img loading=\"lazy\" decoding=\"async\" width=\"980\" height=\"496\" src=\"http:\/\/www.alcor-equipements.com\/wp-content\/uploads\/2024\/03\/stade-armandie-agen_b968fc132f91eaf0df9f2f0d9eb34180.jpeg\" alt=\"stade Armandie Agen\" class=\"wp-image-623 size-full\" style=\"object-position:50% 50%\" srcset=\"https:\/\/www.alcor-equipements.com\/wp-content\/uploads\/2024\/03\/stade-armandie-agen_b968fc132f91eaf0df9f2f0d9eb34180.jpeg 980w, https:\/\/www.alcor-equipements.com\/wp-content\/uploads\/2024\/03\/stade-armandie-agen_b968fc132f91eaf0df9f2f0d9eb34180-300x152.jpeg 300w, https:\/\/www.alcor-equipements.com\/wp-content\/uploads\/2024\/03\/stade-armandie-agen_b968fc132f91eaf0df9f2f0d9eb34180-768x389.jpeg 768w, https:\/\/www.alcor-equipements.com\/wp-content\/uploads\/2024\/03\/stade-armandie-agen_b968fc132f91eaf0df9f2f0d9eb34180-170x86.jpeg 170w\" sizes=\"auto, (max-width: 980px) 100vw, 980px\" \/><\/figure><div class=\"wp-block-media-text__content\">\n<p class=\"is-style-third_title has-grey-color has-text-color\">ALCOR Equipements progetta, produce e vende tribune modulari e prefabbricate per una vasta gamma di esigenze, offrendo soluzioni personalizzate e innovative per:<\/p>\n\n\n\n<ul class=\"wp-block-list\">\n<li>Stadi (ampliamenti o nuove costruzioni): tribune permanenti progettate per garantire comfort e sicurezza a lungo termine.<\/li>\n\n\n\n<li>Eventi sportivi e culturali temporanei: tribune modulari ideali per manifestazioni di breve durata.<\/li>\n\n\n\n<li>Noleggiatori professionisti: tribune prefabbricate pensate per essere facilmente montate, smontate e noleggiate ai clienti finali.<\/li>\n<\/ul>\n\n\n\n<p class=\"is-style-third_title has-grey-color has-text-color\">Siamo leader in Francia e operiamo su tre continenti (Europa, Africa ed Asia). Grazie a un sistema costruttivo unico, privo di viti e bulloni, e a un\u2019esperienza consolidata, installiamo ogni anno oltre 300.000 posti a sedere in tutto il mondo.<\/p>\n\n\n\n<div class=\"wp-block-buttons is-content-justification-center is-layout-flex wp-container-core-buttons-is-layout-16018d1d wp-block-buttons-is-layout-flex\">\n<div class=\"wp-block-button is-style-fill-light\"><a class=\"wp-block-button__link wp-element-button\" href=\"https:\/\/www.alcor-equipements.com\/it\/contact\/\">Ci contatti<\/a><\/div>\n<\/div>\n<\/div><\/div>\n\n\n\n<div class=\"wp-block-cover alignfull\" style=\"padding-top:7.5rem;padding-right:0rem;padding-bottom:7.5rem;padding-left:0rem\"><img loading=\"lazy\" decoding=\"async\" width=\"2560\" height=\"1920\" class=\"wp-block-cover__image-background wp-image-1131\" alt=\"Aix en Provence Stade Maurice David 2608 places\" src=\"http:\/\/www.alcor-equipements.com\/wp-content\/uploads\/2024\/04\/alcor-2022_aix-en-provence_stade-maurice-david_2608pl_planchers-met_sieges-rabattables-gp_rugby-scaled.jpg\" data-object-fit=\"cover\" srcset=\"https:\/\/www.alcor-equipements.com\/wp-content\/uploads\/2024\/04\/alcor-2022_aix-en-provence_stade-maurice-david_2608pl_planchers-met_sieges-rabattables-gp_rugby-scaled.jpg 2560w, https:\/\/www.alcor-equipements.com\/wp-content\/uploads\/2024\/04\/alcor-2022_aix-en-provence_stade-maurice-david_2608pl_planchers-met_sieges-rabattables-gp_rugby-300x225.jpg 300w, https:\/\/www.alcor-equipements.com\/wp-content\/uploads\/2024\/04\/alcor-2022_aix-en-provence_stade-maurice-david_2608pl_planchers-met_sieges-rabattables-gp_rugby-1024x768.jpg 1024w, https:\/\/www.alcor-equipements.com\/wp-content\/uploads\/2024\/04\/alcor-2022_aix-en-provence_stade-maurice-david_2608pl_planchers-met_sieges-rabattables-gp_rugby-768x576.jpg 768w, https:\/\/www.alcor-equipements.com\/wp-content\/uploads\/2024\/04\/alcor-2022_aix-en-provence_stade-maurice-david_2608pl_planchers-met_sieges-rabattables-gp_rugby-1536x1152.jpg 1536w, https:\/\/www.alcor-equipements.com\/wp-content\/uploads\/2024\/04\/alcor-2022_aix-en-provence_stade-maurice-david_2608pl_planchers-met_sieges-rabattables-gp_rugby-2048x1536.jpg 2048w, https:\/\/www.alcor-equipements.com\/wp-content\/uploads\/2024\/04\/alcor-2022_aix-en-provence_stade-maurice-david_2608pl_planchers-met_sieges-rabattables-gp_rugby-170x128.jpg 170w\" sizes=\"auto, (max-width: 2560px) 100vw, 2560px\" \/><span aria-hidden=\"true\" class=\"wp-block-cover__background has-main-color-background-color has-background-dim-70 has-background-dim\"><\/span><div class=\"wp-block-cover__inner-container is-layout-flow wp-block-cover-is-layout-flow\">\n<div class=\"wp-block-columns alignwide are-vertically-aligned-center is-layout-flex wp-container-core-columns-is-layout-9d6595d7 wp-block-columns-is-layout-flex\">\n<div class=\"wp-block-column is-vertically-aligned-center is-layout-flow wp-block-column-is-layout-flow\" style=\"padding-top:0;padding-right:0;padding-bottom:0;padding-left:0;flex-basis:50%\">\n<div class=\"wp-block-group\" style=\"padding-top:0;padding-right:var(--wp--preset--spacing--30);padding-bottom:0;padding-left:0\"><div class=\"wp-block-group__inner-container is-layout-constrained wp-container-core-group-is-layout-bb789ed2 wp-block-group-is-layout-constrained\">\n<h2 class=\"wp-block-heading alignfull has-text-align-left is-style-fourth_title has-white-color has-text-color\">Perch\u00e9 scegliere ALCOR Equipements per la vendita di tribune modulari?<\/h2>\n\n\n\n<hr class=\"wp-block-separator alignleft has-text-color has-snd-color-color has-alpha-channel-opacity has-snd-color-background-color has-background\"\/>\n\n\n\n<p>Che si tratti di acquisto di tribune modulari o di <a href=\"https:\/\/www.alcor-equipements.com\/it\/stadio-temporaneo\/\">gradinate prefabbricate per eventi temporanei<\/a> o di installazioni permanenti, il nostro approccio alla vendita si basa su un servizio altamente personalizzato e professionale. Offriamo soluzioni su misura per soddisfare ogni esigenza, garantendo qualit\u00e0, sicurezza e design.<\/p>\n\n\n\n<p>Ecco come lavoriamo per realizzare il vostro progetto:<\/p>\n\n\n\n<ul class=\"wp-block-list\">\n<li class=\"has-white-color has-text-color has-link-color wp-elements-1e83f8eeaae761ace8f793474bde638d\">Valutazione delle esigenze: analizziamo in dettaglio le vostre richieste, il tipo di evento, il numero di spettatori previsti e le caratteristiche del luogo. Questa fase \u00e8 fondamentale per identificare la soluzione pi\u00f9 adatta <a href=\"https:\/\/www.alcor-equipements.com\/it\/tribuna-coperta\/\">(tribuna coperta<\/a>&#8230;).<\/li>\n\n\n\n<li class=\"has-white-color has-text-color has-link-color wp-elements-0086532e45d437b835dfabbfec2f974a\">Progettazione e innovazione: proponiamo tribune modulari personalizzate, corredate da piani dettagliati e simulazioni 3D, per offrirvi una visione chiara del risultato finale. Ogni progetto rispetta rigorosamente le normative di sicurezza e combina funzionalit\u00e0 ed estetica.<\/li>\n\n\n\n<li class=\"has-white-color has-text-color has-link-color wp-elements-c4b714974dc2ee37452632f30f74c691\">Offerta trasparente: forniamo un preventivo dettagliato basato sulla soluzione scelta, con la possibilit\u00e0 di apportare modifiche per soddisfare al meglio le vostre aspettative.<\/li>\n\n\n\n<li class=\"has-white-color has-text-color has-link-color wp-elements-2bb52df0577e4af37a5967772efa503b\">Produzione di alta qualit\u00e0: utilizziamo materiali resistenti e processi produttivi avanzati per garantire la durabilit\u00e0 e la sicurezza delle nostre tribune prefabbricate.<\/li>\n\n\n\n<li class=\"has-white-color has-text-color has-link-color wp-elements-ada9e2ab5bb6a7c7e3bf536d7c8ffc5e\">Installazione professionale: la nostra squadra di esperti si occupa del montaggio con precisione e sicurezza, assicurando un risultato impeccabile.<\/li>\n<\/ul>\n<\/div><\/div>\n<\/div>\n\n\n\n<div class=\"wp-block-column is-layout-flow wp-block-column-is-layout-flow\" style=\"flex-basis:50%\">\n<h2 class=\"wp-block-heading alignfull has-text-align-left is-style-fourth_title has-white-color has-text-color\">Vendita e noleggio di tribune prefabbricate<\/h2>\n\n\n\n<hr class=\"wp-block-separator alignleft has-text-color has-snd-color-color has-alpha-channel-opacity has-snd-color-background-color has-background\"\/>\n\n\n\n<p>ALCOR Equipements vende e noleggia tribune modulari e gradinate prefabbricate, offrendo una soluzione flessibile e conveniente per eventi temporanei. Questa opzione \u00e8 particolarmente apprezzata da organizzatori di eventi e noleggiatori professionisti che necessitano di strutture rapide da installare e smontare.<\/p>\n\n\n\n<h3 class=\"wp-block-heading is-style-fourth_title\">Soluzioni personalizzate per ogni esigenza<\/h3>\n\n\n\n<p>Le nostre tribune modulari possono includere posti VIP, logge, aree per persone a mobilit\u00e0 ridotta (PMR) e sedute personalizzate con i colori del vostro club o brand. Con o senza copertura, lavoriamo insieme a voi per sviluppare un progetto su misura che risponda perfettamente alle vostre necessit\u00e0.<\/p>\n\n\n\n<p>Contattateci per scoprire come le nostre tribune modulari e prefabbricate possono arricchire i vostri spazi culturali, sportivi o i vostri eventi. Siamo pronti a supportarvi in ogni fase del progetto, dall\u2019acquisto alla formazione per l\u2019utilizzo e la manutenzione delle tribune.<\/p>\n\n\n\n<div class=\"wp-block-buttons is-content-justification-center is-layout-flex wp-container-core-buttons-is-layout-16018d1d wp-block-buttons-is-layout-flex\">\n<div class=\"wp-block-button is-style-fill-light\"><a class=\"wp-block-button__link wp-element-button\" href=\"https:\/\/www.alcor-equipements.com\/it\/contact\/\">Preventivo gratuito<\/a><\/div>\n<\/div>\n<\/div>\n<\/div>\n<\/div><\/div>\n\n\n\n<div class=\"wp-block-group\"><div class=\"wp-block-group__inner-container is-layout-constrained wp-block-group-is-layout-constrained\">\n<h2 class=\"wp-block-heading has-text-align-center is-style-third_title has-main-color-color has-text-color has-link-color wp-elements-f8144d7518f3ef25f70a81650aba59c5\">I nostri prodotti<\/h2>\n\n\n\n<hr class=\"wp-block-separator has-text-color has-snd-color-color has-alpha-channel-opacity has-snd-color-background-color has-background is-style-short-thick\"\/>\n\n\n\n<div class=\"is-grid columns-3 wp-block-custom-blocks-latest-products\">\n\n\t\t\t\t<ul class='wp-block-custom-blocks-latest-products__filters'>\n\t\t\t\t<li>\n\t\t\t\t\t<button class=\"wp-block-custom-blocks-latest-products__filters__filter wp-block-custom-blocks-latest-products__filters__filter--active\">\n\t\t\t\t\t\tTous\t\t\t\t\t<\/button>\n\t\t\t\t<\/li>\n\t\t\t\t\t\t\t\t\t<li>\n\t\t\t\t\t\t<button \n\t\t\t\t\t\t\tclass='wp-block-custom-blocks-latest-products__filters__filter'\n\t\t\t\t\t\t\tdata-termid='32'>Vente\t\t\t\t\t\t<\/button>\n\t\t\t\t\t<\/li>\n\t\t\t\t\t\t\t\t\t<li>\n\t\t\t\t\t\t<button \n\t\t\t\t\t\t\tclass='wp-block-custom-blocks-latest-products__filters__filter'\n\t\t\t\t\t\t\tdata-termid='33'>Location\t\t\t\t\t\t<\/button>\n\t\t\t\t\t<\/li>\n\t\t\t\t\t\t\t\t\t<li>\n\t\t\t\t\t\t<button \n\t\t\t\t\t\t\tclass='wp-block-custom-blocks-latest-products__filters__filter'\n\t\t\t\t\t\t\tdata-termid='34'>International\t\t\t\t\t\t<\/button>\n\t\t\t\t\t<\/li>\n\t\t\t\t\t\t\t<\/ul>\n\t\t\n\t\t\t\t<ul \n\t\t\t\tclass = \"wp-block-custom-blocks-latest-products__list\"\n\t\t\t\t\t\t\t\t\tdata-post_type=\"produit\"\n\t\t\t\t\t\t\t\t\tdata-posts_per_page=\"6\"\n\t\t\t\t\t\t\t\t\tdata-order=\"desc\"\n\t\t\t\t\t\t\t\t\tdata-orderby=\"date\"\n\t\t\t\t\t\t\t\t\tdata-post_count=\"10\"\n\t\t\t\t\t\t\t\t\tdata-columns=\"3\"\n\t\t\t\t\t\t\t\t\tdata-display_loadmore=\"none\"\n\t\t\t\t\t\t\t\t\tdata-offset=\"6\"\n\t\t\t\t\t\t\t\t\tdata-layout=\"grid\"\n\t\t\t\t\t\t\t\t\tdata-display_picto=\"1\"\n\t\t\t\t\t\t\t>\n\t\t\t\t\t\t<li class=\"wp-block-custom-blocks-latest-products__post\">\n\t\t\t\n\t\t\t\t\t\t\t\t\t<div class=\"wp-block-custom-blocks-latest-products__post__picto\">\n                        <img decoding=\"async\" src=\"https:\/\/www.alcor-equipements.com\/wp-content\/uploads\/2024\/04\/alcor-productmobiles.svg\" alt=\"\" \/>\n\t\t\t\t\t<\/div>\n\t\t\t\t\n\t\t\t\t\t\t\t\t<div class='wp-block-custom-blocks-latest-products__post-content'>\n\n\t\t\t\t\t\t\t\t\t\t<a class=\"wp-block-custom-blocks-latest-products__post-title\" href=\"https:\/\/www.alcor-equipements.com\/it\/gradinate-legno\/\">Gradinata in legno<\/a>\n\n\t\t\t\t\t\n\t\t\t\t\t\n\t\t\t\t\t\n\t\t\t\t\t\t\t\t\t\t\n\t\t\t\t<\/div>\n\t\t\t\n\t\t\t\t\t\t\t<\/li>\n\t\t\t\t\t\t\t\t\t<li class=\"wp-block-custom-blocks-latest-products__post\">\n\t\t\t\n\t\t\t\t\t\t\t\t\t<div class=\"wp-block-custom-blocks-latest-products__post__picto\">\n                        <img decoding=\"async\" src=\"https:\/\/www.alcor-equipements.com\/wp-content\/uploads\/2024\/04\/alcor-productmobiles.svg\" alt=\"\" \/>\n\t\t\t\t\t<\/div>\n\t\t\t\t\n\t\t\t\t\t\t\t\t<div class='wp-block-custom-blocks-latest-products__post-content'>\n\n\t\t\t\t\t\t\t\t\t\t<a class=\"wp-block-custom-blocks-latest-products__post-title\" href=\"https:\/\/www.alcor-equipements.com\/it\/tribune-trasportabili\/\">Tribune trasportabili<\/a>\n\n\t\t\t\t\t\n\t\t\t\t\t\n\t\t\t\t\t\n\t\t\t\t\t\t\t\t\t\t\n\t\t\t\t<\/div>\n\t\t\t\n\t\t\t\t\t\t\t<\/li>\n\t\t\t\t\t\t\t\t\t<li class=\"wp-block-custom-blocks-latest-products__post\">\n\t\t\t\n\t\t\t\t\t\t\t\t\t<div class=\"wp-block-custom-blocks-latest-products__post__picto\">\n                        <img decoding=\"async\" src=\"https:\/\/www.alcor-equipements.com\/wp-content\/uploads\/2024\/04\/alcor-productstade.svg\" alt=\"\" \/>\n\t\t\t\t\t<\/div>\n\t\t\t\t\n\t\t\t\t\t\t\t\t<div class='wp-block-custom-blocks-latest-products__post-content'>\n\n\t\t\t\t\t\t\t\t\t\t<a class=\"wp-block-custom-blocks-latest-products__post-title\" href=\"https:\/\/www.alcor-equipements.com\/it\/podio-palco-modulari\/\">Noleggio di podi e palchi modulari<\/a>\n\n\t\t\t\t\t\n\t\t\t\t\t\n\t\t\t\t\t\n\t\t\t\t\t\t\t\t\t\t\n\t\t\t\t<\/div>\n\t\t\t\n\t\t\t\t\t\t\t<\/li>\n\t\t\t\t\t\t\t\t\t<li class=\"wp-block-custom-blocks-latest-products__post\">\n\t\t\t\n\t\t\t\t\t\t\t\t\t<div class=\"wp-block-custom-blocks-latest-products__post__picto\">\n                        <img decoding=\"async\" src=\"https:\/\/www.alcor-equipements.com\/wp-content\/uploads\/2024\/03\/alcor-productmobiles.svg\" alt=\"\" \/>\n\t\t\t\t\t<\/div>\n\t\t\t\t\n\t\t\t\t\t\t\t\t<div class='wp-block-custom-blocks-latest-products__post-content'>\n\n\t\t\t\t\t\t\t\t\t\t<a class=\"wp-block-custom-blocks-latest-products__post-title\" href=\"https:\/\/www.alcor-equipements.com\/it\/tribuna-sportiva\/\">Tribuna sportiva<\/a>\n\n\t\t\t\t\t\n\t\t\t\t\t\n\t\t\t\t\t\n\t\t\t\t\t\t\t\t\t\t\n\t\t\t\t<\/div>\n\t\t\t\n\t\t\t\t\t\t\t<\/li>\n\t\t\t\t\t\t\t\t\t<li class=\"wp-block-custom-blocks-latest-products__post\">\n\t\t\t\n\t\t\t\t\t\t\t\t\t<div class=\"wp-block-custom-blocks-latest-products__post__picto\">\n                        <img decoding=\"async\" src=\"https:\/\/www.alcor-equipements.com\/wp-content\/uploads\/2024\/04\/alcor-1_-scaled.jpg\" alt=\"\" \/>\n\t\t\t\t\t<\/div>\n\t\t\t\t\n\t\t\t\t\t\t\t\t<div class='wp-block-custom-blocks-latest-products__post-content'>\n\n\t\t\t\t\t\t\t\t\t\t<a class=\"wp-block-custom-blocks-latest-products__post-title\" href=\"https:\/\/www.alcor-equipements.com\/it\/gradinate-50-posti\/\">Gradinate da 50 posti: vendita e noleggio per ogni evento<\/a>\n\n\t\t\t\t\t\n\t\t\t\t\t\n\t\t\t\t\t\n\t\t\t\t\t\t\t\t\t\t\n\t\t\t\t<\/div>\n\t\t\t\n\t\t\t\t\t\t\t<\/li>\n\t\t\t\t\t\t\t\t\t<li class=\"wp-block-custom-blocks-latest-products__post\">\n\t\t\t\n\t\t\t\t\t\t\t\t\t<div class=\"wp-block-custom-blocks-latest-products__post__picto\">\n                        <img decoding=\"async\" src=\"https:\/\/www.alcor-equipements.com\/wp-content\/uploads\/2024\/04\/alcor-productevenementiel.svg\" alt=\"\" \/>\n\t\t\t\t\t<\/div>\n\t\t\t\t\n\t\t\t\t\t\t\t\t<div class='wp-block-custom-blocks-latest-products__post-content'>\n\n\t\t\t\t\t\t\t\t\t\t<a class=\"wp-block-custom-blocks-latest-products__post-title\" href=\"https:\/\/www.alcor-equipements.com\/it\/tribuna-tubolare\/\">Vendita e noleggio di tribune tubolari<\/a>\n\n\t\t\t\t\t\n\t\t\t\t\t\n\t\t\t\t\t\n\t\t\t\t\t\t\t\t\t\t\n\t\t\t\t<\/div>\n\t\t\t\n\t\t\t\t\t\t\t<\/li>\n\t\t\t\t\t\t\t\t<\/ul>\n\t\t\t\n\t\n<\/div><\/div><\/div>\n\n\n\n<div class=\"wp-block-cover alignfull deco\"><img loading=\"lazy\" decoding=\"async\" width=\"2560\" height=\"1920\" class=\"wp-block-cover__image-background wp-image-1334\" alt=\"Comit\u00e9 d'organisation France tir \u00e0 l'arc Ch\u00e2teau de vincennes_2022_1576places\" src=\"http:\/\/www.alcor-equipements.com\/wp-content\/uploads\/2024\/04\/alcor-img_1213-scaled.jpg\" data-object-fit=\"cover\" srcset=\"https:\/\/www.alcor-equipements.com\/wp-content\/uploads\/2024\/04\/alcor-img_1213-scaled.jpg 2560w, https:\/\/www.alcor-equipements.com\/wp-content\/uploads\/2024\/04\/alcor-img_1213-300x225.jpg 300w, https:\/\/www.alcor-equipements.com\/wp-content\/uploads\/2024\/04\/alcor-img_1213-1024x768.jpg 1024w, https:\/\/www.alcor-equipements.com\/wp-content\/uploads\/2024\/04\/alcor-img_1213-768x576.jpg 768w, https:\/\/www.alcor-equipements.com\/wp-content\/uploads\/2024\/04\/alcor-img_1213-1536x1152.jpg 1536w, https:\/\/www.alcor-equipements.com\/wp-content\/uploads\/2024\/04\/alcor-img_1213-2048x1536.jpg 2048w, https:\/\/www.alcor-equipements.com\/wp-content\/uploads\/2024\/04\/alcor-img_1213-170x128.jpg 170w\" sizes=\"auto, (max-width: 2560px) 100vw, 2560px\" \/><span aria-hidden=\"true\" class=\"wp-block-cover__background has-main-color-background-color has-background-dim-70 has-background-dim\"><\/span><div class=\"wp-block-cover__inner-container is-layout-flow wp-block-cover-is-layout-flow\">\n<h2 class=\"wp-block-heading has-text-align-center is-style-third_title has-white-color has-text-color\">Hai una domanda?<\/h2>\n\n\n\n<div style=\"height:47px\" aria-hidden=\"true\" class=\"wp-block-spacer\"><\/div>\n\n\n\n<div class=\"wp-block-buttons is-content-justification-center is-layout-flex wp-container-core-buttons-is-layout-16018d1d wp-block-buttons-is-layout-flex\">\n<div class=\"wp-block-button is-style-fill-light\"><a class=\"wp-block-button__link wp-element-button\" href=\"https:\/\/www.alcor-equipements.com\/it\/nostra-competenza\/#faqanchor\">Consulta le nostre FAQ<\/a><\/div>\n<\/div>\n<\/div><\/div>\n","protected":false},"excerpt":{"rendered":"<p>I nostri prodotti<\/p>\n","protected":false},"author":1,"featured_media":0,"parent":0,"menu_order":65,"comment_status":"closed","ping_status":"closed","template":"","meta":{"_acf_changed":false,"inline_featured_image":false,"footnotes":""},"class_list":["post-3876","page","type-page","status-publish","hentry"],"acf":[],"_links":{"self":[{"href":"https:\/\/www.alcor-equipements.com\/it\/wp-json\/wp\/v2\/pages\/3876","targetHints":{"allow":["GET"]}}],"collection":[{"href":"https:\/\/www.alcor-equipements.com\/it\/wp-json\/wp\/v2\/pages"}],"about":[{"href":"https:\/\/www.alcor-equipements.com\/it\/wp-json\/wp\/v2\/types\/page"}],"author":[{"embeddable":true,"href":"https:\/\/www.alcor-equipements.com\/it\/wp-json\/wp\/v2\/users\/1"}],"replies":[{"embeddable":true,"href":"https:\/\/www.alcor-equipements.com\/it\/wp-json\/wp\/v2\/comments?post=3876"}],"version-history":[{"count":9,"href":"https:\/\/www.alcor-equipements.com\/it\/wp-json\/wp\/v2\/pages\/3876\/revisions"}],"predecessor-version":[{"id":5539,"href":"https:\/\/www.alcor-equipements.com\/it\/wp-json\/wp\/v2\/pages\/3876\/revisions\/5539"}],"wp:attachment":[{"href":"https:\/\/www.alcor-equipements.com\/it\/wp-json\/wp\/v2\/media?parent=3876"}],"curies":[{"name":"wp","href":"https:\/\/api.w.org\/{rel}","templated":true}]}}