{"id":3864,"date":"2024-03-18T17:36:45","date_gmt":"2024-03-18T16:36:45","guid":{"rendered":"https:\/\/www.alcor-equipements.com\/tribune-international\/"},"modified":"2026-01-27T14:14:35","modified_gmt":"2026-01-27T13:14:35","slug":"vendita-tribune-estero","status":"publish","type":"page","link":"https:\/\/www.alcor-equipements.com\/it\/vendita-tribune-estero\/","title":{"rendered":"Vendita di tribune all&#8217;estero"},"content":{"rendered":"\n<p><\/p>\n\n\n\n<div class=\"wp-block-cover alignfull is-light deco\"><img loading=\"lazy\" decoding=\"async\" width=\"2560\" height=\"1437\" class=\"wp-block-cover__image-background wp-image-1000\" alt=\"stade Yaounde Cameroun 40000 places\" src=\"http:\/\/www.alcor-equipements.com\/wp-content\/uploads\/2024\/04\/alcor-stade-de-yaounde-cameroun-40000-places_2016-scaled.jpg\" style=\"object-position:46% 57%\" data-object-fit=\"cover\" data-object-position=\"46% 57%\" srcset=\"https:\/\/www.alcor-equipements.com\/wp-content\/uploads\/2024\/04\/alcor-stade-de-yaounde-cameroun-40000-places_2016-scaled.jpg 2560w, https:\/\/www.alcor-equipements.com\/wp-content\/uploads\/2024\/04\/alcor-stade-de-yaounde-cameroun-40000-places_2016-300x168.jpg 300w, https:\/\/www.alcor-equipements.com\/wp-content\/uploads\/2024\/04\/alcor-stade-de-yaounde-cameroun-40000-places_2016-1024x575.jpg 1024w, https:\/\/www.alcor-equipements.com\/wp-content\/uploads\/2024\/04\/alcor-stade-de-yaounde-cameroun-40000-places_2016-768x431.jpg 768w, https:\/\/www.alcor-equipements.com\/wp-content\/uploads\/2024\/04\/alcor-stade-de-yaounde-cameroun-40000-places_2016-1536x862.jpg 1536w, https:\/\/www.alcor-equipements.com\/wp-content\/uploads\/2024\/04\/alcor-stade-de-yaounde-cameroun-40000-places_2016-2048x1150.jpg 2048w, https:\/\/www.alcor-equipements.com\/wp-content\/uploads\/2024\/04\/alcor-stade-de-yaounde-cameroun-40000-places_2016-170x95.jpg 170w\" sizes=\"auto, (max-width: 2560px) 100vw, 2560px\" \/><span aria-hidden=\"true\" class=\"wp-block-cover__background has-white-background-color has-background-dim-70 has-background-dim\"><\/span><div class=\"wp-block-cover__inner-container is-layout-flow wp-block-cover-is-layout-flow\">\n<div style=\"height:50px\" aria-hidden=\"true\" class=\"wp-block-spacer\"><\/div>\n\n\n\n<h1 class=\"wp-block-heading has-text-align-center is-style-main_title has-main-color-color has-text-color\">Vendita di tribune all&#8217;estero: esportazione e distribuzione di gradinate modulari a livello internazionale<\/h1>\n\n\n\n<hr class=\"wp-block-separator has-text-color has-snd-color-color has-alpha-channel-opacity has-snd-color-background-color has-background is-style-short-thick\"\/>\n\n\n\n<p class=\"has-main-color-color has-text-color has-link-color wp-elements-1c4070bddb7ee0bc67171624f70bc21d\">ALCOR Equipements \u00e8 leader nella progettazione, produzione e installazione di tribune modulari per:<\/p>\n\n\n\n<div style=\"height:10px\" aria-hidden=\"true\" class=\"wp-block-spacer\"><\/div>\n\n\n\n<ul class=\"wp-block-list\">\n<li class=\"has-main-color-color has-text-color has-link-color wp-elements-040197ffe0f215292a64f92dc2cdaef6\">Stadi (ampliamenti o nuove costruzioni): tribune permanenti progettate per durare nel tempo.<\/li>\n\n\n\n<li class=\"has-main-color-color has-text-color has-link-color wp-elements-f308f72192d75827390446e1180b124b\">Eventi sportivi e culturali temporanei, con soluzioni flessibili e rapide da installare.<\/li>\n\n\n\n<li class=\"has-main-color-color has-text-color has-link-color wp-elements-4c729833c985e6b9a62a235caea675d4\">Noleggiatori professionisti, che offrono le nostre tribune in affitto ai propri clienti.<\/li>\n<\/ul>\n\n\n\n<div style=\"height:10px\" aria-hidden=\"true\" class=\"wp-block-spacer\"><\/div>\n\n\n\n<p><\/p>\n\n\n\n<p class=\"has-main-color-color has-text-color has-link-color wp-elements-480a2789d4cc6951d93aff6bd714c2fc\">Grazie alla nostra esperienza consolidata nella <strong>vendita di tribune all&#8217;estero<\/strong>, siamo presenti in 3 continenti (Africa, Asia ed Europa) e offriamo soluzioni su misura per ogni esigenza.<\/p>\n\n\n\n<div style=\"height:10px\" aria-hidden=\"true\" class=\"wp-block-spacer\"><\/div>\n\n\n\n<p class=\"has-main-color-color has-text-color has-link-color wp-elements-aa776ee84dfad2bafb157c93e7555f46\">Il nostro sistema costruttivo unico, privo di viti e bulloni, garantisce una costruzione rapida, <strong>economica <\/strong>e sicura. Ogni anno, esportiamo e installiamo tribune modulari in tutto il mondo, consolidando la nostra posizione come punto di riferimento nella <strong>commercializzazione di tribune a livello internazionale<\/strong>.<\/p>\n\n\n\n<p class=\"has-main-color-color has-text-color has-link-color wp-elements-fe5a426c785484df6547db031ba56439\"><\/p>\n\n\n\n<div style=\"height:10px\" aria-hidden=\"true\" class=\"wp-block-spacer\"><\/div>\n\n\n\n<p class=\"has-main-color-color has-text-color has-link-color wp-elements-fe5a426c785484df6547db031ba56439\"><\/p>\n\n\n\n<div class=\"wp-block-buttons is-content-justification-center is-layout-flex wp-container-core-buttons-is-layout-16018d1d wp-block-buttons-is-layout-flex\">\n<div class=\"wp-block-button is-style-fill-light\"><a class=\"wp-block-button__link wp-element-button\" href=\"https:\/\/www.alcor-equipements.com\/it\/contact\/\">Ci contatti<\/a><\/div>\n<\/div>\n\n\n\n<div style=\"height:50px\" aria-hidden=\"true\" class=\"wp-block-spacer\"><\/div>\n<\/div><\/div>\n\n\n\n<div class=\"wp-block-media-text alignwide is-stacked-on-mobile is-vertically-aligned-top is-image-fill-element photo_texte\" style=\"padding-top:80px;padding-bottom:80px\"><figure class=\"wp-block-media-text__media\"><img loading=\"lazy\" decoding=\"async\" width=\"980\" height=\"588\" src=\"http:\/\/www.alcor-equipements.com\/wp-content\/uploads\/2024\/03\/yaounde_c0746978ac91b36293bfb7a007566413.jpeg\" alt=\"stade Yaound\u00e9\" class=\"wp-image-602 size-full\" style=\"object-position:50% 50%\" srcset=\"https:\/\/www.alcor-equipements.com\/wp-content\/uploads\/2024\/03\/yaounde_c0746978ac91b36293bfb7a007566413.jpeg 980w, https:\/\/www.alcor-equipements.com\/wp-content\/uploads\/2024\/03\/yaounde_c0746978ac91b36293bfb7a007566413-300x180.jpeg 300w, https:\/\/www.alcor-equipements.com\/wp-content\/uploads\/2024\/03\/yaounde_c0746978ac91b36293bfb7a007566413-768x461.jpeg 768w, https:\/\/www.alcor-equipements.com\/wp-content\/uploads\/2024\/03\/yaounde_c0746978ac91b36293bfb7a007566413-170x102.jpeg 170w\" sizes=\"auto, (max-width: 980px) 100vw, 980px\" \/><\/figure><div class=\"wp-block-media-text__content\">\n<h2 class=\"wp-block-heading is-style-third_title has-grey-color has-text-color\">La nostra esperienza nella vendita e distribuzione di tribune sui mercati esteri<\/h2>\n\n\n\n<p><strong>Costruzione di tribune per stadi<\/strong><\/p>\n\n\n\n<p>Abbiamo realizzato tribune permanenti in diversi paesi, tra cui:<\/p>\n\n\n\n<ul class=\"wp-block-list\">\n<li>Nouadhibou, Mauritania<\/li>\n\n\n\n<li>Yaound\u00e9 e Douala, Camerun<\/li>\n\n\n\n<li>Aizwal, India<\/li>\n\n\n\n<li>Pokhara, Nepal<\/li>\n<\/ul>\n\n\n\n<p><strong>Installazione di sedute per la ristrutturazione di stadi<\/strong><\/p>\n\n\n\n<p>Abbiamo contribuito alla modernizzazione di importanti stadi, come:<\/p>\n\n\n\n<ul class=\"wp-block-list\">\n<li>Stadio Ahmadou Ahidjo a Yaound\u00e9<\/li>\n\n\n\n<li>Stadio della Riunificazione a Douala<\/li>\n\n\n\n<li>Stadio di Yamoussoukro<\/li>\n<\/ul>\n<\/div><\/div>\n\n\n\n<div class=\"wp-block-cover alignfull\" style=\"padding-top:7.5rem;padding-right:0rem;padding-bottom:7.5rem;padding-left:0rem\"><img loading=\"lazy\" decoding=\"async\" width=\"979\" height=\"472\" class=\"wp-block-cover__image-background wp-image-586\" alt=\"Stade Nouadhibou Mauritanie\" src=\"http:\/\/www.alcor-equipements.com\/wp-content\/uploads\/2024\/03\/nouadhibou_6150303d8fd24535f343c6b2a252108d.jpeg\" data-object-fit=\"cover\" srcset=\"https:\/\/www.alcor-equipements.com\/wp-content\/uploads\/2024\/03\/nouadhibou_6150303d8fd24535f343c6b2a252108d.jpeg 979w, https:\/\/www.alcor-equipements.com\/wp-content\/uploads\/2024\/03\/nouadhibou_6150303d8fd24535f343c6b2a252108d-300x145.jpeg 300w, https:\/\/www.alcor-equipements.com\/wp-content\/uploads\/2024\/03\/nouadhibou_6150303d8fd24535f343c6b2a252108d-768x370.jpeg 768w, https:\/\/www.alcor-equipements.com\/wp-content\/uploads\/2024\/03\/nouadhibou_6150303d8fd24535f343c6b2a252108d-170x82.jpeg 170w\" sizes=\"auto, (max-width: 979px) 100vw, 979px\" \/><span aria-hidden=\"true\" class=\"wp-block-cover__background has-main-color-background-color has-background-dim-70 has-background-dim\"><\/span><div class=\"wp-block-cover__inner-container is-layout-flow wp-block-cover-is-layout-flow\">\n<div class=\"wp-block-columns alignwide is-layout-flex wp-container-core-columns-is-layout-9d6595d7 wp-block-columns-is-layout-flex\">\n<div class=\"wp-block-column is-layout-flow wp-block-column-is-layout-flow\" style=\"padding-top:0;padding-right:0;padding-bottom:0;padding-left:0;flex-basis:50%\">\n<div class=\"wp-block-group alignfull\" style=\"padding-top:0;padding-right:var(--wp--preset--spacing--30);padding-bottom:0;padding-left:0\"><div class=\"wp-block-group__inner-container is-layout-constrained wp-container-core-group-is-layout-bb789ed2 wp-block-group-is-layout-constrained\">\n<h2 class=\"wp-block-heading alignfull has-text-align-left is-style-fourth_title has-white-color has-text-color\">Tribune modulari temporanee e ampliamenti di stadi per eventi internazionali<\/h2>\n\n\n\n<hr class=\"wp-block-separator alignleft has-text-color has-snd-color-color has-alpha-channel-opacity has-snd-color-background-color has-background\"\/>\n\n\n\n<p class=\"has-white-color has-text-color has-link-color wp-elements-48135264ff6f6f10e60df827488ba599\">Le nostre tribune modulari sono state utilizzate in numerosi eventi sportivi e culturali in:<\/p>\n\n\n\n<ul class=\"wp-block-list\">\n<li class=\"has-white-color has-text-color has-link-color wp-elements-d34407f15f66983253500452b55a859b\">Gabon, Camerun, Niger, Costa d\u2019Avorio, Benin, Danimarca, Spagna, Belgio, Regno Unito<\/li>\n\n\n\n<li class=\"has-white-color has-text-color has-link-color wp-elements-3279ed888ac7fe1311484e86bf13279c\">Senegal, con una tribuna temporanea da 2000 posti<\/li>\n<\/ul>\n\n\n\n<p>Grazie alla nostra <strong>esperienza nell&#8217;esportazione di tribune<\/strong>, siamo in grado di soddisfare le esigenze di clienti in tutto il mondo, offrendo soluzioni personalizzate e di alta qualit\u00e0.<\/p>\n\n\n\n<h2 class=\"wp-block-heading is-style-third_title\">Perch\u00e9 scegliere le tribune modulari ALCOR Equipements per progetti internazionali?<\/h2>\n\n\n\n<h3 class=\"wp-block-heading is-style-fourth_title\">Per le competizioni internazionali<\/h3>\n\n\n\n<p>Gli organizzatori di eventi sportivi globali devono rispettare capitolati tecnici rigorosi, con tempi e budget limitati. La nostra esperienza in competizioni come <strong>UEFA 2016 in Francia<\/strong>, CAN U20 2021 in Mauritania, CAN 2022 in Camerun e CAN 2024 in Costa d\u2019Avorio ci rende il partner ideale per la vendita e distribuzione di tribune sui mercati esteri.<\/p>\n\n\n\n<p class=\"has-white-color has-text-color has-link-color wp-elements-b69e2f971b9e749de5d45b2e3399ce97\">Offriamo soluzioni flessibili: se disponete di uno spazio di stoccaggio, le tribune possono essere accompagnate da rack per conservare gli elementi non utilizzati. Inoltre, grazie al software Wintrib, \u00e8 possibile configurare diverse soluzioni di gradinate a partire dagli elementi acquistati.<\/p>\n<\/div><\/div>\n<\/div>\n\n\n\n<div class=\"wp-block-column is-layout-flow wp-block-column-is-layout-flow\" style=\"flex-basis:50%\">\n<div class=\"wp-block-group\" style=\"padding-top:0;padding-right:var(--wp--preset--spacing--30);padding-bottom:0;padding-left:0\"><div class=\"wp-block-group__inner-container is-layout-constrained wp-container-core-group-is-layout-bb789ed2 wp-block-group-is-layout-constrained\">\n<h3 class=\"wp-block-heading is-style-fourth_title has-link-color wp-elements-117f15e5599ebab0af9070c2c188015b\">Per progetti locali<\/h3>\n\n\n\n<p>Le nostre tribune modulari sono ideali anche per progetti di prossimit\u00e0, grazie al basso investimento iniziale e alla facilit\u00e0 di costruzione. Alcuni esempi:<\/p>\n\n\n\n<ul class=\"wp-block-list\">\n<li class=\"has-white-color has-text-color has-link-color wp-elements-5ca1b5e2f99dcf328b9b5e1fb34bad13\">5 tribune da 400 e 500 posti in diversi stadi a Dakar, Senegal.<\/li>\n\n\n\n<li class=\"has-white-color has-text-color has-link-color wp-elements-2f2a3ee6479736c41ca6f0d60aac99ee\">5 tribune da 500, 1000 e 2000 posti in diversi stadi a Nouakchott, Mauritania.<\/li>\n\n\n\n<li class=\"has-white-color has-text-color has-link-color wp-elements-f5770f0db809d9e81929c99d1cc6a970\">2000 posti in 17 tribune su 8 agor\u00e0 sportive in Costa d\u2019Avorio.<\/li>\n\n\n\n<li class=\"has-white-color has-text-color has-link-color wp-elements-1272b3d6d383eca093b9b7caceb44c1e\">2 tribune coperte da 2000 posti ciascuna per la festa nazionale del Benin.<\/li>\n<\/ul>\n\n\n\n<h2 class=\"wp-block-heading is-style-third_title\">I vantaggi della costruzione modulare per la vendita di tribune all&#8217;estero<\/h2>\n\n\n\n<p>La costruzione modulare rappresenta oggi la soluzione ideale per rispondere alle esigenze di tribune permanenti e temporanee. I principali vantaggi includono:<\/p>\n\n\n\n<ul class=\"wp-block-list\">\n<li class=\"has-white-color has-text-color has-link-color wp-elements-e8db546644a3439cd03262c87f0f3697\"><strong>Costo ridotto<\/strong>: in media, la costruzione modulare \u00e8 tre volte meno costosa rispetto a una costruzione tradizionale in cemento.<\/li>\n\n\n\n<li class=\"has-white-color has-text-color has-link-color wp-elements-5fd62fff18f65d8476b52490ae5237b7\"><strong>Tempi rapidi<\/strong>: una tribuna da 1000 posti pu\u00f2 essere installata in un solo giorno.<\/li>\n\n\n\n<li class=\"has-white-color has-text-color has-link-color wp-elements-9080e7c72ff8425d1a4061c35bd14ebc\"><strong>Flessibilit\u00e0<\/strong>: le tribune modulari possono essere montate, smontate e spostate con estrema facilit\u00e0.<\/li>\n\n\n\n<li><a href=\"https:\/\/www.alcor-equipements.com\/it\/tribuna-coperta-abristade\/\">Piccola tribuna coperta a partire da 20 posti<\/a><\/li>\n<\/ul>\n\n\n\n<p>Grazie alla nostra esperienza nella <strong>commercializzazione di tribune a livello internazionale<\/strong>, siamo in grado di offrire soluzioni innovative e personalizzate per ogni progetto, garantendo qualit\u00e0, rapidit\u00e0 e convenienza.<\/p>\n\n\n\n<p class=\"has-white-color has-text-color has-link-color wp-elements-062344c4eac721bf059a3c1b2bdf50d3\">Contattaci per scoprire di pi\u00f9 sulla nostra <strong>vendita di tribune all&#8217;estero<\/strong> e sulle soluzioni modulari che possiamo offrirti!<\/p>\n\n\n\n<div class=\"wp-block-buttons is-content-justification-center is-layout-flex wp-container-core-buttons-is-layout-16018d1d wp-block-buttons-is-layout-flex\">\n<div class=\"wp-block-button is-style-fill-light\"><a class=\"wp-block-button__link wp-element-button\" href=\"https:\/\/www.alcor-equipements.com\/it\/contact\/\">Ci contatti<\/a><\/div>\n<\/div>\n<\/div><\/div>\n<\/div>\n<\/div>\n<\/div><\/div>\n\n\n\n<div class=\"wp-block-group\"><div class=\"wp-block-group__inner-container is-layout-constrained wp-block-group-is-layout-constrained\">\n<h2 class=\"wp-block-heading has-text-align-center is-style-third_title has-main-color-color has-text-color has-link-color wp-elements-f8144d7518f3ef25f70a81650aba59c5\">I nostri prodotti<\/h2>\n\n\n\n<hr class=\"wp-block-separator has-text-color has-snd-color-color has-alpha-channel-opacity has-snd-color-background-color has-background is-style-short-thick\"\/>\n\n\n\n<div class=\"is-grid columns-3 wp-block-custom-blocks-latest-products\">\n\n\t\t\t\t<ul class='wp-block-custom-blocks-latest-products__filters'>\n\t\t\t\t<li>\n\t\t\t\t\t<button class=\"wp-block-custom-blocks-latest-products__filters__filter wp-block-custom-blocks-latest-products__filters__filter--active\">\n\t\t\t\t\t\tTous\t\t\t\t\t<\/button>\n\t\t\t\t<\/li>\n\t\t\t\t\t\t\t\t\t<li>\n\t\t\t\t\t\t<button \n\t\t\t\t\t\t\tclass='wp-block-custom-blocks-latest-products__filters__filter'\n\t\t\t\t\t\t\tdata-termid='32'>Vente\t\t\t\t\t\t<\/button>\n\t\t\t\t\t<\/li>\n\t\t\t\t\t\t\t\t\t<li>\n\t\t\t\t\t\t<button \n\t\t\t\t\t\t\tclass='wp-block-custom-blocks-latest-products__filters__filter'\n\t\t\t\t\t\t\tdata-termid='33'>Location\t\t\t\t\t\t<\/button>\n\t\t\t\t\t<\/li>\n\t\t\t\t\t\t\t\t\t<li>\n\t\t\t\t\t\t<button \n\t\t\t\t\t\t\tclass='wp-block-custom-blocks-latest-products__filters__filter'\n\t\t\t\t\t\t\tdata-termid='34'>International\t\t\t\t\t\t<\/button>\n\t\t\t\t\t<\/li>\n\t\t\t\t\t\t\t<\/ul>\n\t\t\n\t\t\t\t<ul \n\t\t\t\tclass = \"wp-block-custom-blocks-latest-products__list\"\n\t\t\t\t\t\t\t\t\tdata-post_type=\"produit\"\n\t\t\t\t\t\t\t\t\tdata-posts_per_page=\"6\"\n\t\t\t\t\t\t\t\t\tdata-order=\"desc\"\n\t\t\t\t\t\t\t\t\tdata-orderby=\"date\"\n\t\t\t\t\t\t\t\t\tdata-post_count=\"10\"\n\t\t\t\t\t\t\t\t\tdata-columns=\"3\"\n\t\t\t\t\t\t\t\t\tdata-display_loadmore=\"none\"\n\t\t\t\t\t\t\t\t\tdata-offset=\"6\"\n\t\t\t\t\t\t\t\t\tdata-layout=\"grid\"\n\t\t\t\t\t\t\t\t\tdata-display_picto=\"1\"\n\t\t\t\t\t\t\t>\n\t\t\t\t\t\t<li class=\"wp-block-custom-blocks-latest-products__post\">\n\t\t\t\n\t\t\t\t\t\t\t\t\t<div class=\"wp-block-custom-blocks-latest-products__post__picto\">\n                        <img decoding=\"async\" src=\"https:\/\/www.alcor-equipements.com\/wp-content\/uploads\/2024\/04\/alcor-productmobiles.svg\" alt=\"\" \/>\n\t\t\t\t\t<\/div>\n\t\t\t\t\n\t\t\t\t\t\t\t\t<div class='wp-block-custom-blocks-latest-products__post-content'>\n\n\t\t\t\t\t\t\t\t\t\t<a class=\"wp-block-custom-blocks-latest-products__post-title\" href=\"https:\/\/www.alcor-equipements.com\/it\/gradinate-legno\/\">Gradinata in legno<\/a>\n\n\t\t\t\t\t\n\t\t\t\t\t\n\t\t\t\t\t\n\t\t\t\t\t\t\t\t\t\t\n\t\t\t\t<\/div>\n\t\t\t\n\t\t\t\t\t\t\t<\/li>\n\t\t\t\t\t\t\t\t\t<li class=\"wp-block-custom-blocks-latest-products__post\">\n\t\t\t\n\t\t\t\t\t\t\t\t\t<div class=\"wp-block-custom-blocks-latest-products__post__picto\">\n                        <img decoding=\"async\" src=\"https:\/\/www.alcor-equipements.com\/wp-content\/uploads\/2024\/04\/alcor-productmobiles.svg\" alt=\"\" \/>\n\t\t\t\t\t<\/div>\n\t\t\t\t\n\t\t\t\t\t\t\t\t<div class='wp-block-custom-blocks-latest-products__post-content'>\n\n\t\t\t\t\t\t\t\t\t\t<a class=\"wp-block-custom-blocks-latest-products__post-title\" href=\"https:\/\/www.alcor-equipements.com\/it\/tribune-trasportabili\/\">Tribune trasportabili<\/a>\n\n\t\t\t\t\t\n\t\t\t\t\t\n\t\t\t\t\t\n\t\t\t\t\t\t\t\t\t\t\n\t\t\t\t<\/div>\n\t\t\t\n\t\t\t\t\t\t\t<\/li>\n\t\t\t\t\t\t\t\t\t<li class=\"wp-block-custom-blocks-latest-products__post\">\n\t\t\t\n\t\t\t\t\t\t\t\t\t<div class=\"wp-block-custom-blocks-latest-products__post__picto\">\n                        <img decoding=\"async\" src=\"https:\/\/www.alcor-equipements.com\/wp-content\/uploads\/2024\/04\/alcor-productstade.svg\" alt=\"\" \/>\n\t\t\t\t\t<\/div>\n\t\t\t\t\n\t\t\t\t\t\t\t\t<div class='wp-block-custom-blocks-latest-products__post-content'>\n\n\t\t\t\t\t\t\t\t\t\t<a class=\"wp-block-custom-blocks-latest-products__post-title\" href=\"https:\/\/www.alcor-equipements.com\/it\/podio-palco-modulari\/\">Noleggio di podi e palchi modulari<\/a>\n\n\t\t\t\t\t\n\t\t\t\t\t\n\t\t\t\t\t\n\t\t\t\t\t\t\t\t\t\t\n\t\t\t\t<\/div>\n\t\t\t\n\t\t\t\t\t\t\t<\/li>\n\t\t\t\t\t\t\t\t\t<li class=\"wp-block-custom-blocks-latest-products__post\">\n\t\t\t\n\t\t\t\t\t\t\t\t\t<div class=\"wp-block-custom-blocks-latest-products__post__picto\">\n                        <img decoding=\"async\" src=\"https:\/\/www.alcor-equipements.com\/wp-content\/uploads\/2024\/03\/alcor-productmobiles.svg\" alt=\"\" \/>\n\t\t\t\t\t<\/div>\n\t\t\t\t\n\t\t\t\t\t\t\t\t<div class='wp-block-custom-blocks-latest-products__post-content'>\n\n\t\t\t\t\t\t\t\t\t\t<a class=\"wp-block-custom-blocks-latest-products__post-title\" href=\"https:\/\/www.alcor-equipements.com\/it\/tribuna-sportiva\/\">Tribuna sportiva<\/a>\n\n\t\t\t\t\t\n\t\t\t\t\t\n\t\t\t\t\t\n\t\t\t\t\t\t\t\t\t\t\n\t\t\t\t<\/div>\n\t\t\t\n\t\t\t\t\t\t\t<\/li>\n\t\t\t\t\t\t\t\t\t<li class=\"wp-block-custom-blocks-latest-products__post\">\n\t\t\t\n\t\t\t\t\t\t\t\t\t<div class=\"wp-block-custom-blocks-latest-products__post__picto\">\n                        <img decoding=\"async\" src=\"https:\/\/www.alcor-equipements.com\/wp-content\/uploads\/2024\/04\/alcor-1_-scaled.jpg\" alt=\"\" \/>\n\t\t\t\t\t<\/div>\n\t\t\t\t\n\t\t\t\t\t\t\t\t<div class='wp-block-custom-blocks-latest-products__post-content'>\n\n\t\t\t\t\t\t\t\t\t\t<a class=\"wp-block-custom-blocks-latest-products__post-title\" href=\"https:\/\/www.alcor-equipements.com\/it\/gradinate-50-posti\/\">Gradinate da 50 posti: vendita e noleggio per ogni evento<\/a>\n\n\t\t\t\t\t\n\t\t\t\t\t\n\t\t\t\t\t\n\t\t\t\t\t\t\t\t\t\t\n\t\t\t\t<\/div>\n\t\t\t\n\t\t\t\t\t\t\t<\/li>\n\t\t\t\t\t\t\t\t\t<li class=\"wp-block-custom-blocks-latest-products__post\">\n\t\t\t\n\t\t\t\t\t\t\t\t\t<div class=\"wp-block-custom-blocks-latest-products__post__picto\">\n                        <img decoding=\"async\" src=\"https:\/\/www.alcor-equipements.com\/wp-content\/uploads\/2024\/04\/alcor-productevenementiel.svg\" alt=\"\" \/>\n\t\t\t\t\t<\/div>\n\t\t\t\t\n\t\t\t\t\t\t\t\t<div class='wp-block-custom-blocks-latest-products__post-content'>\n\n\t\t\t\t\t\t\t\t\t\t<a class=\"wp-block-custom-blocks-latest-products__post-title\" href=\"https:\/\/www.alcor-equipements.com\/it\/tribuna-tubolare\/\">Vendita e noleggio di tribune tubolari<\/a>\n\n\t\t\t\t\t\n\t\t\t\t\t\n\t\t\t\t\t\n\t\t\t\t\t\t\t\t\t\t\n\t\t\t\t<\/div>\n\t\t\t\n\t\t\t\t\t\t\t<\/li>\n\t\t\t\t\t\t\t\t<\/ul>\n\t\t\t\n\t\n<\/div><\/div><\/div>\n\n\n\n<div class=\"wp-block-cover alignfull deco\"><img loading=\"lazy\" decoding=\"async\" width=\"2560\" height=\"1920\" class=\"wp-block-cover__image-background wp-image-1334\" alt=\"Comit\u00e9 d'organisation France tir \u00e0 l'arc Ch\u00e2teau de vincennes_2022_1576places\" src=\"http:\/\/www.alcor-equipements.com\/wp-content\/uploads\/2024\/04\/alcor-img_1213-scaled.jpg\" data-object-fit=\"cover\" srcset=\"https:\/\/www.alcor-equipements.com\/wp-content\/uploads\/2024\/04\/alcor-img_1213-scaled.jpg 2560w, https:\/\/www.alcor-equipements.com\/wp-content\/uploads\/2024\/04\/alcor-img_1213-300x225.jpg 300w, https:\/\/www.alcor-equipements.com\/wp-content\/uploads\/2024\/04\/alcor-img_1213-1024x768.jpg 1024w, https:\/\/www.alcor-equipements.com\/wp-content\/uploads\/2024\/04\/alcor-img_1213-768x576.jpg 768w, https:\/\/www.alcor-equipements.com\/wp-content\/uploads\/2024\/04\/alcor-img_1213-1536x1152.jpg 1536w, https:\/\/www.alcor-equipements.com\/wp-content\/uploads\/2024\/04\/alcor-img_1213-2048x1536.jpg 2048w, https:\/\/www.alcor-equipements.com\/wp-content\/uploads\/2024\/04\/alcor-img_1213-170x128.jpg 170w\" sizes=\"auto, (max-width: 2560px) 100vw, 2560px\" \/><span aria-hidden=\"true\" class=\"wp-block-cover__background has-main-color-background-color has-background-dim-70 has-background-dim\"><\/span><div class=\"wp-block-cover__inner-container is-layout-flow wp-block-cover-is-layout-flow\">\n<h2 class=\"wp-block-heading has-text-align-center is-style-third_title has-white-color has-text-color\">Hai una domanda?<\/h2>\n\n\n\n<div style=\"height:47px\" aria-hidden=\"true\" class=\"wp-block-spacer\"><\/div>\n\n\n\n<div class=\"wp-block-buttons is-content-justification-center is-layout-flex wp-container-core-buttons-is-layout-16018d1d wp-block-buttons-is-layout-flex\">\n<div class=\"wp-block-button is-style-fill-light\"><a class=\"wp-block-button__link wp-element-button\" href=\"https:\/\/www.alcor-equipements.com\/it\/nostra-competenza\/#faqAnchor\">Consulta le nostre FAQ<\/a><\/div>\n<\/div>\n<\/div><\/div>\n","protected":false},"excerpt":{"rendered":"<p>I nostri prodotti<\/p>\n","protected":false},"author":1,"featured_media":3865,"parent":0,"menu_order":62,"comment_status":"closed","ping_status":"closed","template":"","meta":{"_acf_changed":false,"inline_featured_image":false,"footnotes":""},"class_list":["post-3864","page","type-page","status-publish","has-post-thumbnail","hentry"],"acf":[],"_links":{"self":[{"href":"https:\/\/www.alcor-equipements.com\/it\/wp-json\/wp\/v2\/pages\/3864","targetHints":{"allow":["GET"]}}],"collection":[{"href":"https:\/\/www.alcor-equipements.com\/it\/wp-json\/wp\/v2\/pages"}],"about":[{"href":"https:\/\/www.alcor-equipements.com\/it\/wp-json\/wp\/v2\/types\/page"}],"author":[{"embeddable":true,"href":"https:\/\/www.alcor-equipements.com\/it\/wp-json\/wp\/v2\/users\/1"}],"replies":[{"embeddable":true,"href":"https:\/\/www.alcor-equipements.com\/it\/wp-json\/wp\/v2\/comments?post=3864"}],"version-history":[{"count":6,"href":"https:\/\/www.alcor-equipements.com\/it\/wp-json\/wp\/v2\/pages\/3864\/revisions"}],"predecessor-version":[{"id":5537,"href":"https:\/\/www.alcor-equipements.com\/it\/wp-json\/wp\/v2\/pages\/3864\/revisions\/5537"}],"wp:featuredmedia":[{"embeddable":true,"href":"https:\/\/www.alcor-equipements.com\/it\/wp-json\/wp\/v2\/media\/3865"}],"wp:attachment":[{"href":"https:\/\/www.alcor-equipements.com\/it\/wp-json\/wp\/v2\/media?parent=3864"}],"curies":[{"name":"wp","href":"https:\/\/api.w.org\/{rel}","templated":true}]}}