{"id":3812,"date":"2024-06-17T15:43:31","date_gmt":"2024-06-17T13:43:31","guid":{"rendered":"https:\/\/www.alcor-equipements.com\/tribune-metallique\/"},"modified":"2026-01-27T14:13:21","modified_gmt":"2026-01-27T13:13:21","slug":"tribune-metalliche","status":"publish","type":"page","link":"https:\/\/www.alcor-equipements.com\/it\/tribune-metalliche\/","title":{"rendered":"Tribune metalliche"},"content":{"rendered":"\n<div class=\"wp-block-cover alignfull is-light deco\"><img loading=\"lazy\" decoding=\"async\" width=\"2048\" height=\"1534\" class=\"wp-block-cover__image-background wp-image-1089\" alt=\"Cadre Noir Pontorson Mont Saint Michel 5104 places 4 tribunes modulaires \u00e9v\u00e8nementielles\" src=\"http:\/\/www.alcor-equipements.com\/wp-content\/uploads\/2024\/04\/alcor-1690274801211.jpg\" data-object-fit=\"cover\" srcset=\"https:\/\/www.alcor-equipements.com\/wp-content\/uploads\/2024\/04\/alcor-1690274801211.jpg 2048w, https:\/\/www.alcor-equipements.com\/wp-content\/uploads\/2024\/04\/alcor-1690274801211-300x225.jpg 300w, https:\/\/www.alcor-equipements.com\/wp-content\/uploads\/2024\/04\/alcor-1690274801211-1024x767.jpg 1024w, https:\/\/www.alcor-equipements.com\/wp-content\/uploads\/2024\/04\/alcor-1690274801211-768x575.jpg 768w, https:\/\/www.alcor-equipements.com\/wp-content\/uploads\/2024\/04\/alcor-1690274801211-1536x1151.jpg 1536w, https:\/\/www.alcor-equipements.com\/wp-content\/uploads\/2024\/04\/alcor-1690274801211-170x127.jpg 170w\" sizes=\"auto, (max-width: 2048px) 100vw, 2048px\" \/><span aria-hidden=\"true\" class=\"wp-block-cover__background has-white-background-color has-background-dim-80 has-background-dim\"><\/span><div class=\"wp-block-cover__inner-container is-layout-flow wp-block-cover-is-layout-flow\">\n<div style=\"height:50px\" aria-hidden=\"true\" class=\"wp-block-spacer\"><\/div>\n\n\n\n<h1 class=\"wp-block-heading has-text-align-center is-style-main_title has-main-color-color has-text-color\">Tribune metalliche e gradinate in acciaio: vendita e noleggio<\/h1>\n\n\n\n<hr class=\"wp-block-separator has-text-color has-snd-color-color has-alpha-channel-opacity has-snd-color-background-color has-background\"\/>\n\n\n\n<p class=\"has-text-align-center has-main-color-color has-text-color has-link-color wp-elements-f8dadc98bec723086bd752bf7ab75dff\">Cercate una <strong>tribuna metallica<\/strong> per un\u2019installazione permanente o temporanea? Il servizio di vendita e noleggio di gradinate metalliche di ALCOR Equipements \u00e8 la soluzione ideale per voi. Progettate le vostre tribune in acciaio su misura, in base alle esigenze specifiche del vostro evento. Eventi sportivi, spettacoli culturali, al chiuso o all\u2019aperto: abbiamo le <strong>gradinate in metallo<\/strong> di cui avete bisogno. Contattateci ora per un preventivo gratuito e senza impegno.<\/p>\n\n\n\n<div style=\"height:50px\" aria-hidden=\"true\" class=\"wp-block-spacer\"><\/div>\n<\/div><\/div>\n\n\n\n<div class=\"wp-block-cover alignfull\" style=\"padding-top:7.5rem;padding-right:0rem;padding-bottom:7.5rem;padding-left:0rem\"><img loading=\"lazy\" decoding=\"async\" width=\"2048\" height=\"1536\" class=\"wp-block-cover__image-background wp-image-1099\" alt=\"\" src=\"http:\/\/www.alcor-equipements.com\/wp-content\/uploads\/2024\/04\/alcor-img_3040-scaled.jpg\" data-object-fit=\"cover\" srcset=\"https:\/\/www.alcor-equipements.com\/wp-content\/uploads\/2024\/04\/alcor-img_3040-scaled.jpg 2048w, https:\/\/www.alcor-equipements.com\/wp-content\/uploads\/2024\/04\/alcor-img_3040-300x225.jpg 300w, https:\/\/www.alcor-equipements.com\/wp-content\/uploads\/2024\/04\/alcor-img_3040-1024x768.jpg 1024w, https:\/\/www.alcor-equipements.com\/wp-content\/uploads\/2024\/04\/alcor-img_3040-768x576.jpg 768w, https:\/\/www.alcor-equipements.com\/wp-content\/uploads\/2024\/04\/alcor-img_3040-1536x1152.jpg 1536w, https:\/\/www.alcor-equipements.com\/wp-content\/uploads\/2024\/04\/alcor-img_3040-170x128.jpg 170w\" sizes=\"auto, (max-width: 2048px) 100vw, 2048px\" \/><span aria-hidden=\"true\" class=\"wp-block-cover__background has-main-color-background-color has-background-dim-70 has-background-dim\"><\/span><div class=\"wp-block-cover__inner-container is-layout-flow wp-block-cover-is-layout-flow\">\n<div class=\"wp-block-columns alignwide is-layout-flex wp-container-core-columns-is-layout-9d6595d7 wp-block-columns-is-layout-flex\">\n<div class=\"wp-block-column is-layout-flow wp-block-column-is-layout-flow\" style=\"padding-top:0;padding-right:0;padding-bottom:0;padding-left:0;flex-basis:50%\">\n<div class=\"wp-block-group alignfull\" style=\"padding-top:0;padding-right:var(--wp--preset--spacing--30);padding-bottom:0;padding-left:0\"><div class=\"wp-block-group__inner-container is-layout-constrained wp-container-core-group-is-layout-bb789ed2 wp-block-group-is-layout-constrained\">\n<h2 class=\"wp-block-heading alignfull has-text-align-left is-style-fourth_title has-white-color has-text-color\">I vantaggi delle tribune metalliche<\/h2>\n\n\n\n<hr class=\"wp-block-separator alignleft has-text-color has-snd-color-color has-alpha-channel-opacity has-snd-color-background-color has-background\"\/>\n<\/div><\/div>\n\n\n\n<p class=\"has-white-color has-text-color has-link-color wp-elements-5427523516f4d39591b96821e48e029c\">Le <strong>tribune metalliche<\/strong> offrono numerosi vantaggi, motivo per cui sono la scelta preferita dagli organizzatori di eventi sportivi, culturali e ricreativi.<\/p>\n\n\n\n<p class=\"has-white-color has-text-color has-link-color wp-elements-6d82a9d8cc9a764339c6df1b38da4289\">La robustezza e la durata delle <a href=\"https:\/\/www.alcor-equipements.com\/it\/tribuna-tubolare\/\">tribune tubolari<\/a> metalliche sono indiscutibili. Progettate per resistere alle condizioni climatiche pi\u00f9 difficili e a un uso intensivo, la solidit\u00e0 della loro struttura garantisce una lunga durata, anche in ambienti esterni (come stadi di calcio, ecc.). La sicurezza \u00e8 una priorit\u00e0: le nostre tribune modulari includono elementi come parapetti e scale antiscivolo, garantendo la protezione degli spettatori.<\/p>\n<\/div>\n\n\n\n<div class=\"wp-block-column is-layout-flow wp-block-column-is-layout-flow\" style=\"flex-basis:50%\">\n<div class=\"wp-block-group\" style=\"padding-top:0;padding-right:var(--wp--preset--spacing--30);padding-bottom:0;padding-left:0\"><div class=\"wp-block-group__inner-container is-layout-constrained wp-container-core-group-is-layout-bb789ed2 wp-block-group-is-layout-constrained\">\n<p class=\"has-white-color has-text-color has-link-color wp-elements-d6abdf7c288b144aebbb88f4d7419d14\">La modularit\u00e0 delle <strong>tribune mobili in acciaio<\/strong> consente un adattamento facile a diversi spazi e configurazioni. \u00c8 possibile installare una tribuna metallica fissa, ma, se necessario, pu\u00f2 essere ampliata o ridotta in base alle esigenze future.<\/p>\n\n\n\n<p class=\"has-white-color has-text-color has-link-color wp-elements-f377ad9a0a6d5444cd69f6c013faf974\">Oltre a essere funzionali, le nostre tribune, sia a noleggio che fisse, offrono un design curato e sedute confortevoli, per garantire un\u2019esperienza di alto livello agli spettatori. L\u2019installazione rapida e semplice delle tribune metalliche ALCOR Equipements riduce i costi e i tempi di montaggio (sistema senza viti n\u00e9 bulloni). Sono quindi ideali per il noleggio.<\/p>\n<\/div><\/div>\n<\/div>\n<\/div>\n<\/div><\/div>\n\n\n\n<div class=\"wp-block-columns alignwide are-vertically-aligned-top photo_texte is-layout-flex wp-container-core-columns-is-layout-29ddea0f wp-block-columns-is-layout-flex\" style=\"padding-top:80px;padding-bottom:80px\">\n<div class=\"wp-block-column is-layout-flow wp-block-column-is-layout-flow\" style=\"flex-basis:66%\">\n<p>Per quali eventi sono adatte le tribune in metallo?<\/p>\n\n\n\n<p>Le nostre tribune metalliche per stadi sono estremamente versatili e si adattano perfettamente a qualsiasi tipo di evento. Ad esempio:<\/p>\n\n\n\n<ul class=\"wp-block-list\">\n<li><strong>Eventi sportivi<\/strong>: gradinate metalliche per calcio, rugby, atletica, ecc.<\/li>\n\n\n\n<li><strong>Concerti e festival<\/strong>: per offrire una vista ottimale a tutti gli spettatori, con <a href=\"https:\/\/www.alcor-equipements.com\/it\/tribuna-coperta\/\">tribune coperte<\/a> o scoperte. Ad esempio, \u00e8 possibile <a href=\"https:\/\/www.alcor-equipements.com\/it\/tribune-centri-congressi\/\">installare delle tribune in un centro congressi<\/a>.<\/li>\n\n\n\n<li><strong>Manifestazioni culturali<\/strong>: tribune per teatri all\u2019aperto, spettacoli, proiezioni cinematografiche, gradinate smontabili per balletti all\u2019aperto, ecc.<\/li>\n\n\n\n<li><strong>Conferenze e seminari<\/strong>: installazione di <strong>tribune temporanee in acciaio<\/strong> per grandi raduni.<\/li>\n\n\n\n<li><strong>Eventi scolastici<\/strong>: competizioni sportive, cerimonie di laurea, ecc.<\/li>\n<\/ul>\n\n\n\n<p class=\"is-style-fourth_title\"><strong>Tribuna metallica personalizzata<\/strong><\/p>\n\n\n\n<p>Qualunque sia il tipo di evento, puoi configurare la Sua tribuna metallica per soddisfare tutte le Sue esigenze. Tipo di seduta, numero di file, presenza di una copertura, accesso per persone con mobilit\u00e0 ridotta, area VIP, tribuna lineare o ad arco\u2026 tutto \u00e8 possibile.<\/p>\n\n\n\n<ul class=\"wp-block-list\">\n<li><a href=\"https:\/\/www.alcor-equipements.com\/it\/noleggio-gradinate\/\">Noleggio di gradinate da 100 a 500 posti<\/a><\/li>\n\n\n\n<li><a href=\"https:\/\/www.alcor-equipements.com\/it\/noleggio-tribune-modulari-sportive\/\">Noleggio di tribune modulari per competizioni sportive<\/a><\/li>\n<\/ul>\n\n\n\n<p><strong>Tribune metalliche da 100 a migliaia di posti<\/strong><\/p>\n\n\n\n<p>Da Alcor Equipement, comprendiamo che ogni evento \u00e8 unico. Per questo motivo, offriamo una vasta gamma di dimensioni e configurazioni per le vostre tribune metalliche.<\/p>\n<\/div>\n\n\n\n<div class=\"wp-block-column is-layout-flow wp-block-column-is-layout-flow\" style=\"flex-basis:34%\">\n<figure class=\"wp-block-image size-large is-resized\"><img loading=\"lazy\" decoding=\"async\" width=\"1024\" height=\"768\" src=\"https:\/\/www.alcor-equipements.com\/wp-content\/uploads\/2024\/04\/alcor-img_1581-1024x768.jpg\" alt=\"BMX NANTES FFC cyclisme 5768 places\" class=\"wp-image-1322\" style=\"width:372px;height:auto\" srcset=\"https:\/\/www.alcor-equipements.com\/wp-content\/uploads\/2024\/04\/alcor-img_1581-1024x768.jpg 1024w, https:\/\/www.alcor-equipements.com\/wp-content\/uploads\/2024\/04\/alcor-img_1581-300x225.jpg 300w, https:\/\/www.alcor-equipements.com\/wp-content\/uploads\/2024\/04\/alcor-img_1581-768x576.jpg 768w, https:\/\/www.alcor-equipements.com\/wp-content\/uploads\/2024\/04\/alcor-img_1581-1536x1152.jpg 1536w, https:\/\/www.alcor-equipements.com\/wp-content\/uploads\/2024\/04\/alcor-img_1581-2048x1536.jpg 2048w, https:\/\/www.alcor-equipements.com\/wp-content\/uploads\/2024\/04\/alcor-img_1581-170x128.jpg 170w\" sizes=\"auto, (max-width: 1024px) 100vw, 1024px\" \/><\/figure>\n\n\n\n<ul class=\"wp-block-list\">\n<li><strong>Tribune piccole<\/strong>: a partire da 100 posti, o anche meno con il nostro concept Abristade (disponibile solo per la vendita).<\/li>\n\n\n\n<li><strong>Tribune medie<\/strong>: da alcune centinaia a migliaia di posti, perfette per il Suo pubblico.<\/li>\n\n\n\n<li><strong>Tribune grandi<\/strong>: aspetti 5.000, 10.000 o pi\u00f9 spettatori? Nessun problema, possiamo gestire grandi affluenze.<\/li>\n<\/ul>\n<\/div>\n<\/div>\n\n\n\n<div class=\"wp-block-columns alignwide are-vertically-aligned-top photo_texte is-layout-flex wp-container-core-columns-is-layout-29ddea0f wp-block-columns-is-layout-flex\" style=\"padding-top:80px;padding-bottom:80px\">\n<div class=\"wp-block-column is-layout-flow wp-block-column-is-layout-flow\" style=\"flex-basis:50%\">\n<h2 class=\"wp-block-heading is-style-fourth_title\">Perch\u00e9 scegliere ALCOR Equipements per le Sue tribune modulari?<\/h2>\n\n\n\n<figure class=\"wp-block-image size-large\"><img loading=\"lazy\" decoding=\"async\" width=\"1024\" height=\"768\" src=\"https:\/\/www.alcor-equipements.com\/wp-content\/uploads\/2024\/04\/alcor-depuis-2021_francofolies_la-rochelle_2tdem_envion-1700pl_configuration-qui-evolue-chaque-annee-1024x768.jpg\" alt=\"Francofolies tribune modulaire \u00e9v\u00e8nementielle 1700 places\" class=\"wp-image-1117\" srcset=\"https:\/\/www.alcor-equipements.com\/wp-content\/uploads\/2024\/04\/alcor-depuis-2021_francofolies_la-rochelle_2tdem_envion-1700pl_configuration-qui-evolue-chaque-annee-1024x768.jpg 1024w, https:\/\/www.alcor-equipements.com\/wp-content\/uploads\/2024\/04\/alcor-depuis-2021_francofolies_la-rochelle_2tdem_envion-1700pl_configuration-qui-evolue-chaque-annee-300x225.jpg 300w, https:\/\/www.alcor-equipements.com\/wp-content\/uploads\/2024\/04\/alcor-depuis-2021_francofolies_la-rochelle_2tdem_envion-1700pl_configuration-qui-evolue-chaque-annee-768x576.jpg 768w, https:\/\/www.alcor-equipements.com\/wp-content\/uploads\/2024\/04\/alcor-depuis-2021_francofolies_la-rochelle_2tdem_envion-1700pl_configuration-qui-evolue-chaque-annee-1536x1152.jpg 1536w, https:\/\/www.alcor-equipements.com\/wp-content\/uploads\/2024\/04\/alcor-depuis-2021_francofolies_la-rochelle_2tdem_envion-1700pl_configuration-qui-evolue-chaque-annee-2048x1536.jpg 2048w, https:\/\/www.alcor-equipements.com\/wp-content\/uploads\/2024\/04\/alcor-depuis-2021_francofolies_la-rochelle_2tdem_envion-1700pl_configuration-qui-evolue-chaque-annee-170x128.jpg 170w\" sizes=\"auto, (max-width: 1024px) 100vw, 1024px\" \/><\/figure>\n\n\n\n<p><\/p>\n<\/div>\n\n\n\n<div class=\"wp-block-column is-layout-flow wp-block-column-is-layout-flow\" style=\"flex-basis:50%\">\n<p>Da ALCOR Equipements troverai tribune in metallo di alta qualit\u00e0, perfettamente adatte alle vostre esigenze. Ecco perch\u00e9 sceglierci:<\/p>\n\n\n\n<p><strong>Servizio personalizzato<\/strong>: lavoriamo a stretto contatto con i nostri clienti per progettare tribune e strutture che soddisfino esattamente le loro esigenze.<\/p>\n\n\n\n<p><strong>Supporto tecnico professionale<\/strong>: il nostro team di tecnici qualificati \u00e8 disponibile per garantire un\u2019installazione impeccabile e un servizio post-vendita reattivo.<\/p>\n\n\n\n<p><strong>Esperienza e competenza<\/strong>: con decenni di esperienza nel settore, abbiamo sviluppato un know-how unico nella progettazione e installazione di tribune metalliche, in Francia e nel mondo.<\/p>\n\n\n\n<p><strong>Sistema unico senza viti n\u00e9 bulloni<\/strong>: il nostro concept consente un montaggio rapido e sicuro delle gradinate mettaliche.<\/p>\n\n\n\n<p><strong>Qualit\u00e0 superiore<\/strong>: le nostre tribune sono realizzate con materiali di alta qualit\u00e0 per garantire robustezza e sicurezza.<\/p>\n<\/div>\n<\/div>\n\n\n\n<div class=\"wp-block-columns is-style-deco is-layout-flex wp-container-core-columns-is-layout-29ddea0f wp-block-columns-is-layout-flex\" style=\"padding-top:80px;padding-bottom:80px\">\n<div class=\"wp-block-column is-layout-flow wp-block-column-is-layout-flow\">\n<h3 class=\"wp-block-heading has-text-align-center is-style-third_title has-grey-color has-text-color\" style=\"padding-bottom:0px\">Preventivo gratuito per tribune metalliche in Italia<\/h3>\n\n\n\n<hr class=\"wp-block-separator has-text-color has-snd-color-color has-alpha-channel-opacity has-snd-color-background-color has-background is-style-short-thick is-style-main_separator\"\/>\n\n\n\n<p class=\"has-text-align-center has-grey-color has-text-color\" style=\"padding-bottom:25px\">Per ottenere un <strong>preventivo gratuito<\/strong> per il Suo progetto di <strong>tribuna metallica<\/strong>, fissa o <a href=\"https:\/\/www.alcor-equipements.com\/it\/stadio-temporaneo\/\">tribuna temporanea<\/a>, contattaci tramite il nostro modulo online o telefonicamente. I nostri esperti saranno lieti di consigliarti e fornirti una stima dettagliata in base alle Sue esigenze specifiche.<\/p>\n\n\n\n<div class=\"wp-block-buttons is-content-justification-center is-layout-flex wp-container-core-buttons-is-layout-16018d1d wp-block-buttons-is-layout-flex\">\n<div class=\"wp-block-button is-style-fill-light\"><a class=\"wp-block-button__link wp-element-button\" href=\"https:\/\/www.alcor-equipements.com\/it\/contact\/\">Contattaci ora!<\/a><\/div>\n<\/div>\n<\/div>\n<\/div>\n\n\n\n<div class=\"wp-block-group\"><div class=\"wp-block-group__inner-container is-layout-constrained wp-block-group-is-layout-constrained\">\n<h2 class=\"wp-block-heading has-text-align-center is-style-third_title has-main-color-color has-text-color has-link-color wp-elements-f8144d7518f3ef25f70a81650aba59c5\">I nostri prodotti<\/h2>\n\n\n\n<hr class=\"wp-block-separator has-text-color has-snd-color-color has-alpha-channel-opacity has-snd-color-background-color has-background is-style-short-thick\"\/>\n\n\n\n<div class=\"is-grid columns-3 wp-block-custom-blocks-latest-products\">\n\n\t\t\t\t<ul class='wp-block-custom-blocks-latest-products__filters'>\n\t\t\t\t<li>\n\t\t\t\t\t<button class=\"wp-block-custom-blocks-latest-products__filters__filter wp-block-custom-blocks-latest-products__filters__filter--active\">\n\t\t\t\t\t\tTous\t\t\t\t\t<\/button>\n\t\t\t\t<\/li>\n\t\t\t\t\t\t\t\t\t<li>\n\t\t\t\t\t\t<button \n\t\t\t\t\t\t\tclass='wp-block-custom-blocks-latest-products__filters__filter'\n\t\t\t\t\t\t\tdata-termid='32'>Vente\t\t\t\t\t\t<\/button>\n\t\t\t\t\t<\/li>\n\t\t\t\t\t\t\t\t\t<li>\n\t\t\t\t\t\t<button \n\t\t\t\t\t\t\tclass='wp-block-custom-blocks-latest-products__filters__filter'\n\t\t\t\t\t\t\tdata-termid='33'>Location\t\t\t\t\t\t<\/button>\n\t\t\t\t\t<\/li>\n\t\t\t\t\t\t\t\t\t<li>\n\t\t\t\t\t\t<button \n\t\t\t\t\t\t\tclass='wp-block-custom-blocks-latest-products__filters__filter'\n\t\t\t\t\t\t\tdata-termid='34'>International\t\t\t\t\t\t<\/button>\n\t\t\t\t\t<\/li>\n\t\t\t\t\t\t\t<\/ul>\n\t\t\n\t\t\t\t<ul \n\t\t\t\tclass = \"wp-block-custom-blocks-latest-products__list\"\n\t\t\t\t\t\t\t\t\tdata-post_type=\"produit\"\n\t\t\t\t\t\t\t\t\tdata-posts_per_page=\"6\"\n\t\t\t\t\t\t\t\t\tdata-order=\"desc\"\n\t\t\t\t\t\t\t\t\tdata-orderby=\"date\"\n\t\t\t\t\t\t\t\t\tdata-post_count=\"10\"\n\t\t\t\t\t\t\t\t\tdata-columns=\"3\"\n\t\t\t\t\t\t\t\t\tdata-display_loadmore=\"none\"\n\t\t\t\t\t\t\t\t\tdata-offset=\"6\"\n\t\t\t\t\t\t\t\t\tdata-layout=\"grid\"\n\t\t\t\t\t\t\t\t\tdata-display_picto=\"1\"\n\t\t\t\t\t\t\t>\n\t\t\t\t\t\t<li class=\"wp-block-custom-blocks-latest-products__post\">\n\t\t\t\n\t\t\t\t\t\t\t\t\t<div class=\"wp-block-custom-blocks-latest-products__post__picto\">\n                        <img decoding=\"async\" src=\"https:\/\/www.alcor-equipements.com\/wp-content\/uploads\/2024\/04\/alcor-productmobiles.svg\" alt=\"\" \/>\n\t\t\t\t\t<\/div>\n\t\t\t\t\n\t\t\t\t\t\t\t\t<div class='wp-block-custom-blocks-latest-products__post-content'>\n\n\t\t\t\t\t\t\t\t\t\t<a class=\"wp-block-custom-blocks-latest-products__post-title\" href=\"https:\/\/www.alcor-equipements.com\/it\/gradinate-legno\/\">Gradinata in legno<\/a>\n\n\t\t\t\t\t\n\t\t\t\t\t\n\t\t\t\t\t\n\t\t\t\t\t\t\t\t\t\t\n\t\t\t\t<\/div>\n\t\t\t\n\t\t\t\t\t\t\t<\/li>\n\t\t\t\t\t\t\t\t\t<li class=\"wp-block-custom-blocks-latest-products__post\">\n\t\t\t\n\t\t\t\t\t\t\t\t\t<div class=\"wp-block-custom-blocks-latest-products__post__picto\">\n                        <img decoding=\"async\" src=\"https:\/\/www.alcor-equipements.com\/wp-content\/uploads\/2024\/04\/alcor-productmobiles.svg\" alt=\"\" \/>\n\t\t\t\t\t<\/div>\n\t\t\t\t\n\t\t\t\t\t\t\t\t<div class='wp-block-custom-blocks-latest-products__post-content'>\n\n\t\t\t\t\t\t\t\t\t\t<a class=\"wp-block-custom-blocks-latest-products__post-title\" href=\"https:\/\/www.alcor-equipements.com\/it\/tribune-trasportabili\/\">Tribune trasportabili<\/a>\n\n\t\t\t\t\t\n\t\t\t\t\t\n\t\t\t\t\t\n\t\t\t\t\t\t\t\t\t\t\n\t\t\t\t<\/div>\n\t\t\t\n\t\t\t\t\t\t\t<\/li>\n\t\t\t\t\t\t\t\t\t<li class=\"wp-block-custom-blocks-latest-products__post\">\n\t\t\t\n\t\t\t\t\t\t\t\t\t<div class=\"wp-block-custom-blocks-latest-products__post__picto\">\n                        <img decoding=\"async\" src=\"https:\/\/www.alcor-equipements.com\/wp-content\/uploads\/2024\/04\/alcor-productstade.svg\" alt=\"\" \/>\n\t\t\t\t\t<\/div>\n\t\t\t\t\n\t\t\t\t\t\t\t\t<div class='wp-block-custom-blocks-latest-products__post-content'>\n\n\t\t\t\t\t\t\t\t\t\t<a class=\"wp-block-custom-blocks-latest-products__post-title\" href=\"https:\/\/www.alcor-equipements.com\/it\/podio-palco-modulari\/\">Noleggio di podi e palchi modulari<\/a>\n\n\t\t\t\t\t\n\t\t\t\t\t\n\t\t\t\t\t\n\t\t\t\t\t\t\t\t\t\t\n\t\t\t\t<\/div>\n\t\t\t\n\t\t\t\t\t\t\t<\/li>\n\t\t\t\t\t\t\t\t\t<li class=\"wp-block-custom-blocks-latest-products__post\">\n\t\t\t\n\t\t\t\t\t\t\t\t\t<div class=\"wp-block-custom-blocks-latest-products__post__picto\">\n                        <img decoding=\"async\" src=\"https:\/\/www.alcor-equipements.com\/wp-content\/uploads\/2024\/03\/alcor-productmobiles.svg\" alt=\"\" \/>\n\t\t\t\t\t<\/div>\n\t\t\t\t\n\t\t\t\t\t\t\t\t<div class='wp-block-custom-blocks-latest-products__post-content'>\n\n\t\t\t\t\t\t\t\t\t\t<a class=\"wp-block-custom-blocks-latest-products__post-title\" href=\"https:\/\/www.alcor-equipements.com\/it\/tribuna-sportiva\/\">Tribuna sportiva<\/a>\n\n\t\t\t\t\t\n\t\t\t\t\t\n\t\t\t\t\t\n\t\t\t\t\t\t\t\t\t\t\n\t\t\t\t<\/div>\n\t\t\t\n\t\t\t\t\t\t\t<\/li>\n\t\t\t\t\t\t\t\t\t<li class=\"wp-block-custom-blocks-latest-products__post\">\n\t\t\t\n\t\t\t\t\t\t\t\t\t<div class=\"wp-block-custom-blocks-latest-products__post__picto\">\n                        <img decoding=\"async\" src=\"https:\/\/www.alcor-equipements.com\/wp-content\/uploads\/2024\/04\/alcor-1_-scaled.jpg\" alt=\"\" \/>\n\t\t\t\t\t<\/div>\n\t\t\t\t\n\t\t\t\t\t\t\t\t<div class='wp-block-custom-blocks-latest-products__post-content'>\n\n\t\t\t\t\t\t\t\t\t\t<a class=\"wp-block-custom-blocks-latest-products__post-title\" href=\"https:\/\/www.alcor-equipements.com\/it\/gradinate-50-posti\/\">Gradinate da 50 posti: vendita e noleggio per ogni evento<\/a>\n\n\t\t\t\t\t\n\t\t\t\t\t\n\t\t\t\t\t\n\t\t\t\t\t\t\t\t\t\t\n\t\t\t\t<\/div>\n\t\t\t\n\t\t\t\t\t\t\t<\/li>\n\t\t\t\t\t\t\t\t\t<li class=\"wp-block-custom-blocks-latest-products__post\">\n\t\t\t\n\t\t\t\t\t\t\t\t\t<div class=\"wp-block-custom-blocks-latest-products__post__picto\">\n                        <img decoding=\"async\" src=\"https:\/\/www.alcor-equipements.com\/wp-content\/uploads\/2024\/04\/alcor-productevenementiel.svg\" alt=\"\" \/>\n\t\t\t\t\t<\/div>\n\t\t\t\t\n\t\t\t\t\t\t\t\t<div class='wp-block-custom-blocks-latest-products__post-content'>\n\n\t\t\t\t\t\t\t\t\t\t<a class=\"wp-block-custom-blocks-latest-products__post-title\" href=\"https:\/\/www.alcor-equipements.com\/it\/tribuna-tubolare\/\">Vendita e noleggio di tribune tubolari<\/a>\n\n\t\t\t\t\t\n\t\t\t\t\t\n\t\t\t\t\t\n\t\t\t\t\t\t\t\t\t\t\n\t\t\t\t<\/div>\n\t\t\t\n\t\t\t\t\t\t\t<\/li>\n\t\t\t\t\t\t\t\t<\/ul>\n\t\t\t\n\t\n<\/div><\/div><\/div>\n\n\n\n<div class=\"wp-block-cover alignfull deco\"><img loading=\"lazy\" decoding=\"async\" width=\"2560\" height=\"1920\" class=\"wp-block-cover__image-background wp-image-1334\" alt=\"Comit\u00e9 d'organisation France tir \u00e0 l'arc Ch\u00e2teau de vincennes_2022_1576places\" src=\"http:\/\/www.alcor-equipements.com\/wp-content\/uploads\/2024\/04\/alcor-img_1213-scaled.jpg\" data-object-fit=\"cover\" srcset=\"https:\/\/www.alcor-equipements.com\/wp-content\/uploads\/2024\/04\/alcor-img_1213-scaled.jpg 2560w, https:\/\/www.alcor-equipements.com\/wp-content\/uploads\/2024\/04\/alcor-img_1213-300x225.jpg 300w, https:\/\/www.alcor-equipements.com\/wp-content\/uploads\/2024\/04\/alcor-img_1213-1024x768.jpg 1024w, https:\/\/www.alcor-equipements.com\/wp-content\/uploads\/2024\/04\/alcor-img_1213-768x576.jpg 768w, https:\/\/www.alcor-equipements.com\/wp-content\/uploads\/2024\/04\/alcor-img_1213-1536x1152.jpg 1536w, https:\/\/www.alcor-equipements.com\/wp-content\/uploads\/2024\/04\/alcor-img_1213-2048x1536.jpg 2048w, https:\/\/www.alcor-equipements.com\/wp-content\/uploads\/2024\/04\/alcor-img_1213-170x128.jpg 170w\" sizes=\"auto, (max-width: 2560px) 100vw, 2560px\" \/><span aria-hidden=\"true\" class=\"wp-block-cover__background has-main-color-background-color has-background-dim-70 has-background-dim\"><\/span><div class=\"wp-block-cover__inner-container is-layout-flow wp-block-cover-is-layout-flow\">\n<h2 class=\"wp-block-heading has-text-align-center is-style-third_title has-white-color has-text-color\">Ha una domanda?<\/h2>\n\n\n\n<div style=\"height:47px\" aria-hidden=\"true\" class=\"wp-block-spacer\"><\/div>\n\n\n\n<div class=\"wp-block-buttons is-content-justification-center is-layout-flex wp-container-core-buttons-is-layout-16018d1d wp-block-buttons-is-layout-flex\">\n<div class=\"wp-block-button is-style-fill-light\"><a class=\"wp-block-button__link wp-element-button\" href=\"https:\/\/www.alcor-equipements.com\/it\/nostra-competenza\/#faqAnchor\">Consultate le nostre FAQ<\/a><\/div>\n<\/div>\n<\/div><\/div>\n","protected":false},"excerpt":{"rendered":"<p>Per quali eventi sono adatte le tribune in metallo? Le nostre tribune metalliche per stadi [&hellip;]<\/p>\n","protected":false},"author":8,"featured_media":0,"parent":0,"menu_order":52,"comment_status":"closed","ping_status":"closed","template":"","meta":{"_acf_changed":false,"inline_featured_image":false,"footnotes":""},"class_list":["post-3812","page","type-page","status-publish","hentry"],"acf":[],"_links":{"self":[{"href":"https:\/\/www.alcor-equipements.com\/it\/wp-json\/wp\/v2\/pages\/3812","targetHints":{"allow":["GET"]}}],"collection":[{"href":"https:\/\/www.alcor-equipements.com\/it\/wp-json\/wp\/v2\/pages"}],"about":[{"href":"https:\/\/www.alcor-equipements.com\/it\/wp-json\/wp\/v2\/types\/page"}],"author":[{"embeddable":true,"href":"https:\/\/www.alcor-equipements.com\/it\/wp-json\/wp\/v2\/users\/8"}],"replies":[{"embeddable":true,"href":"https:\/\/www.alcor-equipements.com\/it\/wp-json\/wp\/v2\/comments?post=3812"}],"version-history":[{"count":11,"href":"https:\/\/www.alcor-equipements.com\/it\/wp-json\/wp\/v2\/pages\/3812\/revisions"}],"predecessor-version":[{"id":5535,"href":"https:\/\/www.alcor-equipements.com\/it\/wp-json\/wp\/v2\/pages\/3812\/revisions\/5535"}],"wp:attachment":[{"href":"https:\/\/www.alcor-equipements.com\/it\/wp-json\/wp\/v2\/media?parent=3812"}],"curies":[{"name":"wp","href":"https:\/\/api.w.org\/{rel}","templated":true}]}}