{"id":3742,"date":"2024-03-11T11:30:05","date_gmt":"2024-03-11T10:30:05","guid":{"rendered":"https:\/\/www.alcor-equipements.com\/realisations\/"},"modified":"2025-04-14T14:59:32","modified_gmt":"2025-04-14T12:59:32","slug":"realizzazioni","status":"publish","type":"page","link":"https:\/\/www.alcor-equipements.com\/it\/realizzazioni\/","title":{"rendered":"Realizzazioni"},"content":{"rendered":"\n<div class=\"wp-block-cover alignfull is-light deco\"><span aria-hidden=\"true\" class=\"wp-block-cover__background has-white-background-color has-background-dim-70 has-background-dim\"><\/span><img loading=\"lazy\" decoding=\"async\" width=\"2560\" height=\"1920\" class=\"wp-block-cover__image-background wp-image-1324\" alt=\"BMX NANTES FFC cyclisme 5768 places\" src=\"http:\/\/www.alcor-equipements.com\/wp-content\/uploads\/2024\/04\/alcor-img_1550-scaled.jpg\" data-object-fit=\"cover\" srcset=\"https:\/\/www.alcor-equipements.com\/wp-content\/uploads\/2024\/04\/alcor-img_1550-scaled.jpg 2560w, https:\/\/www.alcor-equipements.com\/wp-content\/uploads\/2024\/04\/alcor-img_1550-300x225.jpg 300w, https:\/\/www.alcor-equipements.com\/wp-content\/uploads\/2024\/04\/alcor-img_1550-1024x768.jpg 1024w, https:\/\/www.alcor-equipements.com\/wp-content\/uploads\/2024\/04\/alcor-img_1550-768x576.jpg 768w, https:\/\/www.alcor-equipements.com\/wp-content\/uploads\/2024\/04\/alcor-img_1550-1536x1152.jpg 1536w, https:\/\/www.alcor-equipements.com\/wp-content\/uploads\/2024\/04\/alcor-img_1550-2048x1536.jpg 2048w, https:\/\/www.alcor-equipements.com\/wp-content\/uploads\/2024\/04\/alcor-img_1550-170x128.jpg 170w\" sizes=\"auto, (max-width: 2560px) 100vw, 2560px\" \/><div class=\"wp-block-cover__inner-container is-layout-flow wp-block-cover-is-layout-flow\">\n<h1 class=\"wp-block-heading has-text-align-center is-style-main_title has-main-color-color has-text-color\">Le nostre realizzazioni<\/h1>\n\n\n\n<hr class=\"wp-block-separator has-text-color has-snd-color-color has-alpha-channel-opacity has-snd-color-background-color has-background is-style-short-thick\"\/>\n<\/div><\/div>\n\n\n<ul class=\"wp-block-starter-latest-realisation__list is-grid columns-3 alignwide is-style-photoseule wp-block-welko-latest-realisation\" data-loading=\"loadmore\" data-post_per_page=\"12\" data-offset=\"12\" data-orderby=\"date\" data-order=\"desc\" data-excerpt_length=\"15\" data-post_count=\"23\" data-blog=\"\" data-type=\"liste\" data-sticky=\"\"><li class=\"filters_category\"><a class='actif' data-id='0'>Tutti<\/a><a  data-id='37'>Location<\/a><a  data-id='36'>Vente<\/a><a  data-id='35'>International<\/a><\/li><li><div class=\"wp-block-starter-latest-realisation__featured-image\"><a href=\"https:\/\/www.alcor-equipements.com\/it\/noleggio-tribune-royan-spiaggia\/\" aria-label=\"Noleggio di tribune a Royan\"><img loading=\"lazy\" decoding=\"async\" width=\"2048\" height=\"1151\" src=\"https:\/\/www.alcor-equipements.com\/wp-content\/uploads\/2024\/04\/alcor-358133953_776170354304670_4945485045334533307_n.jpg\" class=\"attachment-vignette_actualite size-vignette_actualite wp-post-image\" alt=\"location de tribune modulaire \u00e0 Royan de 3700 places pour Le violon sur le Sable\" style=\"\" srcset=\"https:\/\/www.alcor-equipements.com\/wp-content\/uploads\/2024\/04\/alcor-358133953_776170354304670_4945485045334533307_n.jpg 2048w, https:\/\/www.alcor-equipements.com\/wp-content\/uploads\/2024\/04\/alcor-358133953_776170354304670_4945485045334533307_n-300x169.jpg 300w, https:\/\/www.alcor-equipements.com\/wp-content\/uploads\/2024\/04\/alcor-358133953_776170354304670_4945485045334533307_n-1024x576.jpg 1024w, https:\/\/www.alcor-equipements.com\/wp-content\/uploads\/2024\/04\/alcor-358133953_776170354304670_4945485045334533307_n-768x432.jpg 768w, https:\/\/www.alcor-equipements.com\/wp-content\/uploads\/2024\/04\/alcor-358133953_776170354304670_4945485045334533307_n-1536x863.jpg 1536w, https:\/\/www.alcor-equipements.com\/wp-content\/uploads\/2024\/04\/alcor-358133953_776170354304670_4945485045334533307_n-170x96.jpg 170w\" sizes=\"auto, (max-width: 2048px) 100vw, 2048px\" \/><\/a><\/div><div class=\"post_content\"><a class=\"wp-block-starter-latest-realisation__post-title\" href=\"https:\/\/www.alcor-equipements.com\/it\/noleggio-tribune-royan-spiaggia\/\">Noleggio di tribune a Royan<\/a><div class=\"wp-block-starter-latest-realisation__post-excerpt\">I Nostre Prodotti Perch\u00e9 scegliere ALCOR Equipements per il noleggio di gradinate per eventi culturali?&#8230;<\/div><a class=\"wp-block-starter-latest-realisation__post-link\" href=\"https:\/\/www.alcor-equipements.com\/it\/noleggio-tribune-royan-spiaggia\/\">Leggi di pi\u00f9<\/a><\/div><\/li><li><div class=\"wp-block-starter-latest-realisation__featured-image\"><a href=\"https:\/\/www.alcor-equipements.com\/it\/noleggio-tribune-pontorson\/\" aria-label=\"Noleggio di tribune a Pontorson (Manche)\"><img loading=\"lazy\" decoding=\"async\" width=\"2048\" height=\"1536\" src=\"https:\/\/www.alcor-equipements.com\/wp-content\/uploads\/2025\/10\/alcor-img_20250904_160849-scaled.jpg\" class=\"attachment-vignette_actualite size-vignette_actualite wp-post-image\" alt=\"Alexandra Cardinale, Hugo Marchand pour la Danse, Les \u00e9toiles du ch\u00e2teau 2025 Mont saint michel\" style=\"\" srcset=\"https:\/\/www.alcor-equipements.com\/wp-content\/uploads\/2025\/10\/alcor-img_20250904_160849-scaled.jpg 2048w, https:\/\/www.alcor-equipements.com\/wp-content\/uploads\/2025\/10\/alcor-img_20250904_160849-300x225.jpg 300w, https:\/\/www.alcor-equipements.com\/wp-content\/uploads\/2025\/10\/alcor-img_20250904_160849-1024x768.jpg 1024w, https:\/\/www.alcor-equipements.com\/wp-content\/uploads\/2025\/10\/alcor-img_20250904_160849-768x576.jpg 768w, https:\/\/www.alcor-equipements.com\/wp-content\/uploads\/2025\/10\/alcor-img_20250904_160849-1536x1152.jpg 1536w, https:\/\/www.alcor-equipements.com\/wp-content\/uploads\/2025\/10\/alcor-img_20250904_160849-170x128.jpg 170w\" sizes=\"auto, (max-width: 2048px) 100vw, 2048px\" \/><\/a><\/div><div class=\"post_content\"><a class=\"wp-block-starter-latest-realisation__post-title\" href=\"https:\/\/www.alcor-equipements.com\/it\/noleggio-tribune-pontorson\/\">Noleggio di tribune a Pontorson (Manche)<\/a><div class=\"wp-block-starter-latest-realisation__post-excerpt\">Scopri i nostri prodotti A proposito dell&#8217;evento: Campionati Francesi di P\u00e9tanque 2025 Il 21 e&#8230;<\/div><a class=\"wp-block-starter-latest-realisation__post-link\" href=\"https:\/\/www.alcor-equipements.com\/it\/noleggio-tribune-pontorson\/\">Leggi di pi\u00f9<\/a><\/div><\/li><li><div class=\"wp-block-starter-latest-realisation__featured-image\"><a href=\"https:\/\/www.alcor-equipements.com\/it\/tribune-centri-congressi\/\" aria-label=\"Tribune Modulari per Centri Congressi\"><img loading=\"lazy\" decoding=\"async\" width=\"2048\" height=\"1536\" src=\"https:\/\/www.alcor-equipements.com\/wp-content\/uploads\/2025\/10\/alcor-img_4062-scaled.jpg\" class=\"attachment-vignette_actualite size-vignette_actualite wp-post-image\" alt=\"Dunkerque Kursaal\/7 tribunes depuis 2024 avec ULMA pour raccordement escaliers \u00e9chafaudages + r\u00e9gie\" style=\"\" srcset=\"https:\/\/www.alcor-equipements.com\/wp-content\/uploads\/2025\/10\/alcor-img_4062-scaled.jpg 2048w, https:\/\/www.alcor-equipements.com\/wp-content\/uploads\/2025\/10\/alcor-img_4062-300x225.jpg 300w, https:\/\/www.alcor-equipements.com\/wp-content\/uploads\/2025\/10\/alcor-img_4062-1024x768.jpg 1024w, https:\/\/www.alcor-equipements.com\/wp-content\/uploads\/2025\/10\/alcor-img_4062-768x576.jpg 768w, https:\/\/www.alcor-equipements.com\/wp-content\/uploads\/2025\/10\/alcor-img_4062-1536x1152.jpg 1536w, https:\/\/www.alcor-equipements.com\/wp-content\/uploads\/2025\/10\/alcor-img_4062-170x128.jpg 170w\" sizes=\"auto, (max-width: 2048px) 100vw, 2048px\" \/><\/a><\/div><div class=\"post_content\"><a class=\"wp-block-starter-latest-realisation__post-title\" href=\"https:\/\/www.alcor-equipements.com\/it\/tribune-centri-congressi\/\">Tribune Modulari per Centri Congressi<\/a><div class=\"wp-block-starter-latest-realisation__post-excerpt\">I Vantaggi del Noleggio di Tribune per Centri Congressi Perch\u00e9 scegliere il noleggio di gradinate&#8230;<\/div><a class=\"wp-block-starter-latest-realisation__post-link\" href=\"https:\/\/www.alcor-equipements.com\/it\/tribune-centri-congressi\/\">Leggi di pi\u00f9<\/a><\/div><\/li><li><div class=\"wp-block-starter-latest-realisation__featured-image\"><a href=\"https:\/\/www.alcor-equipements.com\/it\/tribuna-modulare-esterna\/\" aria-label=\"Tribuna modulare esterna Mont St Michel\"><img loading=\"lazy\" decoding=\"async\" width=\"2048\" height=\"1536\" src=\"https:\/\/www.alcor-equipements.com\/wp-content\/uploads\/2025\/10\/alcor-img_20250904_160849-scaled.jpg\" class=\"attachment-vignette_actualite size-vignette_actualite wp-post-image\" alt=\"Alexandra Cardinale, Hugo Marchand pour la Danse, Les \u00e9toiles du ch\u00e2teau 2025 Mont saint michel\" style=\"\" srcset=\"https:\/\/www.alcor-equipements.com\/wp-content\/uploads\/2025\/10\/alcor-img_20250904_160849-scaled.jpg 2048w, https:\/\/www.alcor-equipements.com\/wp-content\/uploads\/2025\/10\/alcor-img_20250904_160849-300x225.jpg 300w, https:\/\/www.alcor-equipements.com\/wp-content\/uploads\/2025\/10\/alcor-img_20250904_160849-1024x768.jpg 1024w, https:\/\/www.alcor-equipements.com\/wp-content\/uploads\/2025\/10\/alcor-img_20250904_160849-768x576.jpg 768w, https:\/\/www.alcor-equipements.com\/wp-content\/uploads\/2025\/10\/alcor-img_20250904_160849-1536x1152.jpg 1536w, https:\/\/www.alcor-equipements.com\/wp-content\/uploads\/2025\/10\/alcor-img_20250904_160849-170x128.jpg 170w\" sizes=\"auto, (max-width: 2048px) 100vw, 2048px\" \/><\/a><\/div><div class=\"post_content\"><a class=\"wp-block-starter-latest-realisation__post-title\" href=\"https:\/\/www.alcor-equipements.com\/it\/tribuna-modulare-esterna\/\">Tribuna modulare esterna Mont St Michel<\/a><div class=\"wp-block-starter-latest-realisation__post-excerpt\">I nostri prodotti I vantaggi delle tribune modulari ALCOR \u00c9quipements Le nostre tribune modulari per&#8230;<\/div><a class=\"wp-block-starter-latest-realisation__post-link\" href=\"https:\/\/www.alcor-equipements.com\/it\/tribuna-modulare-esterna\/\">Leggi di pi\u00f9<\/a><\/div><\/li><li><div class=\"wp-block-starter-latest-realisation__featured-image\"><a href=\"https:\/\/www.alcor-equipements.com\/it\/tribuna-modulare-rugby\/\" aria-label=\"Tribuna modulare per il rugby\"><img loading=\"lazy\" decoding=\"async\" width=\"1080\" height=\"1350\" src=\"https:\/\/www.alcor-equipements.com\/wp-content\/uploads\/2025\/11\/alcor-gradins-rugby-bourges.jpg\" class=\"attachment-vignette_actualite size-vignette_actualite wp-post-image\" alt=\"installation de gradins pour terrain de rugby \u00e0 Bourges\" style=\"\" srcset=\"https:\/\/www.alcor-equipements.com\/wp-content\/uploads\/2025\/11\/alcor-gradins-rugby-bourges.jpg 1080w, https:\/\/www.alcor-equipements.com\/wp-content\/uploads\/2025\/11\/alcor-gradins-rugby-bourges-240x300.jpg 240w, https:\/\/www.alcor-equipements.com\/wp-content\/uploads\/2025\/11\/alcor-gradins-rugby-bourges-819x1024.jpg 819w, https:\/\/www.alcor-equipements.com\/wp-content\/uploads\/2025\/11\/alcor-gradins-rugby-bourges-768x960.jpg 768w, https:\/\/www.alcor-equipements.com\/wp-content\/uploads\/2025\/11\/alcor-gradins-rugby-bourges-136x170.jpg 136w\" sizes=\"auto, (max-width: 1080px) 100vw, 1080px\" \/><\/a><\/div><div class=\"post_content\"><a class=\"wp-block-starter-latest-realisation__post-title\" href=\"https:\/\/www.alcor-equipements.com\/it\/tribuna-modulare-rugby\/\">Tribuna modulare per il rugby<\/a><div class=\"wp-block-starter-latest-realisation__post-excerpt\">I nostri prodotti I vantaggi delle tribune modulari sportive ALCOR \u00c9quipements Le tribune modulari per&#8230;<\/div><a class=\"wp-block-starter-latest-realisation__post-link\" href=\"https:\/\/www.alcor-equipements.com\/it\/tribuna-modulare-rugby\/\">Leggi di pi\u00f9<\/a><\/div><\/li><li><div class=\"wp-block-starter-latest-realisation__featured-image\"><a href=\"https:\/\/www.alcor-equipements.com\/it\/tribuna-container\/\" aria-label=\"Tribuna container per campo da calcio\"><img loading=\"lazy\" decoding=\"async\" width=\"640\" height=\"480\" src=\"https:\/\/www.alcor-equipements.com\/wp-content\/uploads\/2025\/08\/alcor-2.jpg\" class=\"attachment-vignette_actualite size-vignette_actualite wp-post-image\" alt=\"Cuber Product Tribunes mobiles TM4 container -dept de l&#039;Oise\" style=\"\" srcset=\"https:\/\/www.alcor-equipements.com\/wp-content\/uploads\/2025\/08\/alcor-2.jpg 640w, https:\/\/www.alcor-equipements.com\/wp-content\/uploads\/2025\/08\/alcor-2-300x225.jpg 300w, https:\/\/www.alcor-equipements.com\/wp-content\/uploads\/2025\/08\/alcor-2-170x128.jpg 170w\" sizes=\"auto, (max-width: 640px) 100vw, 640px\" \/><\/a><\/div><div class=\"post_content\"><a class=\"wp-block-starter-latest-realisation__post-title\" href=\"https:\/\/www.alcor-equipements.com\/it\/tribuna-container\/\">Tribuna container per campo da calcio<\/a><div class=\"wp-block-starter-latest-realisation__post-excerpt\">I nostri prodotti I vantaggi di un container con tribuna integrata I container con tribuna&#8230;<\/div><a class=\"wp-block-starter-latest-realisation__post-link\" href=\"https:\/\/www.alcor-equipements.com\/it\/tribuna-container\/\">Leggi di pi\u00f9<\/a><\/div><\/li><li><div class=\"wp-block-starter-latest-realisation__featured-image\"><a href=\"https:\/\/www.alcor-equipements.com\/it\/vendita-tribuna-ruanda\/\" aria-label=\"Vendita di tribuna in Ruanda\"><img loading=\"lazy\" decoding=\"async\" width=\"1280\" height=\"720\" src=\"https:\/\/www.alcor-equipements.com\/wp-content\/uploads\/2025\/08\/alcor-whatsapp-image-2025-08-18-a-11.54.54_dd67fe0d.jpg\" class=\"attachment-vignette_actualite size-vignette_actualite wp-post-image\" alt=\"RWANDA Tribune couverte 1000pl\" style=\"\" srcset=\"https:\/\/www.alcor-equipements.com\/wp-content\/uploads\/2025\/08\/alcor-whatsapp-image-2025-08-18-a-11.54.54_dd67fe0d.jpg 1280w, https:\/\/www.alcor-equipements.com\/wp-content\/uploads\/2025\/08\/alcor-whatsapp-image-2025-08-18-a-11.54.54_dd67fe0d-300x169.jpg 300w, https:\/\/www.alcor-equipements.com\/wp-content\/uploads\/2025\/08\/alcor-whatsapp-image-2025-08-18-a-11.54.54_dd67fe0d-1024x576.jpg 1024w, https:\/\/www.alcor-equipements.com\/wp-content\/uploads\/2025\/08\/alcor-whatsapp-image-2025-08-18-a-11.54.54_dd67fe0d-768x432.jpg 768w, https:\/\/www.alcor-equipements.com\/wp-content\/uploads\/2025\/08\/alcor-whatsapp-image-2025-08-18-a-11.54.54_dd67fe0d-170x96.jpg 170w\" sizes=\"auto, (max-width: 1280px) 100vw, 1280px\" \/><\/a><\/div><div class=\"post_content\"><a class=\"wp-block-starter-latest-realisation__post-title\" href=\"https:\/\/www.alcor-equipements.com\/it\/vendita-tribuna-ruanda\/\">Vendita di tribuna in Ruanda<\/a><div class=\"wp-block-starter-latest-realisation__post-excerpt\">Perch\u00e9 scegliere una tribuna modulare in Ruanda? Il Ruanda, un paese in forte crescita, necessita&#8230;<\/div><a class=\"wp-block-starter-latest-realisation__post-link\" href=\"https:\/\/www.alcor-equipements.com\/it\/vendita-tribuna-ruanda\/\">Leggi di pi\u00f9<\/a><\/div><\/li><li><div class=\"wp-block-starter-latest-realisation__featured-image\"><a href=\"https:\/\/www.alcor-equipements.com\/it\/vendita-tribuna-benin\/\" aria-label=\"Vendita di tribuna in Benin\"><img loading=\"lazy\" decoding=\"async\" width=\"1599\" height=\"1200\" src=\"https:\/\/www.alcor-equipements.com\/wp-content\/uploads\/2024\/04\/alcor-championnat-du-monde-de-petanque-cotonou-benin-4000pl.jpg\" class=\"attachment-vignette_actualite size-vignette_actualite wp-post-image\" alt=\"Championnat du monde p\u00e9tanque Cotonou B\u00e9nin 4000 places tribune modulaire\" style=\"\" srcset=\"https:\/\/www.alcor-equipements.com\/wp-content\/uploads\/2024\/04\/alcor-championnat-du-monde-de-petanque-cotonou-benin-4000pl.jpg 1599w, https:\/\/www.alcor-equipements.com\/wp-content\/uploads\/2024\/04\/alcor-championnat-du-monde-de-petanque-cotonou-benin-4000pl-300x225.jpg 300w, https:\/\/www.alcor-equipements.com\/wp-content\/uploads\/2024\/04\/alcor-championnat-du-monde-de-petanque-cotonou-benin-4000pl-1024x768.jpg 1024w, https:\/\/www.alcor-equipements.com\/wp-content\/uploads\/2024\/04\/alcor-championnat-du-monde-de-petanque-cotonou-benin-4000pl-768x576.jpg 768w, https:\/\/www.alcor-equipements.com\/wp-content\/uploads\/2024\/04\/alcor-championnat-du-monde-de-petanque-cotonou-benin-4000pl-1536x1153.jpg 1536w, https:\/\/www.alcor-equipements.com\/wp-content\/uploads\/2024\/04\/alcor-championnat-du-monde-de-petanque-cotonou-benin-4000pl-170x128.jpg 170w\" sizes=\"auto, (max-width: 1599px) 100vw, 1599px\" \/><\/a><\/div><div class=\"post_content\"><a class=\"wp-block-starter-latest-realisation__post-title\" href=\"https:\/\/www.alcor-equipements.com\/it\/vendita-tribuna-benin\/\">Vendita di tribuna in Benin<\/a><div class=\"wp-block-starter-latest-realisation__post-excerpt\">Perch\u00e9 investire in una tribuna modulare in Benin? Le tribune modulari rappresentano una soluzione ideale&#8230;<\/div><a class=\"wp-block-starter-latest-realisation__post-link\" href=\"https:\/\/www.alcor-equipements.com\/it\/vendita-tribuna-benin\/\">Leggi di pi\u00f9<\/a><\/div><\/li><li><div class=\"wp-block-starter-latest-realisation__featured-image\"><a href=\"https:\/\/www.alcor-equipements.com\/it\/tribuna-campo-sintetico\/\" aria-label=\"Tribuna per campo sintetico a Le Plessis-Belleville\"><img loading=\"lazy\" decoding=\"async\" width=\"2048\" height=\"1536\" src=\"https:\/\/www.alcor-equipements.com\/wp-content\/uploads\/2025\/08\/alcor-img_8456-scaled.jpg\" class=\"attachment-vignette_actualite size-vignette_actualite wp-post-image\" alt=\"Janvier 2025\/PLESSIS BELLEVILLE \/412pl\" style=\"\" srcset=\"https:\/\/www.alcor-equipements.com\/wp-content\/uploads\/2025\/08\/alcor-img_8456-scaled.jpg 2048w, https:\/\/www.alcor-equipements.com\/wp-content\/uploads\/2025\/08\/alcor-img_8456-300x225.jpg 300w, https:\/\/www.alcor-equipements.com\/wp-content\/uploads\/2025\/08\/alcor-img_8456-1024x768.jpg 1024w, https:\/\/www.alcor-equipements.com\/wp-content\/uploads\/2025\/08\/alcor-img_8456-768x576.jpg 768w, https:\/\/www.alcor-equipements.com\/wp-content\/uploads\/2025\/08\/alcor-img_8456-1536x1152.jpg 1536w, https:\/\/www.alcor-equipements.com\/wp-content\/uploads\/2025\/08\/alcor-img_8456-170x128.jpg 170w\" sizes=\"auto, (max-width: 2048px) 100vw, 2048px\" \/><\/a><\/div><div class=\"post_content\"><a class=\"wp-block-starter-latest-realisation__post-title\" href=\"https:\/\/www.alcor-equipements.com\/it\/tribuna-campo-sintetico\/\">Tribuna per campo sintetico a Le Plessis-Belleville<\/a><div class=\"wp-block-starter-latest-realisation__post-excerpt\">Perch\u00e9 installare una tribuna da stadio su un campo in erba sintetica? I campi artificiali,&#8230;<\/div><a class=\"wp-block-starter-latest-realisation__post-link\" href=\"https:\/\/www.alcor-equipements.com\/it\/tribuna-campo-sintetico\/\">Leggi di pi\u00f9<\/a><\/div><\/li><li><div class=\"wp-block-starter-latest-realisation__featured-image\"><a href=\"https:\/\/www.alcor-equipements.com\/it\/noleggio-tribune-bergerac\/\" aria-label=\"Noleggio di tribune a Bergerac\"><img loading=\"lazy\" decoding=\"async\" width=\"1440\" height=\"1080\" src=\"https:\/\/www.alcor-equipements.com\/wp-content\/uploads\/2025\/08\/alcor-518990890_1169835601840492_3088970989185925938_n.jpg\" class=\"attachment-vignette_actualite size-vignette_actualite wp-post-image\" alt=\"SAOS PROMO P\u00e9tanque \/Bergerac \/ 2025\" style=\"\" srcset=\"https:\/\/www.alcor-equipements.com\/wp-content\/uploads\/2025\/08\/alcor-518990890_1169835601840492_3088970989185925938_n.jpg 1440w, https:\/\/www.alcor-equipements.com\/wp-content\/uploads\/2025\/08\/alcor-518990890_1169835601840492_3088970989185925938_n-300x225.jpg 300w, https:\/\/www.alcor-equipements.com\/wp-content\/uploads\/2025\/08\/alcor-518990890_1169835601840492_3088970989185925938_n-1024x768.jpg 1024w, https:\/\/www.alcor-equipements.com\/wp-content\/uploads\/2025\/08\/alcor-518990890_1169835601840492_3088970989185925938_n-768x576.jpg 768w, https:\/\/www.alcor-equipements.com\/wp-content\/uploads\/2025\/08\/alcor-518990890_1169835601840492_3088970989185925938_n-170x128.jpg 170w\" sizes=\"auto, (max-width: 1440px) 100vw, 1440px\" \/><\/a><\/div><div class=\"post_content\"><a class=\"wp-block-starter-latest-realisation__post-title\" href=\"https:\/\/www.alcor-equipements.com\/it\/noleggio-tribune-bergerac\/\">Noleggio di tribune a Bergerac<\/a><div class=\"wp-block-starter-latest-realisation__post-excerpt\">Perch\u00e9 scegliere una nostra tribuna modulare? Bergerac (24) \u00e8 una citt\u00e0 dinamica che ospita regolarmente&#8230;<\/div><a class=\"wp-block-starter-latest-realisation__post-link\" href=\"https:\/\/www.alcor-equipements.com\/it\/noleggio-tribune-bergerac\/\">Leggi di pi\u00f9<\/a><\/div><\/li><li><div class=\"wp-block-starter-latest-realisation__featured-image\"><a href=\"https:\/\/www.alcor-equipements.com\/it\/tribuna-stadio-calcio\/\" aria-label=\"Installazione di tribune di calcio per lo stadio del Torino FC\"><img loading=\"lazy\" decoding=\"async\" width=\"1600\" height=\"900\" src=\"https:\/\/www.alcor-equipements.com\/wp-content\/uploads\/2025\/08\/alcor-whatsapp-image-2025-02-21-a-10.49.39_5af2fc02.jpg\" class=\"attachment-vignette_actualite size-vignette_actualite wp-post-image\" alt=\"tribune FC TURIN 2025\" style=\"\" srcset=\"https:\/\/www.alcor-equipements.com\/wp-content\/uploads\/2025\/08\/alcor-whatsapp-image-2025-02-21-a-10.49.39_5af2fc02.jpg 1600w, https:\/\/www.alcor-equipements.com\/wp-content\/uploads\/2025\/08\/alcor-whatsapp-image-2025-02-21-a-10.49.39_5af2fc02-300x169.jpg 300w, https:\/\/www.alcor-equipements.com\/wp-content\/uploads\/2025\/08\/alcor-whatsapp-image-2025-02-21-a-10.49.39_5af2fc02-1024x576.jpg 1024w, https:\/\/www.alcor-equipements.com\/wp-content\/uploads\/2025\/08\/alcor-whatsapp-image-2025-02-21-a-10.49.39_5af2fc02-768x432.jpg 768w, https:\/\/www.alcor-equipements.com\/wp-content\/uploads\/2025\/08\/alcor-whatsapp-image-2025-02-21-a-10.49.39_5af2fc02-1536x864.jpg 1536w, https:\/\/www.alcor-equipements.com\/wp-content\/uploads\/2025\/08\/alcor-whatsapp-image-2025-02-21-a-10.49.39_5af2fc02-170x96.jpg 170w\" sizes=\"auto, (max-width: 1600px) 100vw, 1600px\" \/><\/a><\/div><div class=\"post_content\"><a class=\"wp-block-starter-latest-realisation__post-title\" href=\"https:\/\/www.alcor-equipements.com\/it\/tribuna-stadio-calcio\/\">Installazione di tribune di calcio per lo stadio del Torino FC<\/a><div class=\"wp-block-starter-latest-realisation__post-excerpt\">Le nostre tribune per stadi di calcio: qualit\u00e0 e modularit\u00e0 In ALCOR \u00c9quipements proponiamo tribune&#8230;<\/div><a class=\"wp-block-starter-latest-realisation__post-link\" href=\"https:\/\/www.alcor-equipements.com\/it\/tribuna-stadio-calcio\/\">Leggi di pi\u00f9<\/a><\/div><\/li><li><div class=\"wp-block-starter-latest-realisation__featured-image\"><a href=\"https:\/\/www.alcor-equipements.com\/it\/noleggio-tribune-mecenatismo\/\" aria-label=\"Noleggio di tribune per mecenatismo\"><img loading=\"lazy\" decoding=\"async\" width=\"2048\" height=\"1536\" src=\"https:\/\/www.alcor-equipements.com\/wp-content\/uploads\/2025\/09\/alcor-img_1815-scaled.jpg\" class=\"attachment-vignette_actualite size-vignette_actualite wp-post-image\" alt=\"Spic Arena Tr\u00e9laz\u00e9 2025\" style=\"\" srcset=\"https:\/\/www.alcor-equipements.com\/wp-content\/uploads\/2025\/09\/alcor-img_1815-scaled.jpg 2048w, https:\/\/www.alcor-equipements.com\/wp-content\/uploads\/2025\/09\/alcor-img_1815-300x225.jpg 300w, https:\/\/www.alcor-equipements.com\/wp-content\/uploads\/2025\/09\/alcor-img_1815-1024x768.jpg 1024w, https:\/\/www.alcor-equipements.com\/wp-content\/uploads\/2025\/09\/alcor-img_1815-768x576.jpg 768w, https:\/\/www.alcor-equipements.com\/wp-content\/uploads\/2025\/09\/alcor-img_1815-1536x1152.jpg 1536w, https:\/\/www.alcor-equipements.com\/wp-content\/uploads\/2025\/09\/alcor-img_1815-170x128.jpg 170w\" sizes=\"auto, (max-width: 2048px) 100vw, 2048px\" \/><\/a><\/div><div class=\"post_content\"><a class=\"wp-block-starter-latest-realisation__post-title\" href=\"https:\/\/www.alcor-equipements.com\/it\/noleggio-tribune-mecenatismo\/\">Noleggio di tribune per mecenatismo<\/a><div class=\"wp-block-starter-latest-realisation__post-excerpt\">2 tribune e 1 piattaforma PMR nel cuore del Maine\u2011et\u2011Loire Gli artisti si sono esibiti&#8230;<\/div><a class=\"wp-block-starter-latest-realisation__post-link\" href=\"https:\/\/www.alcor-equipements.com\/it\/noleggio-tribune-mecenatismo\/\">Leggi di pi\u00f9<\/a><\/div><\/li><li class=\"loadmore\"><a class=\"wp-block-button__link\">Vedi di pi\u00f9<\/a><\/li><\/ul>","protected":false},"excerpt":{"rendered":"","protected":false},"author":1,"featured_media":3743,"parent":0,"menu_order":30,"comment_status":"closed","ping_status":"closed","template":"","meta":{"_acf_changed":false,"inline_featured_image":false,"footnotes":""},"class_list":["post-3742","page","type-page","status-publish","has-post-thumbnail","hentry"],"acf":[],"_links":{"self":[{"href":"https:\/\/www.alcor-equipements.com\/it\/wp-json\/wp\/v2\/pages\/3742","targetHints":{"allow":["GET"]}}],"collection":[{"href":"https:\/\/www.alcor-equipements.com\/it\/wp-json\/wp\/v2\/pages"}],"about":[{"href":"https:\/\/www.alcor-equipements.com\/it\/wp-json\/wp\/v2\/types\/page"}],"author":[{"embeddable":true,"href":"https:\/\/www.alcor-equipements.com\/it\/wp-json\/wp\/v2\/users\/1"}],"replies":[{"embeddable":true,"href":"https:\/\/www.alcor-equipements.com\/it\/wp-json\/wp\/v2\/comments?post=3742"}],"version-history":[{"count":1,"href":"https:\/\/www.alcor-equipements.com\/it\/wp-json\/wp\/v2\/pages\/3742\/revisions"}],"predecessor-version":[{"id":3745,"href":"https:\/\/www.alcor-equipements.com\/it\/wp-json\/wp\/v2\/pages\/3742\/revisions\/3745"}],"wp:featuredmedia":[{"embeddable":true,"href":"https:\/\/www.alcor-equipements.com\/it\/wp-json\/wp\/v2\/media\/3743"}],"wp:attachment":[{"href":"https:\/\/www.alcor-equipements.com\/it\/wp-json\/wp\/v2\/media?parent=3742"}],"curies":[{"name":"wp","href":"https:\/\/api.w.org\/{rel}","templated":true}]}}