{"id":3723,"date":"2024-02-16T15:09:05","date_gmt":"2024-02-16T14:09:05","guid":{"rendered":"https:\/\/www.alcor-equipements.com\/atouts\/"},"modified":"2025-04-14T15:44:20","modified_gmt":"2025-04-14T13:44:20","slug":"nostra-competenza","status":"publish","type":"page","link":"https:\/\/www.alcor-equipements.com\/it\/nostra-competenza\/","title":{"rendered":"La nostra competenza"},"content":{"rendered":"\n<div class=\"wp-block-columns alignwide is-style-deco accordeon-column is-layout-flex wp-container-core-columns-is-layout-b972a2bc wp-block-columns-is-layout-flex\" id=\"faqAnchor\" style=\"padding-top:100px;padding-bottom:100px\" data-aos=\"fade-up\" data-aos-duration=\"650\">\n<div class=\"wp-block-column is-layout-flow wp-block-column-is-layout-flow\">\n<h2 class=\"wp-block-heading has-text-align-center is-style-snd_title has-grey-color has-text-color\">FAQ ALCOR \u00c9quipements<\/h2>\n\n\n\n<hr class=\"wp-block-separator has-text-color has-snd-color-color has-alpha-channel-opacity has-snd-color-background-color has-background is-style-short-thick\"\/>\n\n\n\n<div style=\"height:50px\" aria-hidden=\"true\" class=\"wp-block-spacer\"><\/div>\n\n\n\n<div class=\"wp-block-starter-accordeon alignwide\"><div class=\"accordeon_title\" data-accordeon=\"closed\"><p><strong><strong>Il vostro evento si svolge in un sito protetto o in un monumento storico?<\/strong><\/strong><\/p><svg width=\"26\" height=\"19\" viewBox=\"0 0 26 19\" fill=\"none\" xmlns=\"http:\/\/www.w3.org\/2000\/svg\"><g clip-path=\"url(#clip0_3664_873)\"><path d=\"M23.7122 16.3672L12.8717 5.30537L2.05261 16.3672\" stroke=\"#414B5A\" stroke-width=\"3\"><\/path><\/g><defs><clipPath id=\"clip0_3664_873\"><rect width=\"18\" height=\"26\" fill=\"white\" transform=\"translate(0 18.6797) rotate(-90)\"><\/rect><\/clipPath><\/defs><\/svg><\/div><div class=\"accordeon_content closed\">\n<p class=\"has-grey-color has-text-color\">Grazie alla nostra esperienza su siti complessi, storici o difficili da raggiungere, sappiamo adattare le nostre tribune modulari rispettando pienamente i luoghi affidatici.<\/p>\n<\/div><\/div>\n\n\n\n<div class=\"wp-block-starter-accordeon alignwide\"><div class=\"accordeon_title\" data-accordeon=\"closed\"><p><strong><strong>Una tribuna in uno spazio ridotto?<\/strong><\/strong><\/p><svg width=\"26\" height=\"19\" viewBox=\"0 0 26 19\" fill=\"none\" xmlns=\"http:\/\/www.w3.org\/2000\/svg\"><g clip-path=\"url(#clip0_3664_873)\"><path d=\"M23.7122 16.3672L12.8717 5.30537L2.05261 16.3672\" stroke=\"#414B5A\" stroke-width=\"3\"><\/path><\/g><defs><clipPath id=\"clip0_3664_873\"><rect width=\"18\" height=\"26\" fill=\"white\" transform=\"translate(0 18.6797) rotate(-90)\"><\/rect><\/clipPath><\/defs><\/svg><\/div><div class=\"accordeon_content closed\">\n<p class=\"has-grey-color has-text-color\">Con l\u2019aiuto dei nostri software di calcolo e la creativit\u00e0 del nostro ufficio tecnico, ottimizziamo lo spazio disponibile per offrirvi la massima capienza. Affrontiamo con successo dislivelli e luoghi insoliti, rispettando tutte le normative di sicurezza.<\/p>\n<\/div><\/div>\n\n\n\n<div class=\"wp-block-starter-accordeon alignwide\"><div class=\"accordeon_title\" data-accordeon=\"closed\"><p><strong><strong>Tempi di montaggio molto brevi?<\/strong><\/strong><\/p><svg width=\"26\" height=\"19\" viewBox=\"0 0 26 19\" fill=\"none\" xmlns=\"http:\/\/www.w3.org\/2000\/svg\"><g clip-path=\"url(#clip0_3664_873)\"><path d=\"M23.7122 16.3672L12.8717 5.30537L2.05261 16.3672\" stroke=\"#414B5A\" stroke-width=\"3\"><\/path><\/g><defs><clipPath id=\"clip0_3664_873\"><rect width=\"18\" height=\"26\" fill=\"white\" transform=\"translate(0 18.6797) rotate(-90)\"><\/rect><\/clipPath><\/defs><\/svg><\/div><div class=\"accordeon_content closed\">\n<p class=\"has-grey-color has-text-color\">Comprendiamo quanto ogni giorno di noleggio sia importante. Grazie al nostro sistema unico, le nostre tribune si montano senza viti n\u00e9 bulloni, con semplici incastri. Inoltre, ottimizziamo regolarmente i nostri processi per garantire la massima reattivit\u00e0.<\/p>\n<\/div><\/div>\n\n\n\n<div class=\"wp-block-starter-accordeon alignwide\"><div class=\"accordeon_title\" data-accordeon=\"closed\"><p><strong><strong>Serve integrare la tribuna a un piano di biglietteria?<\/strong><\/strong><\/p><svg width=\"26\" height=\"19\" viewBox=\"0 0 26 19\" fill=\"none\" xmlns=\"http:\/\/www.w3.org\/2000\/svg\"><g clip-path=\"url(#clip0_3664_873)\"><path d=\"M23.7122 16.3672L12.8717 5.30537L2.05261 16.3672\" stroke=\"#414B5A\" stroke-width=\"3\"><\/path><\/g><defs><clipPath id=\"clip0_3664_873\"><rect width=\"18\" height=\"26\" fill=\"white\" transform=\"translate(0 18.6797) rotate(-90)\"><\/rect><\/clipPath><\/defs><\/svg><\/div><div class=\"accordeon_content closed\">\n<p class=\"has-grey-color has-text-color\">Supportiamo la numerazione delle tribune modulari per biglietterie manuali o informatizzate, con possibilit\u00e0 di fornitura e posa della numerazione.<\/p>\n<\/div><\/div>\n\n\n\n<div class=\"wp-block-starter-accordeon alignwide\"><div class=\"accordeon_title\" data-accordeon=\"closed\"><p><strong><strong><strong>Avete bisogno di grande capienza?<\/strong><\/strong><\/strong><\/p><svg width=\"26\" height=\"19\" viewBox=\"0 0 26 19\" fill=\"none\" xmlns=\"http:\/\/www.w3.org\/2000\/svg\"><g clip-path=\"url(#clip0_3664_873)\"><path d=\"M23.7122 16.3672L12.8717 5.30537L2.05261 16.3672\" stroke=\"#414B5A\" stroke-width=\"3\"><\/path><\/g><defs><clipPath id=\"clip0_3664_873\"><rect width=\"18\" height=\"26\" fill=\"white\" transform=\"translate(0 18.6797) rotate(-90)\"><\/rect><\/clipPath><\/defs><\/svg><\/div><div class=\"accordeon_content closed\">\n<p class=\"has-grey-color has-text-color\">Da 300 a 30.000 posti, troviamo soluzioni su misura mantenendo sempre la stessa qualit\u00e0 di servizio.<\/p>\n<\/div><\/div>\n\n\n\n<div class=\"wp-block-starter-accordeon alignwide\"><div class=\"accordeon_title\" data-accordeon=\"closed\"><p><strong><strong><strong>Le tribune modulari sono evolutive?<\/strong><\/strong><\/strong><\/p><svg width=\"26\" height=\"19\" viewBox=\"0 0 26 19\" fill=\"none\" xmlns=\"http:\/\/www.w3.org\/2000\/svg\"><g clip-path=\"url(#clip0_3664_873)\"><path d=\"M23.7122 16.3672L12.8717 5.30537L2.05261 16.3672\" stroke=\"#414B5A\" stroke-width=\"3\"><\/path><\/g><defs><clipPath id=\"clip0_3664_873\"><rect width=\"18\" height=\"26\" fill=\"white\" transform=\"translate(0 18.6797) rotate(-90)\"><\/rect><\/clipPath><\/defs><\/svg><\/div><div class=\"accordeon_content closed\">\n<p class=\"has-grey-color has-text-color\">S\u00ec! Grazie alla semplicit\u00e0 e intercambiabilit\u00e0 delle nostre componenti, da una configurazione iniziale \u00e8 possibile crearne molte altre. Offriamo il software <strong>Wintrib<\/strong> ai nostri clienti per gestire le configurazioni, con il supporto continuo del nostro ufficio tecnico.<\/p>\n<\/div><\/div>\n\n\n\n<div class=\"wp-block-starter-accordeon alignwide\"><div class=\"accordeon_title\" data-accordeon=\"closed\"><p><strong><strong><strong>Come conservare la tribuna?<\/strong><\/strong><\/strong><\/p><svg width=\"26\" height=\"19\" viewBox=\"0 0 26 19\" fill=\"none\" xmlns=\"http:\/\/www.w3.org\/2000\/svg\"><g clip-path=\"url(#clip0_3664_873)\"><path d=\"M23.7122 16.3672L12.8717 5.30537L2.05261 16.3672\" stroke=\"#414B5A\" stroke-width=\"3\"><\/path><\/g><defs><clipPath id=\"clip0_3664_873\"><rect width=\"18\" height=\"26\" fill=\"white\" transform=\"translate(0 18.6797) rotate(-90)\"><\/rect><\/clipPath><\/defs><\/svg><\/div><div class=\"accordeon_content closed\">\n<p class=\"has-grey-color has-text-color\">Offriamo rack per lo stoccaggio ordinato degli elementi o la possibilit\u00e0 di conservarla presso la nostra sede a Champtoc\u00e9 sur Loire (49).<\/p>\n<\/div><\/div>\n\n\n\n<div class=\"wp-block-starter-accordeon alignwide\"><div class=\"accordeon_title\" data-accordeon=\"closed\"><p><strong><strong><strong>Quali sono le opzioni di montaggio e smontaggio?<\/strong><\/strong><\/strong><\/p><svg width=\"26\" height=\"19\" viewBox=\"0 0 26 19\" fill=\"none\" xmlns=\"http:\/\/www.w3.org\/2000\/svg\"><g clip-path=\"url(#clip0_3664_873)\"><path d=\"M23.7122 16.3672L12.8717 5.30537L2.05261 16.3672\" stroke=\"#414B5A\" stroke-width=\"3\"><\/path><\/g><defs><clipPath id=\"clip0_3664_873\"><rect width=\"18\" height=\"26\" fill=\"white\" transform=\"translate(0 18.6797) rotate(-90)\"><\/rect><\/clipPath><\/defs><\/svg><\/div><div class=\"accordeon_content closed\">\n<p class=\"has-grey-color has-text-color\">Proponiamo interventi su richiesta per montaggio e smontaggio completi o in assistenza, affiancando le vostre squadre con un nostro tecnico certificato.<\/p>\n\n\n\n<p class=\"has-grey-color has-text-color\">La semplicit\u00e0 di assemblaggio \u2013 senza viti n\u00e9 bulloni \u2013 permette tempi di montaggio ottimizzati.<\/p>\n<\/div><\/div>\n\n\n\n<div class=\"wp-block-starter-accordeon alignwide\"><div class=\"accordeon_title\" data-accordeon=\"closed\"><p><strong><strong><strong>Quali controlli vengono effettuati a fine montaggio?<\/strong><\/strong><\/strong><\/p><svg width=\"26\" height=\"19\" viewBox=\"0 0 26 19\" fill=\"none\" xmlns=\"http:\/\/www.w3.org\/2000\/svg\"><g clip-path=\"url(#clip0_3664_873)\"><path d=\"M23.7122 16.3672L12.8717 5.30537L2.05261 16.3672\" stroke=\"#414B5A\" stroke-width=\"3\"><\/path><\/g><defs><clipPath id=\"clip0_3664_873\"><rect width=\"18\" height=\"26\" fill=\"white\" transform=\"translate(0 18.6797) rotate(-90)\"><\/rect><\/clipPath><\/defs><\/svg><\/div><div class=\"accordeon_content closed\">\n<p class=\"has-grey-color has-text-color\">Prima del controllo finale dell\u2019ente di verifica, i tecnici ALCOR eseguono un controllo interno in 10 punti.<\/p>\n<\/div><\/div>\n\n\n\n<div class=\"wp-block-starter-accordeon alignwide\"><div class=\"accordeon_title\" data-accordeon=\"closed\"><p><strong><strong><strong>Qual \u00e8 l\u2019impatto ambientale delle tribune smontabili?<\/strong><\/strong><\/strong><\/p><svg width=\"26\" height=\"19\" viewBox=\"0 0 26 19\" fill=\"none\" xmlns=\"http:\/\/www.w3.org\/2000\/svg\"><g clip-path=\"url(#clip0_3664_873)\"><path d=\"M23.7122 16.3672L12.8717 5.30537L2.05261 16.3672\" stroke=\"#414B5A\" stroke-width=\"3\"><\/path><\/g><defs><clipPath id=\"clip0_3664_873\"><rect width=\"18\" height=\"26\" fill=\"white\" transform=\"translate(0 18.6797) rotate(-90)\"><\/rect><\/clipPath><\/defs><\/svg><\/div><div class=\"accordeon_content closed\">\n<p class=\"has-grey-color has-text-color\">Il 100% dei componenti (acciaio, legno\u2026) delle nostre tribune \u00e8 riciclabile. I nostri cantieri generano pochissimi rifiuti, che vengono sistematicamente raccolti e smaltiti.<\/p>\n<\/div><\/div>\n<\/div>\n<\/div>\n","protected":false},"excerpt":{"rendered":"<p>FAQ ALCOR \u00c9quipements<\/p>\n","protected":false},"author":1,"featured_media":3781,"parent":0,"menu_order":13,"comment_status":"closed","ping_status":"closed","template":"page-templates\/template-savoir-faire.php","meta":{"_acf_changed":false,"inline_featured_image":false,"footnotes":""},"class_list":["post-3723","page","type-page","status-publish","has-post-thumbnail","hentry"],"acf":[],"_links":{"self":[{"href":"https:\/\/www.alcor-equipements.com\/it\/wp-json\/wp\/v2\/pages\/3723","targetHints":{"allow":["GET"]}}],"collection":[{"href":"https:\/\/www.alcor-equipements.com\/it\/wp-json\/wp\/v2\/pages"}],"about":[{"href":"https:\/\/www.alcor-equipements.com\/it\/wp-json\/wp\/v2\/types\/page"}],"author":[{"embeddable":true,"href":"https:\/\/www.alcor-equipements.com\/it\/wp-json\/wp\/v2\/users\/1"}],"replies":[{"embeddable":true,"href":"https:\/\/www.alcor-equipements.com\/it\/wp-json\/wp\/v2\/comments?post=3723"}],"version-history":[{"count":1,"href":"https:\/\/www.alcor-equipements.com\/it\/wp-json\/wp\/v2\/pages\/3723\/revisions"}],"predecessor-version":[{"id":3731,"href":"https:\/\/www.alcor-equipements.com\/it\/wp-json\/wp\/v2\/pages\/3723\/revisions\/3731"}],"wp:featuredmedia":[{"embeddable":true,"href":"https:\/\/www.alcor-equipements.com\/it\/wp-json\/wp\/v2\/media\/3781"}],"wp:attachment":[{"href":"https:\/\/www.alcor-equipements.com\/it\/wp-json\/wp\/v2\/media?parent=3723"}],"curies":[{"name":"wp","href":"https:\/\/api.w.org\/{rel}","templated":true}]}}