{"id":5612,"date":"2025-12-08T14:16:47","date_gmt":"2025-12-08T13:16:47","guid":{"rendered":"https:\/\/www.alcor-equipements.com\/vente-de-tribune-maroc\/"},"modified":"2026-04-03T15:54:16","modified_gmt":"2026-04-03T13:54:16","slug":"vente-de-tribune-maroc","status":"publish","type":"page","link":"https:\/\/www.alcor-equipements.com\/fr-ma\/vente-de-tribune-maroc\/","title":{"rendered":"Vente de tribune"},"content":{"rendered":"\n<div class=\"wp-block-group alignfull is-style-deco-blue\" style=\"padding-top:80px;padding-right:0px;padding-bottom:80px;padding-left:0px\"><div class=\"wp-block-group__inner-container is-layout-constrained wp-container-core-group-is-layout-7d171ee5 wp-block-group-is-layout-constrained\">\n<div class=\"wp-block-columns is-style-no_deco is-layout-flex wp-container-core-columns-is-layout-9d6595d7 wp-block-columns-is-layout-flex\">\n<div class=\"wp-block-column is-layout-flow wp-block-column-is-layout-flow\" style=\"padding-top:var(--wp--preset--spacing--50);padding-right:var(--wp--preset--spacing--50);padding-bottom:var(--wp--preset--spacing--50);padding-left:var(--wp--preset--spacing--50)\">\n<h1 class=\"wp-block-heading has-text-align-center is-style-main_title has-main-color-color has-text-color\">Achat et vente de tribune modulaire au Maroc<\/h1>\n\n\n\n<p class=\"has-text-align-left has-black-color has-text-color\" style=\"padding-right:var(--wp--preset--spacing--30);padding-bottom:25px;padding-left:var(--wp--preset--spacing--30)\">Nous renfor\u00e7ons aujourd\u2019hui notre pr\u00e9sence au Maroc, avec un bureau op\u00e9rationnel \u00e0 Casablanca. Nous accompagnons les collectivit\u00e9s, clubs sportifs, f\u00e9d\u00e9rations, \u00e9coles, promoteurs et organisateurs d\u2019\u00e9v\u00e9nements dans leurs projets d\u2019installation de tribunes modulaires.<\/p>\n\n\n\n<p class=\"has-text-align-left is-style-third_title has-black-color has-text-color\">Alcor con\u00e7oit, fabrique et installe des <a href=\"https:\/\/www.alcor-equipements.com\/tribune-modulaire\/\" data-type=\"produit\" data-id=\"177\">tribunes modulaires<\/a> pour :<\/p>\n\n\n\n<ul class=\"wp-block-list\">\n<li class=\"has-black-color has-text-color has-link-color wp-elements-8a7307db9c78b2aea67bf1562dfd72b8\">Des stades (extension ou construction neuve) : ces tribunes sont permanentes<\/li>\n\n\n\n<li class=\"has-black-color has-text-color has-link-color wp-elements-aaf792e75a4b908aa217dbcca2077ccd\">Des \u00e9v\u00e8nements sportifs et culturels \u00e0 caract\u00e8re temporaire<\/li>\n\n\n\n<li class=\"has-black-color has-text-color has-link-color wp-elements-f52218aadd4b59a4787a24bff0d7d77b\">Des loueurs professionnels qui les louent \u00e0 leurs clients<\/li>\n<\/ul>\n<\/div>\n<\/div>\n\n\n\n<div class=\"wp-block-columns alignfull is-layout-flex wp-container-core-columns-is-layout-9d6595d7 wp-block-columns-is-layout-flex\">\n<div class=\"wp-block-column is-layout-flow wp-block-column-is-layout-flow\" style=\"padding-right:var(--wp--preset--spacing--20);padding-left:var(--wp--preset--spacing--80)\">\n<p class=\"has-black-color has-text-color has-link-color wp-elements-9a7979ec51f1e281aa174e96dcdf7b3c\">Dans le cadre de notre d\u00e9veloppement en Afrique, nous accompagnons de nombreux projets en Afrique du Nord et de l\u2019Ouest (CAN, stades municipaux, infrastructures sportives, etc.). <\/p>\n\n\n\n<p class=\"has-text-align-left\">Nos solutions sont parfaitement adapt\u00e9es au climat marocain, aux d\u00e9lais du march\u00e9 local et aux standards europ\u00e9ens EN13200.<\/p>\n\n\n\n<p class=\"has-text-align-left has-black-color has-text-color\" style=\"padding-bottom:25px\">Pour toute demande au Maroc, veuillez contacter notre repr\u00e9sentant sur place : <strong>Yanis Burbaud<\/strong><\/p>\n\n\n\n<figure class=\"wp-block-image size-full\"><img loading=\"lazy\" decoding=\"async\" width=\"738\" height=\"862\" src=\"https:\/\/www.alcor-equipements.com\/wp-content\/uploads\/2026\/01\/alcor-club-wifaq-rabat--tribune-modulaire-pour-terrain-central-de-padel.jpeg\" alt=\"Club Wifaq, Rabat \u2013 Tribune modulaire pour terrain central de padel\" class=\"wp-image-5524\" srcset=\"https:\/\/www.alcor-equipements.com\/wp-content\/uploads\/2026\/01\/alcor-club-wifaq-rabat--tribune-modulaire-pour-terrain-central-de-padel.jpeg 738w, https:\/\/www.alcor-equipements.com\/wp-content\/uploads\/2026\/01\/alcor-club-wifaq-rabat--tribune-modulaire-pour-terrain-central-de-padel-257x300.jpeg 257w, https:\/\/www.alcor-equipements.com\/wp-content\/uploads\/2026\/01\/alcor-club-wifaq-rabat--tribune-modulaire-pour-terrain-central-de-padel-146x170.jpeg 146w\" sizes=\"auto, (max-width: 738px) 100vw, 738px\" \/><figcaption class=\"wp-element-caption\">Club Wifaq, Rabat \u2013 Tribune modulaire pour terrain central de padel<\/figcaption><\/figure>\n<\/div>\n\n\n\n<div class=\"wp-block-column is-layout-flow wp-block-column-is-layout-flow\" style=\"padding-right:var(--wp--preset--spacing--70);padding-left:var(--wp--preset--spacing--70)\">\n<div class=\"wp-block-columns alignwide is-style-third_deco form1 is-layout-flex wp-container-core-columns-is-layout-ee8bf8bf wp-block-columns-is-layout-flex\" style=\"padding-top:16px;padding-bottom:16px\">\n<div class=\"wp-block-column is-layout-flow wp-block-column-is-layout-flow\" style=\"padding-right:0;padding-left:0;flex-basis:100%\">\n<h2 class=\"wp-block-heading has-text-align-center is-style-fourth_title has-main-color-color has-text-color has-link-color wp-elements-fe34c23503fb5b58878a43437abd5f9a\">Faire une demande de devis<\/h2>\n\n\n\n<hr class=\"wp-block-separator has-text-color has-snd-color-color has-alpha-channel-opacity has-snd-color-background-color has-background is-style-separator_paint is-style-short-thick\"\/>\n\n\n\n<form class=\"wp-block-starter-form\" id=\"form-3019e15c-4175-46a4-89f5-7d1a1481f834\" onsubmit=\"return false\"><div id=\"captcha-form-3019e15c-4175-46a4-89f5-7d1a1481f834\"><\/div><input type=\"hidden\" name=\"action\" value=\"form_save\"\/><input type=\"hidden\" name=\"clientID\" value=\"3019e15c-4175-46a4-89f5-7d1a1481f834\"\/><input type=\"hidden\" name=\"pageID\" value=\"5612\"\/><input type=\"hidden\" name=\"formID\" value=\"form-3019e15c-4175-46a4-89f5-7d1a1481f834\"\/><input type=\"hidden\" name=\"form_title\" value=\"DEVIS MAROC\"\/><p>* Champs obligatoire<\/p><div class=\"wp-block-starter-form\">\n<div class=\"wp-block-starter-input has-custom-width wp-block-input__width-50\"><label for=\"text-a1e470ca-4d67-43d0-95bb-04e54985068d\">Pr\u00e9nom<\/label><span class=\"required\">*<\/span><input id=\"text-a1e470ca-4d67-43d0-95bb-04e54985068d\" type=\"text\" name=\"Pr\u00e9nom\" value=\"\" required\/><\/div>\n\n\n\n<div class=\"wp-block-starter-input has-custom-width wp-block-input__width-50\"><label for=\"text-1975a8ea-315e-4bc2-ab58-ce3b676fc086\">Nom<\/label><span class=\"required\">*<\/span><input id=\"text-1975a8ea-315e-4bc2-ab58-ce3b676fc086\" type=\"text\" name=\"Nom\" value=\"\" required\/><\/div>\n\n\n\n<div class=\"wp-block-starter-input has-custom-width wp-block-input__width-50\"><label for=\"email-fa802968-6ca9-4216-9791-b42094386cde\">E-mail<\/label><span class=\"required\">*<\/span><input id=\"email-fa802968-6ca9-4216-9791-b42094386cde\" type=\"email\" name=\"E-mail\" value=\"\" required\/><\/div>\n\n\n\n<div class=\"wp-block-starter-input has-custom-width wp-block-input__width-50\"><label for=\"tel-48c4630b-790a-4aa4-ab23-1dcdfe507829\">T\u00e9l\u00e9phone<\/label><span class=\"required\">*<\/span><input id=\"tel-48c4630b-790a-4aa4-ab23-1dcdfe507829\" type=\"tel\" name=\"T\u00e9l\u00e9phone\" value=\"\" required\/><\/div>\n\n\n\n<div class=\"wp-block-starter-input has-custom-width wp-block-input__width-50\"><label for=\"text-15c1717f-0aab-48b7-bc89-ded80e6b6780\">Raison sociale<\/label><input id=\"text-15c1717f-0aab-48b7-bc89-ded80e6b6780\" type=\"text\" name=\"Raison sociale\" value=\"\"\/><\/div>\n\n\n\n<div class=\"wp-block-starter-input has-custom-width wp-block-input__width-50\"><label for=\"text-d7983df1-ee95-49a5-846b-9c9d61458845\">Code postal<\/label><span class=\"required\">*<\/span><input id=\"text-d7983df1-ee95-49a5-846b-9c9d61458845\" type=\"text\" name=\"Code postal\" value=\"\" required\/><\/div>\n\n\n\n<div class=\"wp-block-starter-input has-custom-width wp-block-input__width-100\"><label for=\"text-4f79ad7f-9a7c-42e1-9c44-c44d85cacae9\">Pays<\/label><span class=\"required\">*<\/span><input id=\"text-4f79ad7f-9a7c-42e1-9c44-c44d85cacae9\" type=\"text\" name=\"Pays\" value=\"\" required\/><\/div>\n\n\n\n<div class=\"wp-block-starter-input has-custom-width wp-block-input__width-100\"><label for=\"textarea-8003adcd-1b2e-4721-be17-c3ff040d6abe\">Message<\/label><textarea id=\"textarea-8003adcd-1b2e-4721-be17-c3ff040d6abe\" name=\"Message\"><\/textarea><\/div>\n<\/div><div class=\"wp-block-starter-form-consentement-rgpd\"><input type=\"checkbox\" name=\"rgpd-3019e15c-4175-46a4-89f5-7d1a1481f834\" id=\"rgpd-form-3019e15c-4175-46a4-89f5-7d1a1481f834\" required\/><svg width=\"23\" height=\"23\" viewBox=\"0 0 23 23\" fill=\"none\" xmlns=\"http:\/\/www.w3.org\/2000\/svg\"><rect x=\"1\" y=\"1.17969\" width=\"21\" height=\"21\" rx=\"2.5\" fill=\"white\" stroke=\"#414B5A\"><\/rect><rect x=\"5.5\" y=\"5.67969\" width=\"12\" height=\"12\" rx=\"2\" fill=\"#414B5A\"><\/rect><\/svg><label for=\"rgpd-form-3019e15c-4175-46a4-89f5-7d1a1481f834\" id=\"label-3019e15c-4175-46a4-89f5-7d1a1481f834\" class=\"checking\">En soumettant ce formulaire, j&#8217;accepte que les informations saisies dans ce formulaire soient exploit\u00e9es dans le cadre de la relation commerciale qui d\u00e9coule de cette demande. *<\/label><\/div><input id=\"submit-form-3019e15c-4175-46a4-89f5-7d1a1481f834\" type=\"submit\" class=\"wp-block-button__link\"\/><div id=\"done-form-3019e15c-4175-46a4-89f5-7d1a1481f834\" class=\"done-form d-none\">Votre message a bien \u00e9t\u00e9 envoy\u00e9<\/div><div id=\"fail-form-3019e15c-4175-46a4-89f5-7d1a1481f834\" class=\"fail-form d-none\">Une erreur est survenue, veuillez r\u00e9essayer.<\/div><\/form>\n<\/div>\n<\/div>\n<\/div>\n<\/div>\n<\/div><\/div>\n\n\n\n<div class=\"wp-block-cover alignfull\" style=\"padding-top:7.5rem;padding-right:0rem;padding-bottom:7.5rem;padding-left:0rem\"><img decoding=\"async\" class=\"wp-block-cover__image-background wp-image-559\" alt=\"\" src=\"https:\/\/3b3ndbgbau.preview.infomaniak.website\/wp-content\/plugins\/starter\/patterns\/media\/image-pattern.jpeg\" data-object-fit=\"cover\"\/><span aria-hidden=\"true\" class=\"wp-block-cover__background has-main-color-background-color has-background-dim-70 has-background-dim\"><\/span><div class=\"wp-block-cover__inner-container is-layout-flow wp-block-cover-is-layout-flow\">\n<div class=\"wp-block-columns alignwide is-layout-flex wp-container-core-columns-is-layout-9d6595d7 wp-block-columns-is-layout-flex\">\n<div class=\"wp-block-column is-layout-flow wp-block-column-is-layout-flow\" style=\"padding-top:0;padding-right:0;padding-bottom:0;padding-left:0;flex-basis:50%\">\n<div class=\"wp-block-group alignfull\" style=\"padding-top:0;padding-right:var(--wp--preset--spacing--30);padding-bottom:0;padding-left:0\"><div class=\"wp-block-group__inner-container is-layout-constrained wp-container-core-group-is-layout-bb789ed2 wp-block-group-is-layout-constrained\">\n<h2 class=\"wp-block-heading alignfull has-text-align-left is-style-fourth_title has-white-color has-text-color\">Nos expertises<\/h2>\n\n\n\n<hr class=\"wp-block-separator alignleft has-text-color has-snd-color-color has-alpha-channel-opacity has-snd-color-background-color has-background\"\/>\n\n\n\n<p class=\"has-white-color has-text-color\" style=\"padding-right:var(--wp--preset--spacing--30)\">Pour vous accompagner dans votre projet d\u2019achat de tribune modulaire, qu&#8217;ils soient li\u00e9s \u00e0 des \u00e9v\u00e9nements ponctuels ou \u00e0 des installations permanentes, notre processus de vente est centr\u00e9e sur une approche personnalis\u00e9e et professionnelle.<\/p>\n\n\n\n<p class=\"has-white-color has-text-color\" style=\"padding-right:var(--wp--preset--spacing--30)\">Des places vip, des loges, des zones PMR, des assises aux couleurs de votre club, avec ou sans couverture nous pouvons travailler ensemble sur votre projet, \u00e9laborer votre cahier des charges et r\u00e9aliser votre tribune sur mesure, garantissant les respect de vos besoins et attentes.<\/p>\n\n\n\n<ul class=\"wp-block-list\">\n<li class=\"has-white-color has-text-color has-link-color wp-elements-ae12d75f3b87a5de6cd480c06b96817b\">Evaluation des besoins : consultation d\u00e9taill\u00e9e pour comprendre vos exigences sp\u00e9cifiques, le type d&#8217;\u00e9v\u00e9nement, le nombre de spectateurs attendus, et les caract\u00e9ristiques uniques de l&#8217;emplacement. Cette \u00e9tape cruciale nous permet d&#8217;identifier la solution la plus adapt\u00e9e \u00e0 votre situation.<\/li>\n<\/ul>\n\n\n\n<ul class=\"wp-block-list\">\n<li class=\"has-white-color has-text-color has-link-color wp-elements-2d820b5ed58ff0df7dc9656777827fdc\">Conception et innovation : proposition de tribune modulaire sur mesure, en int\u00e9grant des plans d\u00e9taill\u00e9s et des simulations 3D pour vous offrir une vision claire du projet final. Cette proposition prend en compte \u00e0 la fois la fonctionnalit\u00e9 et l&#8217;esth\u00e9tique, tout en respectant scrupuleusement les normes de s\u00e9curit\u00e9 en vigueur.&nbsp;<\/li>\n<\/ul>\n<\/div><\/div>\n<\/div>\n\n\n\n<div class=\"wp-block-column is-layout-flow wp-block-column-is-layout-flow\" style=\"flex-basis:50%\">\n<div class=\"wp-block-group\" style=\"padding-top:0;padding-right:var(--wp--preset--spacing--30);padding-bottom:0;padding-left:0\"><div class=\"wp-block-group__inner-container is-layout-constrained wp-container-core-group-is-layout-bb789ed2 wp-block-group-is-layout-constrained\">\n<ul class=\"wp-block-list\">\n<li class=\"has-white-color has-text-color has-link-color wp-elements-f1a54435fe0ef31e8dc729bdb4a6b522\">Offre :&nbsp;en fonction de la solution choisie, nous vous proposons un devis d\u00e9taill\u00e9 en restant ouvert \u00e0 tout ajustement n\u00e9cessaire pour garantir le r\u00e9sultat final.<\/li>\n<\/ul>\n\n\n\n<ul class=\"wp-block-list\">\n<li class=\"has-white-color has-text-color has-link-color wp-elements-f664f73ec9368d6a5dcfa0cd9d46f572\">Fabrication : en utilisant des mat\u00e9riaux de haute qualit\u00e9 et une production performante, nous entamons la fabrication de votre tribune modulaire. Chaque pi\u00e8ce est soumis \u00e0 des contr\u00f4les&nbsp; rigoureux pour assurer durabilit\u00e9 et s\u00e9curit\u00e9.<\/li>\n<\/ul>\n\n\n\n<ul class=\"wp-block-list\">\n<li class=\"has-white-color has-text-color has-link-color wp-elements-702d9af2694caab65d250f98ba51be40\">Installation : avec pr\u00e9cision, s\u00e9curit\u00e9 et forte de son exp\u00e9rience, notre \u00e9quipe de monteurs proc\u00e8de \u00e0 la mise en place de votre tribune.&nbsp;<\/li>\n<\/ul>\n\n\n\n<p class=\"has-white-color has-text-color\">Nous pouvons vous accompagner si n\u00e9cessaire dans la formation de vos \u00e9quipes pour l\u2019utilisation et l\u2019entretien de votre tribune. Nos \u00e9quipes restent disponibles pour r\u00e9pondre \u00e0 vos questions avant, pendant et apr\u00e8s le montage de votre tribune.<\/p>\n\n\n\n<p class=\"has-white-color has-text-color has-link-color wp-elements-3cbcd40f5698e25175112f1148245bd7\">Contactez-nous pour d\u00e9couvrir comment nous pouvons aider \u00e0 enrichir vos espaces culturels et sportifs et vos \u00e9v\u00e9nements avec une <a href=\"https:\/\/www.alcor-equipements.com\/extensions-modulaires-au-stade-de-luson\/\">extension modulaire<\/a> ou une tribune.<\/p>\n\n\n\n<div class=\"wp-block-buttons is-layout-flex wp-block-buttons-is-layout-flex\">\n<div class=\"wp-block-button is-style-outline-white\"><a class=\"wp-block-button__link wp-element-button\" href=\"https:\/\/www.alcor-equipements.com\/contact\/\">CONTACTEZ-nous<\/a><\/div>\n<\/div>\n<\/div><\/div>\n<\/div>\n<\/div>\n<\/div><\/div>\n\n\n\n<div class=\"wp-block-cover alignfull deco\"><img loading=\"lazy\" decoding=\"async\" width=\"2560\" height=\"1920\" class=\"wp-block-cover__image-background wp-image-1334\" alt=\"Comit\u00e9 d'organisation France tir \u00e0 l'arc Ch\u00e2teau de vincennes_2022_1576places\" src=\"http:\/\/www.alcor-equipements.com\/wp-content\/uploads\/2024\/04\/alcor-img_1213-scaled.jpg\" data-object-fit=\"cover\" srcset=\"https:\/\/www.alcor-equipements.com\/wp-content\/uploads\/2024\/04\/alcor-img_1213-scaled.jpg 2560w, https:\/\/www.alcor-equipements.com\/wp-content\/uploads\/2024\/04\/alcor-img_1213-300x225.jpg 300w, https:\/\/www.alcor-equipements.com\/wp-content\/uploads\/2024\/04\/alcor-img_1213-1024x768.jpg 1024w, https:\/\/www.alcor-equipements.com\/wp-content\/uploads\/2024\/04\/alcor-img_1213-768x576.jpg 768w, https:\/\/www.alcor-equipements.com\/wp-content\/uploads\/2024\/04\/alcor-img_1213-1536x1152.jpg 1536w, https:\/\/www.alcor-equipements.com\/wp-content\/uploads\/2024\/04\/alcor-img_1213-2048x1536.jpg 2048w, https:\/\/www.alcor-equipements.com\/wp-content\/uploads\/2024\/04\/alcor-img_1213-170x128.jpg 170w\" sizes=\"auto, (max-width: 2560px) 100vw, 2560px\" \/><span aria-hidden=\"true\" class=\"wp-block-cover__background has-main-color-background-color has-background-dim-70 has-background-dim\"><\/span><div class=\"wp-block-cover__inner-container is-layout-flow wp-block-cover-is-layout-flow\">\n<h2 class=\"wp-block-heading has-text-align-center is-style-third_title has-white-color has-text-color\">Une interrogation ?<\/h2>\n\n\n\n<div style=\"height:47px\" aria-hidden=\"true\" class=\"wp-block-spacer\"><\/div>\n\n\n\n<div class=\"wp-block-buttons is-content-justification-center is-layout-flex wp-container-core-buttons-is-layout-16018d1d wp-block-buttons-is-layout-flex\">\n<div class=\"wp-block-button is-style-fill-light\"><a class=\"wp-block-button__link wp-element-button\" href=\"https:\/\/www.alcor-equipements.com\/atouts\/#faqanchor\">Consultez notre FAQ<\/a><\/div>\n<\/div>\n<\/div><\/div>\n","protected":false},"excerpt":{"rendered":"<p>Achat et vente de tribune modulaire au Maroc Nous renfor\u00e7ons aujourd\u2019hui notre pr\u00e9sence au Maroc, [&hellip;]<\/p>\n","protected":false},"author":13,"featured_media":0,"parent":0,"menu_order":71,"comment_status":"closed","ping_status":"closed","template":"","meta":{"_acf_changed":false,"inline_featured_image":false,"footnotes":""},"class_list":["post-5612","page","type-page","status-publish","hentry"],"acf":[],"_links":{"self":[{"href":"https:\/\/www.alcor-equipements.com\/fr-ma\/wp-json\/wp\/v2\/pages\/5612","targetHints":{"allow":["GET"]}}],"collection":[{"href":"https:\/\/www.alcor-equipements.com\/fr-ma\/wp-json\/wp\/v2\/pages"}],"about":[{"href":"https:\/\/www.alcor-equipements.com\/fr-ma\/wp-json\/wp\/v2\/types\/page"}],"author":[{"embeddable":true,"href":"https:\/\/www.alcor-equipements.com\/fr-ma\/wp-json\/wp\/v2\/users\/13"}],"replies":[{"embeddable":true,"href":"https:\/\/www.alcor-equipements.com\/fr-ma\/wp-json\/wp\/v2\/comments?post=5612"}],"version-history":[{"count":13,"href":"https:\/\/www.alcor-equipements.com\/fr-ma\/wp-json\/wp\/v2\/pages\/5612\/revisions"}],"predecessor-version":[{"id":5694,"href":"https:\/\/www.alcor-equipements.com\/fr-ma\/wp-json\/wp\/v2\/pages\/5612\/revisions\/5694"}],"wp:attachment":[{"href":"https:\/\/www.alcor-equipements.com\/fr-ma\/wp-json\/wp\/v2\/media?parent=5612"}],"curies":[{"name":"wp","href":"https:\/\/api.w.org\/{rel}","templated":true}]}}