{"id":2294,"date":"2024-06-17T15:43:31","date_gmt":"2024-06-17T13:43:31","guid":{"rendered":"https:\/\/www.alcor-equipements.com\/?page_id=2294"},"modified":"2026-01-27T12:26:18","modified_gmt":"2026-01-27T11:26:18","slug":"metal-bleachers","status":"publish","type":"page","link":"https:\/\/www.alcor-equipements.com\/en\/metal-bleachers\/","title":{"rendered":"Metal bleachers and grandstands: sales and rentals"},"content":{"rendered":"\n<div class=\"wp-block-cover alignfull is-light deco\"><img loading=\"lazy\" decoding=\"async\" width=\"2048\" height=\"1534\" class=\"wp-block-cover__image-background wp-image-1089\" alt=\"Cadre Noir Pontorson Mont Saint Michel 5104 places 4 tribunes modulaires \u00e9v\u00e8nementielles\" src=\"http:\/\/www.alcor-equipements.com\/wp-content\/uploads\/2024\/04\/alcor-1690274801211.jpg\" data-object-fit=\"cover\" srcset=\"https:\/\/www.alcor-equipements.com\/wp-content\/uploads\/2024\/04\/alcor-1690274801211.jpg 2048w, https:\/\/www.alcor-equipements.com\/wp-content\/uploads\/2024\/04\/alcor-1690274801211-300x225.jpg 300w, https:\/\/www.alcor-equipements.com\/wp-content\/uploads\/2024\/04\/alcor-1690274801211-1024x767.jpg 1024w, https:\/\/www.alcor-equipements.com\/wp-content\/uploads\/2024\/04\/alcor-1690274801211-768x575.jpg 768w, https:\/\/www.alcor-equipements.com\/wp-content\/uploads\/2024\/04\/alcor-1690274801211-1536x1151.jpg 1536w, https:\/\/www.alcor-equipements.com\/wp-content\/uploads\/2024\/04\/alcor-1690274801211-170x127.jpg 170w\" sizes=\"auto, (max-width: 2048px) 100vw, 2048px\" \/><span aria-hidden=\"true\" class=\"wp-block-cover__background has-white-background-color has-background-dim-80 has-background-dim\"><\/span><div class=\"wp-block-cover__inner-container is-layout-flow wp-block-cover-is-layout-flow\">\n<div style=\"height:50px\" aria-hidden=\"true\" class=\"wp-block-spacer\"><\/div>\n\n\n\n<h1 class=\"wp-block-heading has-text-align-center is-style-main_title has-main-color-color has-text-color\">Metal grandstands and bleachers: sales and rentals<\/h1>\n\n\n\n<hr class=\"wp-block-separator has-text-color has-snd-color-color has-alpha-channel-opacity has-snd-color-background-color has-background\"\/>\n\n\n\n<p class=\"has-text-align-center has-main-color-color has-text-color has-link-color wp-elements-284be391e273841706a0f23d94f24e5e\">Looking for a metal grandstand for a permanent installation or just a few days? Alcor Equipment&#8217;s metal bleacher sales and rental service is perfect for you. Create custom metal grandstands tailored to the specifics of your event. From sports events to cultural shows, indoors or outdoors, we have the metal bleachers you need. <a href=\"https:\/\/www.alcor-equipements.com\/en\/contact-us\/\" data-type=\"page\" data-id=\"1854\">Contact us<\/a> now for a free, no-obligation quote.<\/p>\n\n\n\n<div style=\"height:50px\" aria-hidden=\"true\" class=\"wp-block-spacer\"><\/div>\n<\/div><\/div>\n\n\n\n<div class=\"wp-block-cover alignfull\" style=\"padding-top:7.5rem;padding-right:0rem;padding-bottom:7.5rem;padding-left:0rem\"><img loading=\"lazy\" decoding=\"async\" width=\"2048\" height=\"1536\" class=\"wp-block-cover__image-background wp-image-1099\" alt=\"\" src=\"http:\/\/www.alcor-equipements.com\/wp-content\/uploads\/2024\/04\/alcor-img_3040-scaled.jpg\" data-object-fit=\"cover\" srcset=\"https:\/\/www.alcor-equipements.com\/wp-content\/uploads\/2024\/04\/alcor-img_3040-scaled.jpg 2048w, https:\/\/www.alcor-equipements.com\/wp-content\/uploads\/2024\/04\/alcor-img_3040-300x225.jpg 300w, https:\/\/www.alcor-equipements.com\/wp-content\/uploads\/2024\/04\/alcor-img_3040-1024x768.jpg 1024w, https:\/\/www.alcor-equipements.com\/wp-content\/uploads\/2024\/04\/alcor-img_3040-768x576.jpg 768w, https:\/\/www.alcor-equipements.com\/wp-content\/uploads\/2024\/04\/alcor-img_3040-1536x1152.jpg 1536w, https:\/\/www.alcor-equipements.com\/wp-content\/uploads\/2024\/04\/alcor-img_3040-170x128.jpg 170w\" sizes=\"auto, (max-width: 2048px) 100vw, 2048px\" \/><span aria-hidden=\"true\" class=\"wp-block-cover__background has-main-color-background-color has-background-dim-70 has-background-dim\"><\/span><div class=\"wp-block-cover__inner-container is-layout-flow wp-block-cover-is-layout-flow\">\n<div class=\"wp-block-columns alignwide is-layout-flex wp-container-core-columns-is-layout-9d6595d7 wp-block-columns-is-layout-flex\">\n<div class=\"wp-block-column is-layout-flow wp-block-column-is-layout-flow\" style=\"padding-top:0;padding-right:0;padding-bottom:0;padding-left:0;flex-basis:50%\">\n<div class=\"wp-block-group alignfull\" style=\"padding-top:0;padding-right:var(--wp--preset--spacing--30);padding-bottom:0;padding-left:0\"><div class=\"wp-block-group__inner-container is-layout-constrained wp-container-core-group-is-layout-bb789ed2 wp-block-group-is-layout-constrained\">\n<h2 class=\"wp-block-heading alignfull has-text-align-left is-style-fourth_title has-white-color has-text-color\"><strong>The advantages of metal grandstands<\/strong><\/h2>\n\n\n\n<hr class=\"wp-block-separator alignleft has-text-color has-snd-color-color has-alpha-channel-opacity has-snd-color-background-color has-background\"\/>\n<\/div><\/div>\n\n\n\n<p>Metal grandstands offer numerous advantages, which is why they are the natural choice for organizers of festive, sports, or cultural events.<\/p>\n\n\n\n<p>The robustness and durability of metal grandstands are undeniable. Designed to withstand the most challenging weather conditions and intensive use, their sturdy structure ensures a long lifespan, even outdoors (e.g., football stadiums). Safety is also a priority: our <a href=\"https:\/\/www.alcor-equipements.com\/en\/modular-grandstand\/\">modular grandstands<\/a> include features such as guardrails and non-slip stairs, ensuring spectator protection.<\/p>\n<\/div>\n\n\n\n<div class=\"wp-block-column is-layout-flow wp-block-column-is-layout-flow\" style=\"flex-basis:50%\">\n<div class=\"wp-block-group\" style=\"padding-top:0;padding-right:var(--wp--preset--spacing--30);padding-bottom:0;padding-left:0\"><div class=\"wp-block-group__inner-container is-layout-constrained wp-container-core-group-is-layout-bb789ed2 wp-block-group-is-layout-constrained\">\n<p>The modularity of <a href=\"https:\/\/www.alcor-equipements.com\/en\/portable-bleacher\/\" data-type=\"link\" data-id=\"https:\/\/www.alcor-equipements.com\/en\/portable-bleacher\/\">mobile metal grandstands<\/a> allows for easy adaptation to various spaces and configurations. You can install a fixed metal grandstand, but if needs change, it can be expanded or downsized accordingly.<\/p>\n\n\n\n<p>In addition to functionality, our <a href=\"https:\/\/www.alcor-equipements.com\/en\/grandstand-rental\/\" data-type=\"link\" data-id=\"https:\/\/www.alcor-equipements.com\/en\/grandstand-rental\/\">rental or fixed grandstands<\/a> offer a refined design and comfortable seating, providing spectators with a top-notch experience. The quick and easy setup of Alcor\u2019s metal grandstands helps reduce installation costs and times (screw and bolt-free system). Therefore, they are ideal for renting metal grandstands.<\/p>\n<\/div><\/div>\n<\/div>\n<\/div>\n<\/div><\/div>\n\n\n\n<div class=\"wp-block-columns alignwide are-vertically-aligned-top photo_texte is-layout-flex wp-container-core-columns-is-layout-29ddea0f wp-block-columns-is-layout-flex\" style=\"padding-top:80px;padding-bottom:80px\">\n<div class=\"wp-block-column is-layout-flow wp-block-column-is-layout-flow\" style=\"flex-basis:66%\">\n<h2 class=\"wp-block-heading is-style-fourth_title\">For which events are metal grandstands suitable?<\/h2>\n\n\n\n<p>Our metal stadium grandstands are extremely versatile, making them perfectly suitable for any type of event. For example:<\/p>\n\n\n\n<ul class=\"wp-block-list\">\n<li><strong>Sports Events:<\/strong>&nbsp;Metal bleachers for football, rugby, athletics, BMX, etc.<\/li>\n\n\n\n<li><strong>Concerts and Festivals:<\/strong>&nbsp;Metal grandstands provide optimal viewing for all spectators, whether covered or uncovered. For example, you can <a href=\"https:\/\/www.alcor-equipements.com\/en\/stand-convention-center\/\">install seating in a convention center<\/a>.<\/li>\n\n\n\n<li><strong>Cultural Events:<\/strong>&nbsp;<a href=\"https:\/\/www.alcor-equipements.com\/en\/modular-grandstand-theater\/\" data-type=\"link\" data-id=\"https:\/\/www.alcor-equipements.com\/en\/modular-grandstand-theater\/\">Outdoor theater seating<\/a>, performances, film screenings, <a href=\"https:\/\/www.alcor-equipements.com\/en\/modular-grandstand-castle\/\">ballet grandstand<\/a>, etc.<\/li>\n\n\n\n<li><strong>Conferences and Seminars:<\/strong>&nbsp;Temporary metal grandstands for large gatherings.<\/li>\n\n\n\n<li><strong>School Events:<\/strong>&nbsp;Sports competitions, graduation ceremonies, etc.<\/li>\n<\/ul>\n\n\n\n<p><strong>Your custom metal grandstand<\/strong><\/p>\n\n\n\n<p>No matter the event type, you can configure your metal grandstand to meet all your needs. Choose seat type, number of rows, presence of a roof, accessibility for persons with reduced mobility, VIP area, straight or curved grandstand\u2014almost anything is possible.<\/p>\n\n\n\n<p><strong>Metal Grandstands from 100 to Thousands of Seats<\/strong><\/p>\n\n\n\n<p>At Alcor Equipment, we understand that every event is unique. That&#8217;s why we offer a wide range of sizes and configurations for your metal grandstands.<\/p>\n\n\n\n<ul class=\"wp-block-list\">\n<li><a href=\"https:\/\/www.alcor-equipements.com\/en\/wooden-bleacher\/\">Wooden bleachers for sale<\/a><\/li>\n\n\n\n<li><a href=\"https:\/\/www.alcor-equipements.com\/en\/modular-grandstand-rental-competition\/\">Stand rental for sporting competitions<\/a><\/li>\n<\/ul>\n<\/div>\n\n\n\n<div class=\"wp-block-column is-layout-flow wp-block-column-is-layout-flow\" style=\"flex-basis:34%\">\n<figure class=\"wp-block-image size-large is-resized\"><img loading=\"lazy\" decoding=\"async\" width=\"1024\" height=\"768\" src=\"https:\/\/www.alcor-equipements.com\/wp-content\/uploads\/2024\/04\/alcor-img_1581-1024x768.jpg\" alt=\"BMX NANTES FFC cyclisme 5768 places\" class=\"wp-image-1322\" style=\"width:372px;height:auto\" srcset=\"https:\/\/www.alcor-equipements.com\/wp-content\/uploads\/2024\/04\/alcor-img_1581-1024x768.jpg 1024w, https:\/\/www.alcor-equipements.com\/wp-content\/uploads\/2024\/04\/alcor-img_1581-300x225.jpg 300w, https:\/\/www.alcor-equipements.com\/wp-content\/uploads\/2024\/04\/alcor-img_1581-768x576.jpg 768w, https:\/\/www.alcor-equipements.com\/wp-content\/uploads\/2024\/04\/alcor-img_1581-1536x1152.jpg 1536w, https:\/\/www.alcor-equipements.com\/wp-content\/uploads\/2024\/04\/alcor-img_1581-2048x1536.jpg 2048w, https:\/\/www.alcor-equipements.com\/wp-content\/uploads\/2024\/04\/alcor-img_1581-170x128.jpg 170w\" sizes=\"auto, (max-width: 1024px) 100vw, 1024px\" \/><\/figure>\n\n\n\n<ul class=\"wp-block-list\">\n<li><strong>Small Metal Grandstands:<\/strong>&nbsp;Starting from 100 seats, or even fewer with our <a href=\"https:\/\/www.alcor-equipements.com\/en\/stadium-shelter\/\" data-type=\"link\" data-id=\"https:\/\/www.alcor-equipements.com\/en\/stadium-shelter\/\">Abristade<\/a> concept (this <a href=\"https:\/\/www.alcor-equipements.com\/en\/stadium-shelter\/\">covered mini grandstand<\/a> is available for purchase only).<\/li>\n\n\n\n<li><strong>Medium-Sized Grandstands:<\/strong>&nbsp;From a few hundred to several thousand seats, we have metal bleachers perfectly suited to your audience.<\/li>\n\n\n\n<li><strong>Large Football or Other Events:<\/strong>&nbsp;Whether you&#8217;re expecting 5,000 spectators, 10,000, or more, we can handle very large crowds.<\/li>\n<\/ul>\n\n\n\n<p>By choosing Alcor Equipment, you&#8217;re ensuring that your event will have comfortable and safe seating, tailored precisely to your requirements.<\/p>\n<\/div>\n<\/div>\n\n\n\n<div class=\"wp-block-columns alignwide are-vertically-aligned-top photo_texte is-layout-flex wp-container-core-columns-is-layout-29ddea0f wp-block-columns-is-layout-flex\" style=\"padding-top:80px;padding-bottom:80px\">\n<div class=\"wp-block-column is-layout-flow wp-block-column-is-layout-flow\" style=\"flex-basis:66%\">\n<h2 class=\"wp-block-heading is-style-fourth_title\">Why choose Alcor Equipment for your modular metal grandstand ?<\/h2>\n\n\n\n<p>At Alcor Equipment, you will find top-quality metal grandstands that perfectly meet your needs. Here&#8217;s why you should choose us:<\/p>\n\n\n\n<p><strong>Expertise and know-how:<\/strong> With decades of experience in the field, we have developed unparalleled expertise in the design and installation of metal grandstands, both in France and worldwide.<\/p>\n\n\n\n<p><strong>Unique screw and bolt-free system<\/strong>: Our metal grandstand concept without screws or bolts allows for quick and secure assembly of our bleachers.<\/p>\n\n\n\n<ul class=\"wp-block-list\">\n<li><a href=\"https:\/\/www.alcor-equipements.com\/en\/mobile-bleachers\/\">Mobile bleachers<\/a><\/li>\n<\/ul>\n<\/div>\n\n\n\n<div class=\"wp-block-column is-layout-flow wp-block-column-is-layout-flow\" style=\"flex-basis:34%\">\n<p><strong>Superior quality<\/strong>: Our grandstands are crafted from high-quality materials to ensure robustness and safety.<\/p>\n\n\n\n<p><strong>Personalized service:<\/strong> We work closely with our clients to design grandstands that precisely meet their specific requirements.<\/p>\n\n\n\n<p><strong>Professional technical support<\/strong>: Our team of skilled technicians is available to ensure flawless installation and responsive after-sales service.<\/p>\n<\/div>\n<\/div>\n\n\n\n<div class=\"wp-block-columns is-style-deco is-layout-flex wp-container-core-columns-is-layout-29ddea0f wp-block-columns-is-layout-flex\" style=\"padding-top:80px;padding-bottom:80px\">\n<div class=\"wp-block-column is-layout-flow wp-block-column-is-layout-flow\">\n<h3 class=\"wp-block-heading has-text-align-center is-style-third_title has-grey-color has-text-color\" style=\"padding-bottom:0px\">Free quote for metal grandstands in France or abroad<\/h3>\n\n\n\n<hr class=\"wp-block-separator has-text-color has-snd-color-color has-alpha-channel-opacity has-snd-color-background-color has-background is-style-short-thick is-style-main_separator\"\/>\n\n\n\n<p class=\"has-text-align-center has-grey-color has-text-color\" style=\"padding-bottom:25px\">To receive a free quote for your project of fixed or temporary metal grandstands, simply contact us through our online form or by phone. Our experts will be delighted to advise you and provide a detailed estimate based on your specific requirements.<\/p>\n\n\n\n<div class=\"wp-block-buttons is-content-justification-center is-layout-flex wp-container-core-buttons-is-layout-16018d1d wp-block-buttons-is-layout-flex\">\n<div class=\"wp-block-button is-style-fill-light\"><a class=\"wp-block-button__link wp-element-button\" href=\"https:\/\/www.alcor-equipements.com\/en\/contact-us\/\">CONTACT US<\/a><\/div>\n<\/div>\n<\/div>\n<\/div>\n\n\n\n<div class=\"wp-block-group\"><div class=\"wp-block-group__inner-container is-layout-constrained wp-block-group-is-layout-constrained\">\n<h2 class=\"wp-block-heading has-text-align-center is-style-third_title has-main-color-color has-text-color has-link-color wp-elements-309a3758a12411d4b495b6e58b161e7b\">Our products<\/h2>\n\n\n\n<hr class=\"wp-block-separator has-text-color has-snd-color-color has-alpha-channel-opacity has-snd-color-background-color has-background is-style-short-thick\"\/>\n\n\n\n<div class=\"is-grid columns-3 wp-block-custom-blocks-latest-products\">\n\n\t\t\t\t<ul class='wp-block-custom-blocks-latest-products__filters'>\n\t\t\t\t<li>\n\t\t\t\t\t<button class=\"wp-block-custom-blocks-latest-products__filters__filter wp-block-custom-blocks-latest-products__filters__filter--active\">\n\t\t\t\t\t\tTous\t\t\t\t\t<\/button>\n\t\t\t\t<\/li>\n\t\t\t\t\t\t\t\t\t<li>\n\t\t\t\t\t\t<button \n\t\t\t\t\t\t\tclass='wp-block-custom-blocks-latest-products__filters__filter'\n\t\t\t\t\t\t\tdata-termid='15'>Vente\t\t\t\t\t\t<\/button>\n\t\t\t\t\t<\/li>\n\t\t\t\t\t\t\t\t\t<li>\n\t\t\t\t\t\t<button \n\t\t\t\t\t\t\tclass='wp-block-custom-blocks-latest-products__filters__filter'\n\t\t\t\t\t\t\tdata-termid='16'>Location\t\t\t\t\t\t<\/button>\n\t\t\t\t\t<\/li>\n\t\t\t\t\t\t\t\t\t<li>\n\t\t\t\t\t\t<button \n\t\t\t\t\t\t\tclass='wp-block-custom-blocks-latest-products__filters__filter'\n\t\t\t\t\t\t\tdata-termid='17'>International\t\t\t\t\t\t<\/button>\n\t\t\t\t\t<\/li>\n\t\t\t\t\t\t\t<\/ul>\n\t\t\n\t\t\t\t<ul \n\t\t\t\tclass = \"wp-block-custom-blocks-latest-products__list\"\n\t\t\t\t\t\t\t\t\tdata-post_type=\"produit\"\n\t\t\t\t\t\t\t\t\tdata-posts_per_page=\"6\"\n\t\t\t\t\t\t\t\t\tdata-order=\"desc\"\n\t\t\t\t\t\t\t\t\tdata-orderby=\"date\"\n\t\t\t\t\t\t\t\t\tdata-post_count=\"11\"\n\t\t\t\t\t\t\t\t\tdata-columns=\"3\"\n\t\t\t\t\t\t\t\t\tdata-display_loadmore=\"none\"\n\t\t\t\t\t\t\t\t\tdata-offset=\"6\"\n\t\t\t\t\t\t\t\t\tdata-layout=\"grid\"\n\t\t\t\t\t\t\t\t\tdata-display_picto=\"1\"\n\t\t\t\t\t\t\t>\n\t\t\t\t\t\t<li class=\"wp-block-custom-blocks-latest-products__post\">\n\t\t\t\n\t\t\t\t\t\t\t\t\t<div class=\"wp-block-custom-blocks-latest-products__post__picto\">\n                        <img decoding=\"async\" src=\"https:\/\/www.alcor-equipements.com\/wp-content\/uploads\/2024\/04\/alcor-productmobiles.svg\" alt=\"gradin mobile picto\" \/>\n\t\t\t\t\t<\/div>\n\t\t\t\t\n\t\t\t\t\t\t\t\t<div class='wp-block-custom-blocks-latest-products__post-content'>\n\n\t\t\t\t\t\t\t\t\t\t<a class=\"wp-block-custom-blocks-latest-products__post-title\" href=\"https:\/\/www.alcor-equipements.com\/en\/wooden-bleacher\/\">Wooden Bleachers<\/a>\n\n\t\t\t\t\t\n\t\t\t\t\t\n\t\t\t\t\t\n\t\t\t\t\t\t\t\t\t\t\n\t\t\t\t<\/div>\n\t\t\t\n\t\t\t\t\t\t\t<\/li>\n\t\t\t\t\t\t\t\t\t<li class=\"wp-block-custom-blocks-latest-products__post\">\n\t\t\t\n\t\t\t\t\t\t\t\t\t<div class=\"wp-block-custom-blocks-latest-products__post__picto\">\n                        <img decoding=\"async\" src=\"https:\/\/www.alcor-equipements.com\/wp-content\/uploads\/2024\/04\/alcor-productmobiles.svg\" alt=\"gradin mobile picto\" \/>\n\t\t\t\t\t<\/div>\n\t\t\t\t\n\t\t\t\t\t\t\t\t<div class='wp-block-custom-blocks-latest-products__post-content'>\n\n\t\t\t\t\t\t\t\t\t\t<a class=\"wp-block-custom-blocks-latest-products__post-title\" href=\"https:\/\/www.alcor-equipements.com\/en\/mobile-bleachers\/\">Mobile bleacher<\/a>\n\n\t\t\t\t\t\n\t\t\t\t\t\n\t\t\t\t\t\n\t\t\t\t\t\t\t\t\t\t\n\t\t\t\t<\/div>\n\t\t\t\n\t\t\t\t\t\t\t<\/li>\n\t\t\t\t\t\t\t\t\t<li class=\"wp-block-custom-blocks-latest-products__post\">\n\t\t\t\n\t\t\t\t\t\t\t\t\t<div class=\"wp-block-custom-blocks-latest-products__post__picto\">\n                        <img decoding=\"async\" src=\"https:\/\/www.alcor-equipements.com\/wp-content\/uploads\/2024\/04\/alcor-productstade.svg\" alt=\"\" \/>\n\t\t\t\t\t<\/div>\n\t\t\t\t\n\t\t\t\t\t\t\t\t<div class='wp-block-custom-blocks-latest-products__post-content'>\n\n\t\t\t\t\t\t\t\t\t\t<a class=\"wp-block-custom-blocks-latest-products__post-title\" href=\"https:\/\/www.alcor-equipements.com\/en\/stage-podium-platform-rental\/\">Stage and Modular Podium Rental<\/a>\n\n\t\t\t\t\t\n\t\t\t\t\t\n\t\t\t\t\t\n\t\t\t\t\t\t\t\t\t\t\n\t\t\t\t<\/div>\n\t\t\t\n\t\t\t\t\t\t\t<\/li>\n\t\t\t\t\t\t\t\t\t<li class=\"wp-block-custom-blocks-latest-products__post\">\n\t\t\t\n\t\t\t\t\t\t\t\t\t<div class=\"wp-block-custom-blocks-latest-products__post__picto\">\n                        <img decoding=\"async\" src=\"https:\/\/www.alcor-equipements.com\/wp-content\/uploads\/2024\/03\/alcor-productmobiles.svg\" alt=\"\" \/>\n\t\t\t\t\t<\/div>\n\t\t\t\t\n\t\t\t\t\t\t\t\t<div class='wp-block-custom-blocks-latest-products__post-content'>\n\n\t\t\t\t\t\t\t\t\t\t<a class=\"wp-block-custom-blocks-latest-products__post-title\" href=\"https:\/\/www.alcor-equipements.com\/en\/sports-stand\/\">Sports Stand<\/a>\n\n\t\t\t\t\t\n\t\t\t\t\t\n\t\t\t\t\t\n\t\t\t\t\t\t\t\t\t\t\n\t\t\t\t<\/div>\n\t\t\t\n\t\t\t\t\t\t\t<\/li>\n\t\t\t\t\t\t\t\t\t<li class=\"wp-block-custom-blocks-latest-products__post\">\n\t\t\t\n\t\t\t\t\t\t\t\t\t<div class=\"wp-block-custom-blocks-latest-products__post__picto\">\n                        <img decoding=\"async\" src=\"https:\/\/www.alcor-equipements.com\/wp-content\/uploads\/2024\/04\/alcor-1_-scaled.jpg\" alt=\"LE CHESNAY ROCQUENCOURT Tribune Mobile TM3\" \/>\n\t\t\t\t\t<\/div>\n\t\t\t\t\n\t\t\t\t\t\t\t\t<div class='wp-block-custom-blocks-latest-products__post-content'>\n\n\t\t\t\t\t\t\t\t\t\t<a class=\"wp-block-custom-blocks-latest-products__post-title\" href=\"https:\/\/www.alcor-equipements.com\/en\/50-seat-bleacher\/\">Alcor 50 Seat Bleacher: Rental and Sale for Any Event<\/a>\n\n\t\t\t\t\t\n\t\t\t\t\t\n\t\t\t\t\t\n\t\t\t\t\t\t\t\t\t\t\n\t\t\t\t<\/div>\n\t\t\t\n\t\t\t\t\t\t\t<\/li>\n\t\t\t\t\t\t\t\t\t<li class=\"wp-block-custom-blocks-latest-products__post\">\n\t\t\t\n\t\t\t\t\t\t\t\t\t<div class=\"wp-block-custom-blocks-latest-products__post__picto\">\n                        <img decoding=\"async\" src=\"https:\/\/www.alcor-equipements.com\/wp-content\/uploads\/2024\/04\/alcor-productevenementiel.svg\" alt=\"\" \/>\n\t\t\t\t\t<\/div>\n\t\t\t\t\n\t\t\t\t\t\t\t\t<div class='wp-block-custom-blocks-latest-products__post-content'>\n\n\t\t\t\t\t\t\t\t\t\t<a class=\"wp-block-custom-blocks-latest-products__post-title\" href=\"https:\/\/www.alcor-equipements.com\/en\/tubular-grandstand\/\">Tubular grandstand<\/a>\n\n\t\t\t\t\t\n\t\t\t\t\t\n\t\t\t\t\t\n\t\t\t\t\t\t\t\t\t\t\n\t\t\t\t<\/div>\n\t\t\t\n\t\t\t\t\t\t\t<\/li>\n\t\t\t\t\t\t\t\t<\/ul>\n\t\t\t\n\t\n<\/div><\/div><\/div>\n\n\n\n<div class=\"wp-block-cover alignfull deco\"><img loading=\"lazy\" decoding=\"async\" width=\"2560\" height=\"1920\" class=\"wp-block-cover__image-background wp-image-1334\" alt=\"Comit\u00e9 d'organisation France tir \u00e0 l'arc Ch\u00e2teau de vincennes_2022_1576places\" src=\"http:\/\/www.alcor-equipements.com\/wp-content\/uploads\/2024\/04\/alcor-img_1213-scaled.jpg\" data-object-fit=\"cover\" srcset=\"https:\/\/www.alcor-equipements.com\/wp-content\/uploads\/2024\/04\/alcor-img_1213-scaled.jpg 2560w, https:\/\/www.alcor-equipements.com\/wp-content\/uploads\/2024\/04\/alcor-img_1213-300x225.jpg 300w, https:\/\/www.alcor-equipements.com\/wp-content\/uploads\/2024\/04\/alcor-img_1213-1024x768.jpg 1024w, https:\/\/www.alcor-equipements.com\/wp-content\/uploads\/2024\/04\/alcor-img_1213-768x576.jpg 768w, https:\/\/www.alcor-equipements.com\/wp-content\/uploads\/2024\/04\/alcor-img_1213-1536x1152.jpg 1536w, https:\/\/www.alcor-equipements.com\/wp-content\/uploads\/2024\/04\/alcor-img_1213-2048x1536.jpg 2048w, https:\/\/www.alcor-equipements.com\/wp-content\/uploads\/2024\/04\/alcor-img_1213-170x128.jpg 170w\" sizes=\"auto, (max-width: 2560px) 100vw, 2560px\" \/><span aria-hidden=\"true\" class=\"wp-block-cover__background has-main-color-background-color has-background-dim-70 has-background-dim\"><\/span><div class=\"wp-block-cover__inner-container is-layout-flow wp-block-cover-is-layout-flow\">\n<h2 class=\"wp-block-heading has-text-align-center is-style-third_title has-white-color has-text-color\">A question ?<\/h2>\n\n\n\n<div style=\"height:47px\" aria-hidden=\"true\" class=\"wp-block-spacer\"><\/div>\n\n\n\n<div class=\"wp-block-buttons is-content-justification-center is-layout-flex wp-container-core-buttons-is-layout-16018d1d wp-block-buttons-is-layout-flex\">\n<div class=\"wp-block-button is-style-fill-light\"><a class=\"wp-block-button__link wp-element-button\" href=\"https:\/\/www.alcor-equipements.com\/en\/expertise\/#faqAnchor\">Check our faq<\/a><\/div>\n<\/div>\n<\/div><\/div>\n","protected":false},"excerpt":{"rendered":"<p>For which events are metal grandstands suitable? Our metal stadium grandstands are extremely versatile, making [&hellip;]<\/p>\n","protected":false},"author":8,"featured_media":0,"parent":0,"menu_order":54,"comment_status":"closed","ping_status":"closed","template":"","meta":{"_acf_changed":false,"inline_featured_image":false,"footnotes":""},"class_list":["post-2294","page","type-page","status-publish","hentry"],"acf":[],"_links":{"self":[{"href":"https:\/\/www.alcor-equipements.com\/en\/wp-json\/wp\/v2\/pages\/2294","targetHints":{"allow":["GET"]}}],"collection":[{"href":"https:\/\/www.alcor-equipements.com\/en\/wp-json\/wp\/v2\/pages"}],"about":[{"href":"https:\/\/www.alcor-equipements.com\/en\/wp-json\/wp\/v2\/types\/page"}],"author":[{"embeddable":true,"href":"https:\/\/www.alcor-equipements.com\/en\/wp-json\/wp\/v2\/users\/8"}],"replies":[{"embeddable":true,"href":"https:\/\/www.alcor-equipements.com\/en\/wp-json\/wp\/v2\/comments?post=2294"}],"version-history":[{"count":13,"href":"https:\/\/www.alcor-equipements.com\/en\/wp-json\/wp\/v2\/pages\/2294\/revisions"}],"predecessor-version":[{"id":5513,"href":"https:\/\/www.alcor-equipements.com\/en\/wp-json\/wp\/v2\/pages\/2294\/revisions\/5513"}],"wp:attachment":[{"href":"https:\/\/www.alcor-equipements.com\/en\/wp-json\/wp\/v2\/media?parent=2294"}],"curies":[{"name":"wp","href":"https:\/\/api.w.org\/{rel}","templated":true}]}}