{"id":2243,"date":"2024-06-07T12:27:59","date_gmt":"2024-06-07T10:27:59","guid":{"rendered":"https:\/\/www.alcor-equipements.com\/?page_id=2243"},"modified":"2026-01-27T12:27:57","modified_gmt":"2026-01-27T11:27:57","slug":"bleacher-rental","status":"publish","type":"page","link":"https:\/\/www.alcor-equipements.com\/en\/bleacher-rental\/","title":{"rendered":"Bleacher rental"},"content":{"rendered":"\n<div class=\"wp-block-cover alignfull is-light deco\"><img loading=\"lazy\" decoding=\"async\" width=\"2048\" height=\"1534\" class=\"wp-block-cover__image-background wp-image-1089\" alt=\"Cadre Noir Pontorson Mont Saint Michel 5104 places 4 tribunes modulaires \u00e9v\u00e8nementielles\" src=\"http:\/\/www.alcor-equipements.com\/wp-content\/uploads\/2024\/04\/alcor-1690274801211.jpg\" data-object-fit=\"cover\" srcset=\"https:\/\/www.alcor-equipements.com\/wp-content\/uploads\/2024\/04\/alcor-1690274801211.jpg 2048w, https:\/\/www.alcor-equipements.com\/wp-content\/uploads\/2024\/04\/alcor-1690274801211-300x225.jpg 300w, https:\/\/www.alcor-equipements.com\/wp-content\/uploads\/2024\/04\/alcor-1690274801211-1024x767.jpg 1024w, https:\/\/www.alcor-equipements.com\/wp-content\/uploads\/2024\/04\/alcor-1690274801211-768x575.jpg 768w, https:\/\/www.alcor-equipements.com\/wp-content\/uploads\/2024\/04\/alcor-1690274801211-1536x1151.jpg 1536w, https:\/\/www.alcor-equipements.com\/wp-content\/uploads\/2024\/04\/alcor-1690274801211-170x127.jpg 170w\" sizes=\"auto, (max-width: 2048px) 100vw, 2048px\" \/><span aria-hidden=\"true\" class=\"wp-block-cover__background has-white-background-color has-background-dim-80 has-background-dim\"><\/span><div class=\"wp-block-cover__inner-container is-layout-flow wp-block-cover-is-layout-flow\">\n<div style=\"height:50px\" aria-hidden=\"true\" class=\"wp-block-spacer\"><\/div>\n\n\n\n<h1 class=\"wp-block-heading has-text-align-center is-style-main_title has-main-color-color has-text-color\">Bleacher rental by Alcor Equipment: price and quality<\/h1>\n\n\n\n<hr class=\"wp-block-separator has-text-color has-snd-color-color has-alpha-channel-opacity has-snd-color-background-color has-background\"\/>\n\n\n\n<p class=\"has-text-align-center has-main-color-color has-text-color has-link-color wp-elements-adf334bd9dbc4b6196ec8f0240bb39ec\">Alcor Equipment is a leading authority in the fields of event grandstands and stadiums. Across the globe, we deliver high-quality, flexible mobile grandstands. In this regard, you can take advantage of our attractive grandstand rental service. Whether you need 300 seats, 100 seats, seating for 500 spectators, or even more, we can accommodate your needs.<\/p>\n\n\n\n<div style=\"height:50px\" aria-hidden=\"true\" class=\"wp-block-spacer\"><\/div>\n<\/div><\/div>\n\n\n\n<div class=\"wp-block-cover alignfull\" style=\"padding-top:7.5rem;padding-right:0rem;padding-bottom:7.5rem;padding-left:0rem\"><img loading=\"lazy\" decoding=\"async\" width=\"2048\" height=\"1536\" class=\"wp-block-cover__image-background wp-image-1099\" alt=\"\" src=\"http:\/\/www.alcor-equipements.com\/wp-content\/uploads\/2024\/04\/alcor-img_3040-scaled.jpg\" data-object-fit=\"cover\" srcset=\"https:\/\/www.alcor-equipements.com\/wp-content\/uploads\/2024\/04\/alcor-img_3040-scaled.jpg 2048w, https:\/\/www.alcor-equipements.com\/wp-content\/uploads\/2024\/04\/alcor-img_3040-300x225.jpg 300w, https:\/\/www.alcor-equipements.com\/wp-content\/uploads\/2024\/04\/alcor-img_3040-1024x768.jpg 1024w, https:\/\/www.alcor-equipements.com\/wp-content\/uploads\/2024\/04\/alcor-img_3040-768x576.jpg 768w, https:\/\/www.alcor-equipements.com\/wp-content\/uploads\/2024\/04\/alcor-img_3040-1536x1152.jpg 1536w, https:\/\/www.alcor-equipements.com\/wp-content\/uploads\/2024\/04\/alcor-img_3040-170x128.jpg 170w\" sizes=\"auto, (max-width: 2048px) 100vw, 2048px\" \/><span aria-hidden=\"true\" class=\"wp-block-cover__background has-main-color-background-color has-background-dim-70 has-background-dim\"><\/span><div class=\"wp-block-cover__inner-container is-layout-flow wp-block-cover-is-layout-flow\">\n<div class=\"wp-block-columns alignwide is-layout-flex wp-container-core-columns-is-layout-9d6595d7 wp-block-columns-is-layout-flex\">\n<div class=\"wp-block-column is-layout-flow wp-block-column-is-layout-flow\" style=\"padding-top:0;padding-right:0;padding-bottom:0;padding-left:0;flex-basis:50%\">\n<div class=\"wp-block-group alignfull\" style=\"padding-top:0;padding-right:var(--wp--preset--spacing--30);padding-bottom:0;padding-left:0\"><div class=\"wp-block-group__inner-container is-layout-constrained wp-container-core-group-is-layout-bb789ed2 wp-block-group-is-layout-constrained\">\n<h2 class=\"wp-block-heading alignfull has-text-align-left is-style-fourth_title has-white-color has-text-color\"><strong>Why choose grandstand rental for your events?<\/strong><\/h2>\n\n\n\n<hr class=\"wp-block-separator alignleft has-text-color has-snd-color-color has-alpha-channel-opacity has-snd-color-background-color has-background\"\/>\n\n\n\n<p>Renting grandstands is a practical and economical solution for any type of event. Alcor Equipment provides tailored solutions to meet your needs, whether it&#8217;s a sports event, concert, conference, outdoor spectacle, or indoor event. Choosing Alcor&#8217;s mobile grandstand rental offers numerous advantages.<\/p>\n<\/div><\/div>\n\n\n\n<p><strong>Flexibility and adaptability<\/strong><\/p>\n\n\n\n<p>Our rental grandstands offer complete flexibility. You can adjust the seating capacity according to the size of your event without the need to invest in permanent installations. Whether you need seating with or without a roof, VIP areas, or wheelchair access, the possibilities are virtually endless.<\/p>\n\n\n\n<p><strong>International reach and logistics<\/strong><\/p>\n\n\n\n<p>We operate in France, Belgium, and various countries in Africa and Asia, ensuring seamless international grandstand rental services with impeccable organization.<\/p>\n\n\n\n<ul class=\"wp-block-list\">\n<li class=\"has-white-color has-text-color has-link-color wp-elements-d6694abace7e9b3b31b9379904987175\"><a href=\"https:\/\/www.alcor-equipements.com\/en\/difference-grandstand-bleachers-stands\/\">What&#8217;s the difference Between Stand, Grandstand, and Bleachers?<\/a><\/li>\n<\/ul>\n<\/div>\n\n\n\n<div class=\"wp-block-column is-layout-flow wp-block-column-is-layout-flow\" style=\"flex-basis:50%\">\n<div class=\"wp-block-group\" style=\"padding-top:0;padding-right:var(--wp--preset--spacing--30);padding-bottom:0;padding-left:0\"><div class=\"wp-block-group__inner-container is-layout-constrained wp-container-core-group-is-layout-bb789ed2 wp-block-group-is-layout-constrained\">\n<p><strong>Cost-effective rental solutions<\/strong><\/p>\n\n\n\n<p>Renting grandstands is cost-effective, especially when you need to temporarily expand seating capacity for a stadium. It eliminates the need for investing in permanent structures.<\/p>\n\n\n\n<p><strong>Quick installation<\/strong><\/p>\n\n\n\n<p>Our rental grandstands can be quickly installed using our patented technology. Our experts are also available to assist, saving you time and allowing you to focus on event organization.<\/p>\n\n\n\n<p><strong>Safety and comfort<\/strong><\/p>\n\n\n\n<p>Alcor Equipment&#8217;s grandstands are designed to provide maximum safety and comfort for spectators, meeting the strictest safety standards and legal requirements for mobile grandstands and public accommodations.<\/p>\n\n\n\n<p><strong>Wide range of references<\/strong><\/p>\n\n\n\n<p class=\"has-white-color has-text-color has-link-color wp-elements-14f6bbf96018d5f6b32cb55d6de629a6\">From prestigious events like the 24 Hours of Le Mans and BMX World Championships to venues like Th\u00e9\u00e2tre du Ch\u00e2telet and Ch\u00e2teau de Versailles, Alcor provides modular grandstands and <a href=\"https:\/\/www.alcor-equipements.com\/en\/seating\/\">demountable seating<\/a> for some of the most renowned events and locations. We also cater to local events with a wide range of seating capacities.<\/p>\n\n\n\n<p>Choosing Alcor Equipment for grandstand rental ensures you receive top-notch service and equipment tailored to your event&#8217;s specific requirements.<\/p>\n<\/div><\/div>\n<\/div>\n<\/div>\n<\/div><\/div>\n\n\n\n<div class=\"wp-block-columns alignwide are-vertically-aligned-top photo_texte is-layout-flex wp-container-core-columns-is-layout-29ddea0f wp-block-columns-is-layout-flex\" style=\"padding-top:80px;padding-bottom:80px\">\n<div class=\"wp-block-column is-layout-flow wp-block-column-is-layout-flow\" style=\"flex-basis:66%\">\n<h2 class=\"wp-block-heading is-style-fourth_title\"><strong>Our different sizes of grandstands for rent<\/strong><\/h2>\n\n\n\n<p>At Alcor Equipment, flexibility is key. Our grandstand rental service for events or private functions is tailored to events of all sizes. From 100 seats to thousands, you can rely on our expertise to enhance the comfort of your spectators.<\/p>\n\n\n\n<p><strong>100-seat bleacher<\/strong><\/p>\n\n\n\n<p>Ideal for small local events or company gatherings, the rental of a 100-seat grandstand provides a cost-effective solution for private functions.<\/p>\n\n\n\n<p><strong>200-seat bleacher<\/strong><\/p>\n\n\n\n<p>Perfect for conferences or medium-sized performances, our 200-seat grandstands combine comfort with ample seating capacity.<\/p>\n\n\n\n<ul class=\"wp-block-list\">\n<li><a href=\"https:\/\/www.alcor-equipements.com\/en\/portable-bleacher\/\">Removable bleachers<\/a><\/li>\n<\/ul>\n\n\n\n<p><strong>300-seat grandstand Rental<\/strong><\/p>\n\n\n\n<p>Renting a 300-seat mobile grandstand is well-suited for sporting events or mid-sized concerts. Alcor&#8217;s 300-seat grandstand ensures optimal visibility for all spectators.<\/p>\n\n\n\n<p><strong>500 Seats<\/strong><\/p>\n\n\n\n<p>Are you planning an event that will attract hundreds of spectators? In that case, you can rent a mobile grandstand with 500 seats. For example, to host <a href=\"https:\/\/www.alcor-equipements.com\/en\/modular-grandstand-castle\/\">spectators for a ballet in the gardens of a castle<\/a>!<\/p>\n<\/div>\n\n\n\n<div class=\"wp-block-column is-layout-flow wp-block-column-is-layout-flow\" style=\"flex-basis:34%\">\n<figure class=\"wp-block-image size-large is-resized\"><img loading=\"lazy\" decoding=\"async\" width=\"1024\" height=\"768\" src=\"https:\/\/www.alcor-equipements.com\/wp-content\/uploads\/2024\/04\/alcor-img_1581-1024x768.jpg\" alt=\"BMX NANTES FFC cyclisme 5768 places\" class=\"wp-image-1322\" style=\"width:372px;height:auto\" srcset=\"https:\/\/www.alcor-equipements.com\/wp-content\/uploads\/2024\/04\/alcor-img_1581-1024x768.jpg 1024w, https:\/\/www.alcor-equipements.com\/wp-content\/uploads\/2024\/04\/alcor-img_1581-300x225.jpg 300w, https:\/\/www.alcor-equipements.com\/wp-content\/uploads\/2024\/04\/alcor-img_1581-768x576.jpg 768w, https:\/\/www.alcor-equipements.com\/wp-content\/uploads\/2024\/04\/alcor-img_1581-1536x1152.jpg 1536w, https:\/\/www.alcor-equipements.com\/wp-content\/uploads\/2024\/04\/alcor-img_1581-2048x1536.jpg 2048w, https:\/\/www.alcor-equipements.com\/wp-content\/uploads\/2024\/04\/alcor-img_1581-170x128.jpg 170w\" sizes=\"auto, (max-width: 1024px) 100vw, 1024px\" \/><\/figure>\n\n\n\n<p><strong>Grandstand of 1000 seats and more<\/strong><\/p>\n\n\n\n<p>For large-scale events, we can provide modular grandstands tailored to your specific needs. See this <a href=\"https:\/\/www.alcor-equipements.com\/en\/1500-seats-grandstand-rental\/\">1,500-seat grandstand rental<\/a> that helped holding a summer comedy festival.<\/p>\n\n\n\n<p>Of course, it is possible to combine modules to offer you the perfect grandstand rental tailored to the size of your audience.<\/p>\n<\/div>\n<\/div>\n\n\n\n<div class=\"wp-block-columns alignwide are-vertically-aligned-top photo_texte is-layout-flex wp-container-core-columns-is-layout-29ddea0f wp-block-columns-is-layout-flex\" style=\"padding-top:80px;padding-bottom:80px\">\n<div class=\"wp-block-column is-layout-flow wp-block-column-is-layout-flow\" style=\"flex-basis:66%\">\n<h2 class=\"wp-block-heading\">Customization options: tailored grandstand rental to meet your requirements<\/h2>\n\n\n\n<figure class=\"wp-block-image size-full is-resized\"><img loading=\"lazy\" decoding=\"async\" width=\"1024\" height=\"768\" src=\"https:\/\/www.alcor-equipements.com\/wp-content\/uploads\/2024\/04\/alcor-photo-2023-11-17-15-27-58.jpg\" alt=\"La villette Nef Sud 1000 places \" class=\"wp-image-1114\" style=\"width:717px;height:auto\" srcset=\"https:\/\/www.alcor-equipements.com\/wp-content\/uploads\/2024\/04\/alcor-photo-2023-11-17-15-27-58.jpg 1024w, https:\/\/www.alcor-equipements.com\/wp-content\/uploads\/2024\/04\/alcor-photo-2023-11-17-15-27-58-300x225.jpg 300w, https:\/\/www.alcor-equipements.com\/wp-content\/uploads\/2024\/04\/alcor-photo-2023-11-17-15-27-58-768x576.jpg 768w, https:\/\/www.alcor-equipements.com\/wp-content\/uploads\/2024\/04\/alcor-photo-2023-11-17-15-27-58-170x128.jpg 170w\" sizes=\"auto, (max-width: 1024px) 100vw, 1024px\" \/><\/figure>\n<\/div>\n\n\n\n<div class=\"wp-block-column is-layout-flow wp-block-column-is-layout-flow\" style=\"flex-basis:34%\">\n<p><\/p>\n\n\n\n<p>We understand that every event is unique. That&#8217;s why we offer various customization options for your rented grandstands. You can choose from different seat colors, row configurations, access ramps, railings, and weather protection elements, among others. Our engineers will work with you to create the perfect solution that fits seamlessly with your event.<\/p>\n\n\n\n<ul class=\"wp-block-list\">\n<li><a href=\"https:\/\/www.alcor-equipements.com\/en\/wooden-bleacher\/\">Wooden gym bleachers<\/a><\/li>\n\n\n\n<li><a href=\"https:\/\/www.alcor-equipements.com\/en\/mobile-bleachers\/\">Mobile bleacher for sale<\/a><\/li>\n<\/ul>\n<\/div>\n<\/div>\n\n\n\n<div class=\"wp-block-columns is-style-deco is-layout-flex wp-container-core-columns-is-layout-29ddea0f wp-block-columns-is-layout-flex\" style=\"padding-top:80px;padding-bottom:80px\">\n<div class=\"wp-block-column is-layout-flow wp-block-column-is-layout-flow\">\n<h3 class=\"wp-block-heading has-text-align-center is-style-third_title has-grey-color has-text-color\" style=\"padding-bottom:0px\">Request for a quote for mobile grandstand rental<\/h3>\n\n\n\n<hr class=\"wp-block-separator has-text-color has-snd-color-color has-alpha-channel-opacity has-snd-color-background-color has-background is-style-short-thick is-style-main_separator\"\/>\n\n\n\n<p class=\"has-text-align-center\">To rent grandstands from Alcor Equipment, simply request a quote online. Our team will be delighted to provide you with a precise estimate based on your specific needs. We are also available by phone to answer any general inquiries.<\/p>\n\n\n\n<p class=\"has-text-align-center\">For flawless event organization under optimal conditions, choose Alcor Equipment&#8217;s grandstand rental services.<\/p>\n\n\n\n<div class=\"wp-block-buttons is-content-justification-center is-layout-flex wp-container-core-buttons-is-layout-16018d1d wp-block-buttons-is-layout-flex\">\n<div class=\"wp-block-button is-style-fill-light\"><a class=\"wp-block-button__link wp-element-button\" href=\"https:\/\/www.alcor-equipements.com\/en\/contact-us\/\">CONTACT US<\/a><\/div>\n<\/div>\n<\/div>\n<\/div>\n\n\n\n<div class=\"wp-block-group\"><div class=\"wp-block-group__inner-container is-layout-constrained wp-block-group-is-layout-constrained\">\n<h2 class=\"wp-block-heading has-text-align-center is-style-third_title has-main-color-color has-text-color has-link-color wp-elements-309a3758a12411d4b495b6e58b161e7b\">Our products<\/h2>\n\n\n\n<hr class=\"wp-block-separator has-text-color has-snd-color-color has-alpha-channel-opacity has-snd-color-background-color has-background is-style-short-thick\"\/>\n\n\n\n<div class=\"is-grid columns-3 wp-block-custom-blocks-latest-products\">\n\n\t\t\t\t<ul class='wp-block-custom-blocks-latest-products__filters'>\n\t\t\t\t<li>\n\t\t\t\t\t<button class=\"wp-block-custom-blocks-latest-products__filters__filter wp-block-custom-blocks-latest-products__filters__filter--active\">\n\t\t\t\t\t\tTous\t\t\t\t\t<\/button>\n\t\t\t\t<\/li>\n\t\t\t\t\t\t\t\t\t<li>\n\t\t\t\t\t\t<button \n\t\t\t\t\t\t\tclass='wp-block-custom-blocks-latest-products__filters__filter'\n\t\t\t\t\t\t\tdata-termid='15'>Vente\t\t\t\t\t\t<\/button>\n\t\t\t\t\t<\/li>\n\t\t\t\t\t\t\t\t\t<li>\n\t\t\t\t\t\t<button \n\t\t\t\t\t\t\tclass='wp-block-custom-blocks-latest-products__filters__filter'\n\t\t\t\t\t\t\tdata-termid='16'>Location\t\t\t\t\t\t<\/button>\n\t\t\t\t\t<\/li>\n\t\t\t\t\t\t\t\t\t<li>\n\t\t\t\t\t\t<button \n\t\t\t\t\t\t\tclass='wp-block-custom-blocks-latest-products__filters__filter'\n\t\t\t\t\t\t\tdata-termid='17'>International\t\t\t\t\t\t<\/button>\n\t\t\t\t\t<\/li>\n\t\t\t\t\t\t\t<\/ul>\n\t\t\n\t\t\t\t<ul \n\t\t\t\tclass = \"wp-block-custom-blocks-latest-products__list\"\n\t\t\t\t\t\t\t\t\tdata-post_type=\"produit\"\n\t\t\t\t\t\t\t\t\tdata-posts_per_page=\"6\"\n\t\t\t\t\t\t\t\t\tdata-order=\"desc\"\n\t\t\t\t\t\t\t\t\tdata-orderby=\"date\"\n\t\t\t\t\t\t\t\t\tdata-post_count=\"12\"\n\t\t\t\t\t\t\t\t\tdata-columns=\"3\"\n\t\t\t\t\t\t\t\t\tdata-display_loadmore=\"none\"\n\t\t\t\t\t\t\t\t\tdata-offset=\"6\"\n\t\t\t\t\t\t\t\t\tdata-layout=\"grid\"\n\t\t\t\t\t\t\t\t\tdata-display_picto=\"1\"\n\t\t\t\t\t\t\t>\n\t\t\t\t\t\t<li class=\"wp-block-custom-blocks-latest-products__post\">\n\t\t\t\n\t\t\t\t\t\t\t\t\t<div class=\"wp-block-custom-blocks-latest-products__post__picto\">\n                        <img decoding=\"async\" src=\"https:\/\/www.alcor-equipements.com\/wp-content\/uploads\/2024\/04\/alcor-productmobiles.svg\" alt=\"gradin mobile picto\" \/>\n\t\t\t\t\t<\/div>\n\t\t\t\t\n\t\t\t\t\t\t\t\t<div class='wp-block-custom-blocks-latest-products__post-content'>\n\n\t\t\t\t\t\t\t\t\t\t<a class=\"wp-block-custom-blocks-latest-products__post-title\" href=\"https:\/\/www.alcor-equipements.com\/en\/wooden-bleacher\/\">Wooden Bleachers<\/a>\n\n\t\t\t\t\t\n\t\t\t\t\t\n\t\t\t\t\t\n\t\t\t\t\t\t\t\t\t\t\n\t\t\t\t<\/div>\n\t\t\t\n\t\t\t\t\t\t\t<\/li>\n\t\t\t\t\t\t\t\t\t<li class=\"wp-block-custom-blocks-latest-products__post\">\n\t\t\t\n\t\t\t\t\t\t\t\t\t<div class=\"wp-block-custom-blocks-latest-products__post__picto\">\n                        <img decoding=\"async\" src=\"https:\/\/www.alcor-equipements.com\/wp-content\/uploads\/2024\/04\/alcor-productmobiles.svg\" alt=\"gradin mobile picto\" \/>\n\t\t\t\t\t<\/div>\n\t\t\t\t\n\t\t\t\t\t\t\t\t<div class='wp-block-custom-blocks-latest-products__post-content'>\n\n\t\t\t\t\t\t\t\t\t\t<a class=\"wp-block-custom-blocks-latest-products__post-title\" href=\"https:\/\/www.alcor-equipements.com\/en\/mobile-bleachers\/\">Mobile bleacher<\/a>\n\n\t\t\t\t\t\n\t\t\t\t\t\n\t\t\t\t\t\n\t\t\t\t\t\t\t\t\t\t\n\t\t\t\t<\/div>\n\t\t\t\n\t\t\t\t\t\t\t<\/li>\n\t\t\t\t\t\t\t\t\t<li class=\"wp-block-custom-blocks-latest-products__post\">\n\t\t\t\n\t\t\t\t\t\t\t\t\t<div class=\"wp-block-custom-blocks-latest-products__post__picto\">\n                        <img decoding=\"async\" src=\"https:\/\/www.alcor-equipements.com\/wp-content\/uploads\/2024\/04\/alcor-productstade.svg\" alt=\"\" \/>\n\t\t\t\t\t<\/div>\n\t\t\t\t\n\t\t\t\t\t\t\t\t<div class='wp-block-custom-blocks-latest-products__post-content'>\n\n\t\t\t\t\t\t\t\t\t\t<a class=\"wp-block-custom-blocks-latest-products__post-title\" href=\"https:\/\/www.alcor-equipements.com\/en\/stage-podium-platform-rental\/\">Stage and Modular Podium Rental<\/a>\n\n\t\t\t\t\t\n\t\t\t\t\t\n\t\t\t\t\t\n\t\t\t\t\t\t\t\t\t\t\n\t\t\t\t<\/div>\n\t\t\t\n\t\t\t\t\t\t\t<\/li>\n\t\t\t\t\t\t\t\t\t<li class=\"wp-block-custom-blocks-latest-products__post\">\n\t\t\t\n\t\t\t\t\t\t\t\t\t<div class=\"wp-block-custom-blocks-latest-products__post__picto\">\n                        <img decoding=\"async\" src=\"https:\/\/www.alcor-equipements.com\/wp-content\/uploads\/2024\/03\/alcor-productmobiles.svg\" alt=\"\" \/>\n\t\t\t\t\t<\/div>\n\t\t\t\t\n\t\t\t\t\t\t\t\t<div class='wp-block-custom-blocks-latest-products__post-content'>\n\n\t\t\t\t\t\t\t\t\t\t<a class=\"wp-block-custom-blocks-latest-products__post-title\" href=\"https:\/\/www.alcor-equipements.com\/en\/sports-stand\/\">Sports Stand<\/a>\n\n\t\t\t\t\t\n\t\t\t\t\t\n\t\t\t\t\t\n\t\t\t\t\t\t\t\t\t\t\n\t\t\t\t<\/div>\n\t\t\t\n\t\t\t\t\t\t\t<\/li>\n\t\t\t\t\t\t\t\t\t<li class=\"wp-block-custom-blocks-latest-products__post\">\n\t\t\t\n\t\t\t\t\t\t\t\t\t<div class=\"wp-block-custom-blocks-latest-products__post__picto\">\n                        <img decoding=\"async\" src=\"https:\/\/www.alcor-equipements.com\/wp-content\/uploads\/2024\/04\/alcor-1_-scaled.jpg\" alt=\"LE CHESNAY ROCQUENCOURT Tribune Mobile TM3\" \/>\n\t\t\t\t\t<\/div>\n\t\t\t\t\n\t\t\t\t\t\t\t\t<div class='wp-block-custom-blocks-latest-products__post-content'>\n\n\t\t\t\t\t\t\t\t\t\t<a class=\"wp-block-custom-blocks-latest-products__post-title\" href=\"https:\/\/www.alcor-equipements.com\/en\/50-seat-bleacher\/\">Alcor 50 Seat Bleacher: Rental and Sale for Any Event<\/a>\n\n\t\t\t\t\t\n\t\t\t\t\t\n\t\t\t\t\t\n\t\t\t\t\t\t\t\t\t\t\n\t\t\t\t<\/div>\n\t\t\t\n\t\t\t\t\t\t\t<\/li>\n\t\t\t\t\t\t\t\t\t<li class=\"wp-block-custom-blocks-latest-products__post\">\n\t\t\t\n\t\t\t\t\t\t\t\t\t<div class=\"wp-block-custom-blocks-latest-products__post__picto\">\n                        <img decoding=\"async\" src=\"https:\/\/www.alcor-equipements.com\/wp-content\/uploads\/2024\/04\/alcor-productevenementiel.svg\" alt=\"\" \/>\n\t\t\t\t\t<\/div>\n\t\t\t\t\n\t\t\t\t\t\t\t\t<div class='wp-block-custom-blocks-latest-products__post-content'>\n\n\t\t\t\t\t\t\t\t\t\t<a class=\"wp-block-custom-blocks-latest-products__post-title\" href=\"https:\/\/www.alcor-equipements.com\/en\/tubular-grandstand\/\">Tubular grandstand<\/a>\n\n\t\t\t\t\t\n\t\t\t\t\t\n\t\t\t\t\t\n\t\t\t\t\t\t\t\t\t\t\n\t\t\t\t<\/div>\n\t\t\t\n\t\t\t\t\t\t\t<\/li>\n\t\t\t\t\t\t\t\t<\/ul>\n\t\t\t\n\t\n<\/div><\/div><\/div>\n\n\n\n<div class=\"wp-block-cover alignfull deco\"><img loading=\"lazy\" decoding=\"async\" width=\"2560\" height=\"1920\" class=\"wp-block-cover__image-background wp-image-1334\" alt=\"Comit\u00e9 d'organisation France tir \u00e0 l'arc Ch\u00e2teau de vincennes_2022_1576places\" src=\"http:\/\/www.alcor-equipements.com\/wp-content\/uploads\/2024\/04\/alcor-img_1213-scaled.jpg\" data-object-fit=\"cover\" srcset=\"https:\/\/www.alcor-equipements.com\/wp-content\/uploads\/2024\/04\/alcor-img_1213-scaled.jpg 2560w, https:\/\/www.alcor-equipements.com\/wp-content\/uploads\/2024\/04\/alcor-img_1213-300x225.jpg 300w, https:\/\/www.alcor-equipements.com\/wp-content\/uploads\/2024\/04\/alcor-img_1213-1024x768.jpg 1024w, https:\/\/www.alcor-equipements.com\/wp-content\/uploads\/2024\/04\/alcor-img_1213-768x576.jpg 768w, https:\/\/www.alcor-equipements.com\/wp-content\/uploads\/2024\/04\/alcor-img_1213-1536x1152.jpg 1536w, https:\/\/www.alcor-equipements.com\/wp-content\/uploads\/2024\/04\/alcor-img_1213-2048x1536.jpg 2048w, https:\/\/www.alcor-equipements.com\/wp-content\/uploads\/2024\/04\/alcor-img_1213-170x128.jpg 170w\" sizes=\"auto, (max-width: 2560px) 100vw, 2560px\" \/><span aria-hidden=\"true\" class=\"wp-block-cover__background has-main-color-background-color has-background-dim-70 has-background-dim\"><\/span><div class=\"wp-block-cover__inner-container is-layout-flow wp-block-cover-is-layout-flow\">\n<h2 class=\"wp-block-heading has-text-align-center is-style-third_title has-white-color has-text-color\">A question ?<\/h2>\n\n\n\n<div style=\"height:47px\" aria-hidden=\"true\" class=\"wp-block-spacer\"><\/div>\n\n\n\n<div class=\"wp-block-buttons is-content-justification-center is-layout-flex wp-container-core-buttons-is-layout-16018d1d wp-block-buttons-is-layout-flex\">\n<div class=\"wp-block-button is-style-fill-light\"><a class=\"wp-block-button__link wp-element-button\" href=\"https:\/\/www.alcor-equipements.com\/en\/expertise\/#faqAnchor\">Check our faq<\/a><\/div>\n<\/div>\n<\/div><\/div>\n","protected":false},"excerpt":{"rendered":"<p>Our different sizes of grandstands for rent At Alcor Equipment, flexibility is key. Our grandstand [&hellip;]<\/p>\n","protected":false},"author":8,"featured_media":0,"parent":0,"menu_order":57,"comment_status":"closed","ping_status":"closed","template":"","meta":{"_acf_changed":false,"inline_featured_image":false,"footnotes":""},"class_list":["post-2243","page","type-page","status-publish","hentry"],"acf":[],"_links":{"self":[{"href":"https:\/\/www.alcor-equipements.com\/en\/wp-json\/wp\/v2\/pages\/2243","targetHints":{"allow":["GET"]}}],"collection":[{"href":"https:\/\/www.alcor-equipements.com\/en\/wp-json\/wp\/v2\/pages"}],"about":[{"href":"https:\/\/www.alcor-equipements.com\/en\/wp-json\/wp\/v2\/types\/page"}],"author":[{"embeddable":true,"href":"https:\/\/www.alcor-equipements.com\/en\/wp-json\/wp\/v2\/users\/8"}],"replies":[{"embeddable":true,"href":"https:\/\/www.alcor-equipements.com\/en\/wp-json\/wp\/v2\/comments?post=2243"}],"version-history":[{"count":14,"href":"https:\/\/www.alcor-equipements.com\/en\/wp-json\/wp\/v2\/pages\/2243\/revisions"}],"predecessor-version":[{"id":5516,"href":"https:\/\/www.alcor-equipements.com\/en\/wp-json\/wp\/v2\/pages\/2243\/revisions\/5516"}],"wp:attachment":[{"href":"https:\/\/www.alcor-equipements.com\/en\/wp-json\/wp\/v2\/media?parent=2243"}],"curies":[{"name":"wp","href":"https:\/\/api.w.org\/{rel}","templated":true}]}}