{"id":1840,"date":"2024-03-27T16:34:11","date_gmt":"2024-03-27T15:34:11","guid":{"rendered":"https:\/\/3b3ndbgbau.preview.infomaniak.website\/partners\/gsl\/"},"modified":"2024-05-02T15:24:09","modified_gmt":"2024-05-02T13:24:09","slug":"gsl","status":"publish","type":"page","link":"https:\/\/www.alcor-equipements.com\/en\/partners\/gsl\/","title":{"rendered":"GSL"},"content":{"rendered":"\n<div class=\"wp-block-columns alignwide photo_texte is-style-deco is-layout-flex wp-container-core-columns-is-layout-8b288d98 wp-block-columns-is-layout-flex\" style=\"padding-top:0\">\n<div class=\"wp-block-column is-layout-flow wp-block-column-is-layout-flow\">\n<div class=\"wp-block-media-text alignwide is-stacked-on-mobile is-vertically-aligned-top\" style=\"padding-top:80px;padding-bottom:80px\"><figure class=\"wp-block-media-text__media\"><img loading=\"lazy\" decoding=\"async\" width=\"480\" height=\"370\" src=\"http:\/\/www.alcor-equipements.com\/wp-content\/uploads\/2024\/03\/alcor-gsl-india-logo_eb0271749f4c00829d41de9e203e7e71.png\" alt=\"\" class=\"wp-image-881 size-full\" srcset=\"https:\/\/www.alcor-equipements.com\/wp-content\/uploads\/2024\/03\/alcor-gsl-india-logo_eb0271749f4c00829d41de9e203e7e71.png 480w, https:\/\/www.alcor-equipements.com\/wp-content\/uploads\/2024\/03\/alcor-gsl-india-logo_eb0271749f4c00829d41de9e203e7e71-300x231.png 300w, https:\/\/www.alcor-equipements.com\/wp-content\/uploads\/2024\/03\/alcor-gsl-india-logo_eb0271749f4c00829d41de9e203e7e71-170x131.png 170w\" sizes=\"auto, (max-width: 480px) 100vw, 480px\" \/><\/figure><div class=\"wp-block-media-text__content\">\n<h1 class=\"wp-block-heading is-style-third_title has-grey-color has-text-color\" style=\"padding-bottom:25px\">GSL<\/h1>\n\n\n\n<h2 class=\"wp-block-heading is-style-fourth_title\"><strong><strong><strong>India &#8211; GSL, partner for stadium stands<\/strong><\/strong><\/strong><\/h2>\n\n\n\n<p>Leader en Asie du Sud Est de solutions cl\u00e9s en main pour les infrastructures sportives, construit des installations sportives de classe mondiale en utilisant une technologie de pointe et une expertise technique exemplaire. Les experts de GSL ont d\u00e9velopp\u00e9 plus de 6 000 installations sportives dans 310 sites \u00e0 travers 8 pays. Les produits m\u00e9ticuleusement con\u00e7us sont approuv\u00e9s par les instances dirigeantes sportives internationales telles que la FIFA, la FIBA, la FIH et l&#8217;IAAF. GSL a d\u00e9velopp\u00e9 plus de 12 millions de pieds carr\u00e9s d&#8217;infrastructures sportives et ex\u00e9cut\u00e9 certains des projets de classe mondiale qui ont accueilli des tournois nationaux et internationaux tels que ISL, I-League, IPL, Hockey World League, Military World Games, 2015 African Youth Athletics Championship, et 35e Jeux nationaux, Kerala.<\/p>\n<\/div><\/div>\n\n\n\n<p><\/p>\n\n\n\n<p><br>Alcor Equipements, in collaboration with GSL, has built a 16,500-seat stadium in Pokhara, Nepal, and a 15,000-seat stadium in India.<\/p>\n\n\n\n<figure class=\"wp-block-image size-full\"><img loading=\"lazy\" decoding=\"async\" width=\"980\" height=\"735\" src=\"http:\/\/www.alcor-equipements.com\/wp-content\/uploads\/2024\/03\/tribune-stade-nepal-alcor-16500-places_c9617ebf7591d71071f41ec179ba9869.jpeg\" alt=\"Stade 16500 places N\u00e9pal Yamoussoukro\" class=\"wp-image-561\" srcset=\"https:\/\/www.alcor-equipements.com\/wp-content\/uploads\/2024\/03\/tribune-stade-nepal-alcor-16500-places_c9617ebf7591d71071f41ec179ba9869.jpeg 980w, https:\/\/www.alcor-equipements.com\/wp-content\/uploads\/2024\/03\/tribune-stade-nepal-alcor-16500-places_c9617ebf7591d71071f41ec179ba9869-300x225.jpeg 300w, https:\/\/www.alcor-equipements.com\/wp-content\/uploads\/2024\/03\/tribune-stade-nepal-alcor-16500-places_c9617ebf7591d71071f41ec179ba9869-768x576.jpeg 768w, https:\/\/www.alcor-equipements.com\/wp-content\/uploads\/2024\/03\/tribune-stade-nepal-alcor-16500-places_c9617ebf7591d71071f41ec179ba9869-170x128.jpeg 170w\" sizes=\"auto, (max-width: 980px) 100vw, 980px\" \/><\/figure>\n\n\n\n<figure class=\"wp-block-image size-large\"><img loading=\"lazy\" decoding=\"async\" width=\"1024\" height=\"768\" src=\"http:\/\/www.alcor-equipements.com\/wp-content\/uploads\/2024\/04\/alcor-stade-daizwal-inde-tribune-15000places_2018-1024x768.jpg\" alt=\"Stade D'Aizwal Inde Tribune 15000 places\" class=\"wp-image-1009\" srcset=\"https:\/\/www.alcor-equipements.com\/wp-content\/uploads\/2024\/04\/alcor-stade-daizwal-inde-tribune-15000places_2018-1024x768.jpg 1024w, https:\/\/www.alcor-equipements.com\/wp-content\/uploads\/2024\/04\/alcor-stade-daizwal-inde-tribune-15000places_2018-300x225.jpg 300w, https:\/\/www.alcor-equipements.com\/wp-content\/uploads\/2024\/04\/alcor-stade-daizwal-inde-tribune-15000places_2018-768x576.jpg 768w, https:\/\/www.alcor-equipements.com\/wp-content\/uploads\/2024\/04\/alcor-stade-daizwal-inde-tribune-15000places_2018-1536x1152.jpg 1536w, https:\/\/www.alcor-equipements.com\/wp-content\/uploads\/2024\/04\/alcor-stade-daizwal-inde-tribune-15000places_2018-2048x1536.jpg 2048w, https:\/\/www.alcor-equipements.com\/wp-content\/uploads\/2024\/04\/alcor-stade-daizwal-inde-tribune-15000places_2018-170x128.jpg 170w\" sizes=\"auto, (max-width: 1024px) 100vw, 1024px\" \/><\/figure>\n\n\n\n<p>Contact: <a href=\"mailto:annabelle.moricet@alcor-equipements.fr\">annabelle.moricet@alcor-equipements.fr<\/a><\/p>\n<\/div>\n<\/div>\n","protected":false},"excerpt":{"rendered":"<p>GSL India &#8211; GSL, partner for stadium stands Leader en Asie du Sud Est de [&hellip;]<\/p>\n","protected":false},"author":1,"featured_media":0,"parent":1826,"menu_order":24,"comment_status":"closed","ping_status":"closed","template":"","meta":{"_acf_changed":false,"inline_featured_image":false,"footnotes":""},"class_list":["post-1840","page","type-page","status-publish","hentry"],"acf":[],"_links":{"self":[{"href":"https:\/\/www.alcor-equipements.com\/en\/wp-json\/wp\/v2\/pages\/1840","targetHints":{"allow":["GET"]}}],"collection":[{"href":"https:\/\/www.alcor-equipements.com\/en\/wp-json\/wp\/v2\/pages"}],"about":[{"href":"https:\/\/www.alcor-equipements.com\/en\/wp-json\/wp\/v2\/types\/page"}],"author":[{"embeddable":true,"href":"https:\/\/www.alcor-equipements.com\/en\/wp-json\/wp\/v2\/users\/1"}],"replies":[{"embeddable":true,"href":"https:\/\/www.alcor-equipements.com\/en\/wp-json\/wp\/v2\/comments?post=1840"}],"version-history":[{"count":2,"href":"https:\/\/www.alcor-equipements.com\/en\/wp-json\/wp\/v2\/pages\/1840\/revisions"}],"predecessor-version":[{"id":1843,"href":"https:\/\/www.alcor-equipements.com\/en\/wp-json\/wp\/v2\/pages\/1840\/revisions\/1843"}],"up":[{"embeddable":true,"href":"https:\/\/www.alcor-equipements.com\/en\/wp-json\/wp\/v2\/pages\/1826"}],"wp:attachment":[{"href":"https:\/\/www.alcor-equipements.com\/en\/wp-json\/wp\/v2\/media?parent=1840"}],"curies":[{"name":"wp","href":"https:\/\/api.w.org\/{rel}","templated":true}]}}