{"id":1801,"date":"2024-03-22T10:25:40","date_gmt":"2024-03-22T09:25:40","guid":{"rendered":"https:\/\/3b3ndbgbau.preview.infomaniak.website\/vente\/"},"modified":"2026-01-27T12:30:04","modified_gmt":"2026-01-27T11:30:04","slug":"grandstand-for-sale","status":"publish","type":"page","link":"https:\/\/www.alcor-equipements.com\/en\/grandstand-for-sale\/","title":{"rendered":"Sale of modular grandstand"},"content":{"rendered":"\n<p><\/p>\n\n\n\n<div class=\"wp-block-cover alignfull is-light deco\"><img loading=\"lazy\" decoding=\"async\" width=\"980\" height=\"735\" class=\"wp-block-cover__image-background wp-image-595\" alt=\"stade Francis Le Basser Laval Tribune Modulaire Stade 4508 places\" src=\"http:\/\/www.alcor-equipements.com\/wp-content\/uploads\/2024\/03\/stade-francis-basser-laval_24895b34cd8deca520d0367fdb5154d8.jpeg\" data-object-fit=\"cover\" srcset=\"https:\/\/www.alcor-equipements.com\/wp-content\/uploads\/2024\/03\/stade-francis-basser-laval_24895b34cd8deca520d0367fdb5154d8.jpeg 980w, https:\/\/www.alcor-equipements.com\/wp-content\/uploads\/2024\/03\/stade-francis-basser-laval_24895b34cd8deca520d0367fdb5154d8-300x225.jpeg 300w, https:\/\/www.alcor-equipements.com\/wp-content\/uploads\/2024\/03\/stade-francis-basser-laval_24895b34cd8deca520d0367fdb5154d8-768x576.jpeg 768w, https:\/\/www.alcor-equipements.com\/wp-content\/uploads\/2024\/03\/stade-francis-basser-laval_24895b34cd8deca520d0367fdb5154d8-170x128.jpeg 170w\" sizes=\"auto, (max-width: 980px) 100vw, 980px\" \/><span aria-hidden=\"true\" class=\"wp-block-cover__background has-white-background-color has-background-dim-70 has-background-dim\"><\/span><div class=\"wp-block-cover__inner-container is-layout-flow wp-block-cover-is-layout-flow\">\n<h1 class=\"wp-block-heading has-text-align-center is-style-main_title has-main-color-color has-text-color\">Sale of modular grandstand<\/h1>\n<\/div><\/div>\n\n\n\n<div class=\"wp-block-media-text alignwide is-stacked-on-mobile is-vertically-aligned-top is-image-fill-element photo_texte\" style=\"padding-top:80px;padding-bottom:80px\"><figure class=\"wp-block-media-text__media\"><img loading=\"lazy\" decoding=\"async\" width=\"980\" height=\"496\" src=\"http:\/\/www.alcor-equipements.com\/wp-content\/uploads\/2024\/03\/stade-armandie-agen_b968fc132f91eaf0df9f2f0d9eb34180.jpeg\" alt=\"stade Armandie Agen\" class=\"wp-image-623 size-full\" style=\"object-position:50% 50%\" srcset=\"https:\/\/www.alcor-equipements.com\/wp-content\/uploads\/2024\/03\/stade-armandie-agen_b968fc132f91eaf0df9f2f0d9eb34180.jpeg 980w, https:\/\/www.alcor-equipements.com\/wp-content\/uploads\/2024\/03\/stade-armandie-agen_b968fc132f91eaf0df9f2f0d9eb34180-300x152.jpeg 300w, https:\/\/www.alcor-equipements.com\/wp-content\/uploads\/2024\/03\/stade-armandie-agen_b968fc132f91eaf0df9f2f0d9eb34180-768x389.jpeg 768w, https:\/\/www.alcor-equipements.com\/wp-content\/uploads\/2024\/03\/stade-armandie-agen_b968fc132f91eaf0df9f2f0d9eb34180-170x86.jpeg 170w\" sizes=\"auto, (max-width: 980px) 100vw, 980px\" \/><\/figure><div class=\"wp-block-media-text__content\">\n<p>Alcor designs, manufactures, builds and sells <strong>modular grandstands<\/strong> for:<\/p>\n\n\n\n<ul class=\"wp-block-list\">\n<li>Stadiums (<a href=\"https:\/\/www.alcor-equipements.com\/en\/modular-extension-uson-stadium\/\">extension<\/a> or new construction): these grandstands are permanent<\/li>\n\n\n\n<li>Temporary sports and cultural events<\/li>\n\n\n\n<li>Professional rental companies that rent them to their clients<\/li>\n<\/ul>\n\n\n\n<p>We are leaders in France and present on 3 continents (Africa, Asia, and Europe). Thanks to our unique assembly system without screws or bolts and recognized global expertise, we build and install over 300,000 seats worldwide, every year.<\/p>\n<\/div><\/div>\n\n\n\n<div class=\"wp-block-cover alignfull\" style=\"padding-top:7.5rem;padding-right:0rem;padding-bottom:7.5rem;padding-left:0rem\"><img loading=\"lazy\" decoding=\"async\" width=\"2048\" height=\"1536\" class=\"wp-block-cover__image-background wp-image-1099\" alt=\"\" src=\"http:\/\/www.alcor-equipements.com\/wp-content\/uploads\/2024\/04\/alcor-img_3040-scaled.jpg\" data-object-fit=\"cover\" srcset=\"https:\/\/www.alcor-equipements.com\/wp-content\/uploads\/2024\/04\/alcor-img_3040-scaled.jpg 2048w, https:\/\/www.alcor-equipements.com\/wp-content\/uploads\/2024\/04\/alcor-img_3040-300x225.jpg 300w, https:\/\/www.alcor-equipements.com\/wp-content\/uploads\/2024\/04\/alcor-img_3040-1024x768.jpg 1024w, https:\/\/www.alcor-equipements.com\/wp-content\/uploads\/2024\/04\/alcor-img_3040-768x576.jpg 768w, https:\/\/www.alcor-equipements.com\/wp-content\/uploads\/2024\/04\/alcor-img_3040-1536x1152.jpg 1536w, https:\/\/www.alcor-equipements.com\/wp-content\/uploads\/2024\/04\/alcor-img_3040-170x128.jpg 170w\" sizes=\"auto, (max-width: 2048px) 100vw, 2048px\" \/><span aria-hidden=\"true\" class=\"wp-block-cover__background has-main-color-background-color has-background-dim-70 has-background-dim\"><\/span><div class=\"wp-block-cover__inner-container is-layout-flow wp-block-cover-is-layout-flow\">\n<div class=\"wp-block-columns alignwide is-layout-flex wp-container-core-columns-is-layout-9d6595d7 wp-block-columns-is-layout-flex\">\n<div class=\"wp-block-column is-layout-flow wp-block-column-is-layout-flow\" style=\"padding-top:0;padding-right:0;padding-bottom:0;padding-left:0;flex-basis:50%\">\n<div class=\"wp-block-group alignfull has-white-color has-text-color has-link-color wp-elements-9ac74c60b4e139aabc1fa86097297ab0\" style=\"padding-top:0;padding-right:var(--wp--preset--spacing--30);padding-bottom:0;padding-left:0\"><div class=\"wp-block-group__inner-container is-layout-constrained wp-container-core-group-is-layout-bb789ed2 wp-block-group-is-layout-constrained\">\n<h2 class=\"wp-block-heading alignfull has-text-align-left is-style-fourth_title has-white-color has-text-color\"><strong>Modular grandstands for sale<\/strong><\/h2>\n\n\n\n<hr class=\"wp-block-separator alignleft has-text-color has-snd-color-color has-alpha-channel-opacity has-snd-color-background-color has-background\"\/>\n\n\n\n<p>To assist you in your <strong>purchase of modular grandstands<\/strong>, whether for one-time events or permanent installations, our sales process is centered on a personalized and professional approach.<\/p>\n\n\n\n<p>From VIP seats, boxes, PRM areas, to seats in your club&#8217;s colors, with or without upholstery, we can work together on your project, develop your <strong>grandstand for sale<\/strong> according to your specifications, and create your custom stands, ensuring that we meet your needs and expectations.<\/p>\n\n\n\n<p><strong>Requirements Assessment<\/strong>: Detailed consultation to understand your <strong>specific requirements<\/strong>, the type of event, the expected number of spectators, and the unique characteristics of the location. This crucial step allows us to identify the most suitable solution for your situation.<\/p>\n\n\n\n<p><strong>Design and Innovation<\/strong>: Proposal of custom <strong>modular stands for sale<\/strong>, integrating detailed plans and 3D simulations to provide you with a clear vision of the final project. This proposal considers both functionality and aesthetics while scrupulously adhering to current safety standards.<\/p>\n<\/div><\/div>\n<\/div>\n\n\n\n<div class=\"wp-block-column is-layout-flow wp-block-column-is-layout-flow\" style=\"flex-basis:50%\">\n<div class=\"wp-block-group\" style=\"padding-top:0;padding-right:var(--wp--preset--spacing--30);padding-bottom:0;padding-left:0\"><div class=\"wp-block-group__inner-container is-layout-constrained wp-container-core-group-is-layout-bb789ed2 wp-block-group-is-layout-constrained\">\n<p><strong>Offer<\/strong>: Based on the chosen solution, we provide you with a detailed quote, remaining open to any necessary adjustments to ensure the final result.<\/p>\n\n\n\n<p><strong>Manufacturing<\/strong>: Using high-quality materials and efficient production, we commence the manufacturing of your modular stands. Each piece undergoes rigorous checks to ensure durability and safety.<\/p>\n\n\n\n<p><strong>Installation<\/strong>: With precision, safety, and experience, our installation team sets up your grandstand.<\/p>\n\n\n\n<p class=\"has-white-color has-text-color has-link-color wp-elements-4ac0b8692f23fd7a4bcfcb816b5e68e6\">We can also assist if needed in training your teams on the use and maintenance of your event or <a href=\"https:\/\/www.alcor-equipements.com\/en\/grandstand-stadium\/\">stadium grandstands<\/a>. Our teams remain available to answer your questions before, during, and after the installation of your stands.<\/p>\n\n\n\n<p class=\"has-white-color has-text-color has-link-color wp-elements-babe2b51243caa98d443b830b2138aa2\"><a href=\"https:\/\/www.alcor-equipements.com\/en\/contact-us\/\">Contact us<\/a> to find out how we can help enhance your cultural and sports spaces and events.<\/p>\n<\/div><\/div>\n<\/div>\n<\/div>\n<\/div><\/div>\n\n\n\n<div class=\"wp-block-columns is-style-deco is-layout-flex wp-container-core-columns-is-layout-29ddea0f wp-block-columns-is-layout-flex\" style=\"padding-top:80px;padding-bottom:80px\">\n<div class=\"wp-block-column is-layout-flow wp-block-column-is-layout-flow\">\n<h2 class=\"wp-block-heading has-text-align-center is-style-third_title has-grey-color has-text-color\" style=\"padding-bottom:0px\">Grandstand Purchase: Get Your Quote Now<\/h2>\n\n\n\n<hr class=\"wp-block-separator has-text-color has-snd-color-color has-alpha-channel-opacity has-snd-color-background-color has-background is-style-short-thick is-style-main_separator\"\/>\n\n\n\n<p>Looking to purchase a grandstand for a stadium, for rental, or any other purpose? Get a personalized quote now for high-quality, customizable grandstands tailored to your event or venue needs. Click on the button below!<\/p>\n\n\n\n<div class=\"wp-block-buttons is-content-justification-center is-layout-flex wp-container-core-buttons-is-layout-16018d1d wp-block-buttons-is-layout-flex\">\n<div class=\"wp-block-button is-style-fill-light\"><a class=\"wp-block-button__link wp-element-button\" href=\"https:\/\/www.alcor-equipements.com\/en\/contact-us\/\">contact us<\/a><\/div>\n<\/div>\n<\/div>\n<\/div>\n\n\n\n<div class=\"wp-block-group\"><div class=\"wp-block-group__inner-container is-layout-constrained wp-block-group-is-layout-constrained\">\n<h2 class=\"wp-block-heading has-text-align-center is-style-third_title has-main-color-color has-text-color has-link-color wp-elements-309a3758a12411d4b495b6e58b161e7b\">Our products<\/h2>\n\n\n\n<hr class=\"wp-block-separator has-text-color has-snd-color-color has-alpha-channel-opacity has-snd-color-background-color has-background is-style-short-thick\"\/>\n\n\n\n<div class=\"is-grid columns-3 wp-block-custom-blocks-latest-products\">\n\n\t\t\t\t<ul class='wp-block-custom-blocks-latest-products__filters'>\n\t\t\t\t<li>\n\t\t\t\t\t<button class=\"wp-block-custom-blocks-latest-products__filters__filter wp-block-custom-blocks-latest-products__filters__filter--active\">\n\t\t\t\t\t\tTous\t\t\t\t\t<\/button>\n\t\t\t\t<\/li>\n\t\t\t\t\t\t\t\t\t<li>\n\t\t\t\t\t\t<button \n\t\t\t\t\t\t\tclass='wp-block-custom-blocks-latest-products__filters__filter'\n\t\t\t\t\t\t\tdata-termid='15'>Vente\t\t\t\t\t\t<\/button>\n\t\t\t\t\t<\/li>\n\t\t\t\t\t\t\t\t\t<li>\n\t\t\t\t\t\t<button \n\t\t\t\t\t\t\tclass='wp-block-custom-blocks-latest-products__filters__filter'\n\t\t\t\t\t\t\tdata-termid='16'>Location\t\t\t\t\t\t<\/button>\n\t\t\t\t\t<\/li>\n\t\t\t\t\t\t\t\t\t<li>\n\t\t\t\t\t\t<button \n\t\t\t\t\t\t\tclass='wp-block-custom-blocks-latest-products__filters__filter'\n\t\t\t\t\t\t\tdata-termid='17'>International\t\t\t\t\t\t<\/button>\n\t\t\t\t\t<\/li>\n\t\t\t\t\t\t\t<\/ul>\n\t\t\n\t\t\t\t<ul \n\t\t\t\tclass = \"wp-block-custom-blocks-latest-products__list\"\n\t\t\t\t\t\t\t\t\tdata-post_type=\"produit\"\n\t\t\t\t\t\t\t\t\tdata-posts_per_page=\"6\"\n\t\t\t\t\t\t\t\t\tdata-order=\"desc\"\n\t\t\t\t\t\t\t\t\tdata-orderby=\"date\"\n\t\t\t\t\t\t\t\t\tdata-post_count=\"11\"\n\t\t\t\t\t\t\t\t\tdata-columns=\"3\"\n\t\t\t\t\t\t\t\t\tdata-display_loadmore=\"none\"\n\t\t\t\t\t\t\t\t\tdata-offset=\"6\"\n\t\t\t\t\t\t\t\t\tdata-layout=\"grid\"\n\t\t\t\t\t\t\t\t\tdata-display_picto=\"1\"\n\t\t\t\t\t\t\t>\n\t\t\t\t\t\t<li class=\"wp-block-custom-blocks-latest-products__post\">\n\t\t\t\n\t\t\t\t\t\t\t\t\t<div class=\"wp-block-custom-blocks-latest-products__post__picto\">\n                        <img decoding=\"async\" src=\"https:\/\/www.alcor-equipements.com\/wp-content\/uploads\/2024\/04\/alcor-productmobiles.svg\" alt=\"gradin mobile picto\" \/>\n\t\t\t\t\t<\/div>\n\t\t\t\t\n\t\t\t\t\t\t\t\t<div class='wp-block-custom-blocks-latest-products__post-content'>\n\n\t\t\t\t\t\t\t\t\t\t<a class=\"wp-block-custom-blocks-latest-products__post-title\" href=\"https:\/\/www.alcor-equipements.com\/en\/wooden-bleacher\/\">Wooden Bleachers<\/a>\n\n\t\t\t\t\t\n\t\t\t\t\t\n\t\t\t\t\t\n\t\t\t\t\t\t\t\t\t\t\n\t\t\t\t<\/div>\n\t\t\t\n\t\t\t\t\t\t\t<\/li>\n\t\t\t\t\t\t\t\t\t<li class=\"wp-block-custom-blocks-latest-products__post\">\n\t\t\t\n\t\t\t\t\t\t\t\t\t<div class=\"wp-block-custom-blocks-latest-products__post__picto\">\n                        <img decoding=\"async\" src=\"https:\/\/www.alcor-equipements.com\/wp-content\/uploads\/2024\/04\/alcor-productmobiles.svg\" alt=\"gradin mobile picto\" \/>\n\t\t\t\t\t<\/div>\n\t\t\t\t\n\t\t\t\t\t\t\t\t<div class='wp-block-custom-blocks-latest-products__post-content'>\n\n\t\t\t\t\t\t\t\t\t\t<a class=\"wp-block-custom-blocks-latest-products__post-title\" href=\"https:\/\/www.alcor-equipements.com\/en\/mobile-bleachers\/\">Mobile bleacher<\/a>\n\n\t\t\t\t\t\n\t\t\t\t\t\n\t\t\t\t\t\n\t\t\t\t\t\t\t\t\t\t\n\t\t\t\t<\/div>\n\t\t\t\n\t\t\t\t\t\t\t<\/li>\n\t\t\t\t\t\t\t\t\t<li class=\"wp-block-custom-blocks-latest-products__post\">\n\t\t\t\n\t\t\t\t\t\t\t\t\t<div class=\"wp-block-custom-blocks-latest-products__post__picto\">\n                        <img decoding=\"async\" src=\"https:\/\/www.alcor-equipements.com\/wp-content\/uploads\/2024\/04\/alcor-productstade.svg\" alt=\"\" \/>\n\t\t\t\t\t<\/div>\n\t\t\t\t\n\t\t\t\t\t\t\t\t<div class='wp-block-custom-blocks-latest-products__post-content'>\n\n\t\t\t\t\t\t\t\t\t\t<a class=\"wp-block-custom-blocks-latest-products__post-title\" href=\"https:\/\/www.alcor-equipements.com\/en\/stage-podium-platform-rental\/\">Stage and Modular Podium Rental<\/a>\n\n\t\t\t\t\t\n\t\t\t\t\t\n\t\t\t\t\t\n\t\t\t\t\t\t\t\t\t\t\n\t\t\t\t<\/div>\n\t\t\t\n\t\t\t\t\t\t\t<\/li>\n\t\t\t\t\t\t\t\t\t<li class=\"wp-block-custom-blocks-latest-products__post\">\n\t\t\t\n\t\t\t\t\t\t\t\t\t<div class=\"wp-block-custom-blocks-latest-products__post__picto\">\n                        <img decoding=\"async\" src=\"https:\/\/www.alcor-equipements.com\/wp-content\/uploads\/2024\/03\/alcor-productmobiles.svg\" alt=\"\" \/>\n\t\t\t\t\t<\/div>\n\t\t\t\t\n\t\t\t\t\t\t\t\t<div class='wp-block-custom-blocks-latest-products__post-content'>\n\n\t\t\t\t\t\t\t\t\t\t<a class=\"wp-block-custom-blocks-latest-products__post-title\" href=\"https:\/\/www.alcor-equipements.com\/en\/sports-stand\/\">Sports Stand<\/a>\n\n\t\t\t\t\t\n\t\t\t\t\t\n\t\t\t\t\t\n\t\t\t\t\t\t\t\t\t\t\n\t\t\t\t<\/div>\n\t\t\t\n\t\t\t\t\t\t\t<\/li>\n\t\t\t\t\t\t\t\t\t<li class=\"wp-block-custom-blocks-latest-products__post\">\n\t\t\t\n\t\t\t\t\t\t\t\t\t<div class=\"wp-block-custom-blocks-latest-products__post__picto\">\n                        <img decoding=\"async\" src=\"https:\/\/www.alcor-equipements.com\/wp-content\/uploads\/2024\/04\/alcor-1_-scaled.jpg\" alt=\"LE CHESNAY ROCQUENCOURT Tribune Mobile TM3\" \/>\n\t\t\t\t\t<\/div>\n\t\t\t\t\n\t\t\t\t\t\t\t\t<div class='wp-block-custom-blocks-latest-products__post-content'>\n\n\t\t\t\t\t\t\t\t\t\t<a class=\"wp-block-custom-blocks-latest-products__post-title\" href=\"https:\/\/www.alcor-equipements.com\/en\/50-seat-bleacher\/\">Alcor 50 Seat Bleacher: Rental and Sale for Any Event<\/a>\n\n\t\t\t\t\t\n\t\t\t\t\t\n\t\t\t\t\t\n\t\t\t\t\t\t\t\t\t\t\n\t\t\t\t<\/div>\n\t\t\t\n\t\t\t\t\t\t\t<\/li>\n\t\t\t\t\t\t\t\t\t<li class=\"wp-block-custom-blocks-latest-products__post\">\n\t\t\t\n\t\t\t\t\t\t\t\t\t<div class=\"wp-block-custom-blocks-latest-products__post__picto\">\n                        <img decoding=\"async\" src=\"https:\/\/www.alcor-equipements.com\/wp-content\/uploads\/2024\/04\/alcor-productevenementiel.svg\" alt=\"\" \/>\n\t\t\t\t\t<\/div>\n\t\t\t\t\n\t\t\t\t\t\t\t\t<div class='wp-block-custom-blocks-latest-products__post-content'>\n\n\t\t\t\t\t\t\t\t\t\t<a class=\"wp-block-custom-blocks-latest-products__post-title\" href=\"https:\/\/www.alcor-equipements.com\/en\/tubular-grandstand\/\">Tubular grandstand<\/a>\n\n\t\t\t\t\t\n\t\t\t\t\t\n\t\t\t\t\t\n\t\t\t\t\t\t\t\t\t\t\n\t\t\t\t<\/div>\n\t\t\t\n\t\t\t\t\t\t\t<\/li>\n\t\t\t\t\t\t\t\t<\/ul>\n\t\t\t\n\t\n<\/div><\/div><\/div>\n\n\n\n<div class=\"wp-block-cover alignfull deco\"><img loading=\"lazy\" decoding=\"async\" width=\"2560\" height=\"1920\" class=\"wp-block-cover__image-background wp-image-1334\" alt=\"Comit\u00e9 d'organisation France tir \u00e0 l'arc Ch\u00e2teau de vincennes_2022_1576places\" src=\"http:\/\/www.alcor-equipements.com\/wp-content\/uploads\/2024\/04\/alcor-img_1213-scaled.jpg\" data-object-fit=\"cover\" srcset=\"https:\/\/www.alcor-equipements.com\/wp-content\/uploads\/2024\/04\/alcor-img_1213-scaled.jpg 2560w, https:\/\/www.alcor-equipements.com\/wp-content\/uploads\/2024\/04\/alcor-img_1213-300x225.jpg 300w, https:\/\/www.alcor-equipements.com\/wp-content\/uploads\/2024\/04\/alcor-img_1213-1024x768.jpg 1024w, https:\/\/www.alcor-equipements.com\/wp-content\/uploads\/2024\/04\/alcor-img_1213-768x576.jpg 768w, https:\/\/www.alcor-equipements.com\/wp-content\/uploads\/2024\/04\/alcor-img_1213-1536x1152.jpg 1536w, https:\/\/www.alcor-equipements.com\/wp-content\/uploads\/2024\/04\/alcor-img_1213-2048x1536.jpg 2048w, https:\/\/www.alcor-equipements.com\/wp-content\/uploads\/2024\/04\/alcor-img_1213-170x128.jpg 170w\" sizes=\"auto, (max-width: 2560px) 100vw, 2560px\" \/><span aria-hidden=\"true\" class=\"wp-block-cover__background has-main-color-background-color has-background-dim-70 has-background-dim\"><\/span><div class=\"wp-block-cover__inner-container is-layout-flow wp-block-cover-is-layout-flow\">\n<h2 class=\"wp-block-heading has-text-align-center is-style-third_title has-white-color has-text-color\">A question ? <\/h2>\n\n\n\n<div style=\"height:47px\" aria-hidden=\"true\" class=\"wp-block-spacer\"><\/div>\n\n\n\n<div class=\"wp-block-buttons is-content-justification-center is-layout-flex wp-container-core-buttons-is-layout-16018d1d wp-block-buttons-is-layout-flex\">\n<div class=\"wp-block-button is-style-fill-light\"><a class=\"wp-block-button__link wp-element-button\" href=\"https:\/\/www.alcor-equipements.com\/en\/expertise\/#faqAnchor\">Check our faq<\/a><\/div>\n<\/div>\n<\/div><\/div>\n","protected":false},"excerpt":{"rendered":"<p>Grandstand Purchase: Get Your Quote Now Looking to purchase a grandstand for a stadium, for [&hellip;]<\/p>\n","protected":false},"author":1,"featured_media":0,"parent":0,"menu_order":67,"comment_status":"closed","ping_status":"closed","template":"","meta":{"_acf_changed":false,"inline_featured_image":false,"footnotes":""},"class_list":["post-1801","page","type-page","status-publish","hentry"],"acf":[],"_links":{"self":[{"href":"https:\/\/www.alcor-equipements.com\/en\/wp-json\/wp\/v2\/pages\/1801","targetHints":{"allow":["GET"]}}],"collection":[{"href":"https:\/\/www.alcor-equipements.com\/en\/wp-json\/wp\/v2\/pages"}],"about":[{"href":"https:\/\/www.alcor-equipements.com\/en\/wp-json\/wp\/v2\/types\/page"}],"author":[{"embeddable":true,"href":"https:\/\/www.alcor-equipements.com\/en\/wp-json\/wp\/v2\/users\/1"}],"replies":[{"embeddable":true,"href":"https:\/\/www.alcor-equipements.com\/en\/wp-json\/wp\/v2\/comments?post=1801"}],"version-history":[{"count":10,"href":"https:\/\/www.alcor-equipements.com\/en\/wp-json\/wp\/v2\/pages\/1801\/revisions"}],"predecessor-version":[{"id":5520,"href":"https:\/\/www.alcor-equipements.com\/en\/wp-json\/wp\/v2\/pages\/1801\/revisions\/5520"}],"wp:attachment":[{"href":"https:\/\/www.alcor-equipements.com\/en\/wp-json\/wp\/v2\/media?parent=1801"}],"curies":[{"name":"wp","href":"https:\/\/api.w.org\/{rel}","templated":true}]}}